{"id":994,"date":"2020-08-27T23:38:30","date_gmt":"2020-08-27T21:38:30","guid":{"rendered":"http:\/\/www.scouts284.org\/?page_id=994"},"modified":"2020-08-30T22:24:34","modified_gmt":"2020-08-30T20:24:34","slug":"campamento-virtual-aisa-2009","status":"publish","type":"page","link":"https:\/\/www.scouts284.org\/index.php\/campamento-virtual-aisa-2009\/","title":{"rendered":"Campamento Virtual A\u00edsa 2009"},"content":{"rendered":"\n<h4 class=\"wp-block-heading\"><strong><a href=\"https:\/\/photos.app.goo.gl\/s82TBuVUpAR7hHzz9\">\u00c1lbum de fotos de A\u00edsa 2009<\/a><\/strong><\/h4>\n\n\n\n<h3 class=\"wp-block-heading\">D\u00eda 11<\/h3>\n\n\n\n<p>Se cargaron los 2 camiones desde las 9 hasta las 12 de la ma\u00f1ana.<br>La Comisi\u00f3n de Material sali\u00f3 en la furgo hacia A\u00edsa sobre las 12:30 con 9 integrantes, antes ya se hab\u00edan ido otras 2 personas en autob\u00fas, y ma\u00f1ana ir\u00e1n otras 3 en coche.<\/p>\n\n\n\n<h3 class=\"wp-block-heading\">D\u00eda 12<\/h3>\n\n\n\n<p>La comisi\u00f3n descarg\u00f3 los camiones desde primera hora, y parece que les dio bastante bien, ya que entraron hasta dentro mismo del campamento, y no tuvieron que trasladar los materiales.<\/p>\n\n\n\n<p>Tambi\u00e9n empezaron la tirada de tuber\u00eda de agua hacia el campamento. La captaci\u00f3n se ha realizado en un barranco relativamente pr\u00f3ximo, con agua de monta\u00f1a limpia. Han conseguido llegar hasta unos 30 metros de la parcela y el agua llega con bastante presi\u00f3n, afortunadamente.<\/p>\n\n\n\n<p>A falta de que nos manden algo por escrito y alguna foto, esto es lo que os podemos transmitir por el momento.<\/p>\n\n\n\n<h3 class=\"wp-block-heading\">D\u00eda 13<\/h3>\n\n\n\n<p>La tarea principal de la comisi\u00f3n para hoy es el montaje de la estructura del comedor, que esperan terminar para el final del d\u00eda, y completar la tirada de tuber\u00eda hasta la parcela de campamento.<br>Tambi\u00e9n lleg\u00f3 la excavadora por la ma\u00f1ana, y esperan que haga todos los hoyos necesarios hoy mismo.<\/p>\n\n\n\n<p>A falta de que nos manden noticias por escrito, y alguna foto de ayer y de hoy, esto es lo que os podemos contar por el momento.<\/p>\n\n\n\n<h3 class=\"wp-block-heading\">D\u00eda 14<\/h3>\n\n\n\n<p><strong>Hoy hemos tenido algunas comunicaciones telef\u00f3nicas con el campamento, todo va bien, pero ayer tuvieron un problema de conexi\u00f3n del modem de internet y no pudieron mandar fotos.<br><br><\/strong>El trabajo previsto para el hoy ser\u00e1 el montaje de las letrinas, la terminaci\u00f3n de la instalaci\u00f3n de los toldos del comedor y cocina, el montaje de la propia cocina y peque\u00f1os trabajos en otras instalaciones. El agua ya llega al campamento, aunque habr\u00e1 que repasar los empalmes de la tuber\u00eda porque alguna tiene fugas.<\/p>\n\n\n\n<h3 class=\"wp-block-heading\">D\u00eda 18<\/h3>\n\n\n\n<p>Hoy han salido para realizar&nbsp; el raid la Tropa Scout Chacales, el Clan, la Comunidad R\u00f3ver&nbsp; y la Manada Wawbek-<br>La Tropa Scout Pumas ha estado todo el d\u00eda de excursi\u00f3n y han regresado par cenar en campamento su propia comida.<\/p>\n\n\n\n<p><strong>&#8211; Men\u00fas del d\u00eda:<\/strong><\/p>\n\n\n\n<blockquote class=\"wp-block-quote is-layout-flow wp-block-quote-is-layout-flow\"><p>&#8211; DESAYUNO: Leche caliente, pan con margarina y mermelada&nbsp;&nbsp;&nbsp;<br>&#8211; COMIDA:&nbsp; Espaguetis con carne y ensalada. Pl\u00e1tano de postre.<br>&#8211; CENA: Crema de verduras, croquetas,&nbsp;leche caliente con galletas<\/p><\/blockquote>\n\n\n\n<h3 class=\"wp-block-heading\">D\u00eda 20<\/h3>\n\n\n\n<p>Hoy ha sido el d\u00eda de descanso de los Scouters de Castores y la Caba\u00f1a se ha quedado a cargo de la Colonia de Castores. como ha hecho calor, se han organizado juegos con agua, un tobog\u00e1n, globos de agua y aspersor.<br>Por la tarde, un taller de arcilla y otro de disfraces de caballeros medievales. Cuando se ha nublado y hemos o\u00eddo los primeros truenos, se han preparado las tiendas y en el comedor se han continuado los talleres hasta la cena.&nbsp;&nbsp;<\/p>\n\n\n\n<p><strong>&#8211; Men\u00fas del d\u00eda:<\/strong><\/p>\n\n\n\n<blockquote class=\"wp-block-quote is-layout-flow wp-block-quote-is-layout-flow\"><p>&#8211; COMIDA:&nbsp;Espaguetis con carne y ensalada. De postre, naranjas (peladas).<br>&#8211; CENA: Sopa de fideos con jam\u00f3n y filetes de pollo empanados. Leche y galletas.<\/p><\/blockquote>\n\n\n\n<h3 class=\"wp-block-heading\">D\u00eda 22<\/h3>\n\n\n\n<p>Por la tarde han regresado las Manadas Waingunga y Dahind\u00e1, y la Tropa Scout Chacales de sus raids.<br>Por la ma\u00f1ana aunque ha hecho calor tambi\u00e9n hemos tenido mucho viento, y se ha soportado muy bien.<br>Como ver\u00e9is en las fotos, gran parte de la ma\u00f1ana la Caba\u00f1a ha estado cocinando un rico gazpacho y unas estupendas 647 alb\u00f3ndigas para la cena.<\/p>\n\n\n\n<p><strong>&#8211; Men\u00fas del d\u00eda:<\/strong><\/p>\n\n\n\n<blockquote class=\"wp-block-quote is-layout-flow wp-block-quote-is-layout-flow\"><p><strong>&#8211; COMIDA:&nbsp;&nbsp;Gazpacho y filetes de cerdo. Nectarinas.<br>&#8211; CENA:&nbsp;&nbsp;<\/strong>Crema de verduras y alb\u00f3ndigas guisadas, leche y galletas<\/p><\/blockquote>\n\n\n\n<h3 class=\"wp-block-heading\">D\u00eda 23<\/h3>\n\n\n\n<p>Por la&nbsp;tarde regresaron la Colonia de&nbsp; Castores y la Tropa Scout Chacales de sus raids. Por la ma\u00f1ana las Manadas salieron de excursi\u00f3n a celebrar el d\u00eda del Lobato y pasaron el d\u00eda fuera de campamento. Tambi\u00e9n la Tropa Chacales pas\u00f3 el d\u00eda fuera haciendo ca\u00f1ones.<strong><\/strong><\/p>\n\n\n\n<p><strong>&#8211; Men\u00fas del d\u00eda:<\/strong><\/p>\n\n\n\n<blockquote class=\"wp-block-quote is-layout-flow wp-block-quote-is-layout-flow\"><p>&#8211; COMIDA:&nbsp; Para las excursiones bocadillos y fruta, en campamento paella.<br>&#8211; CENA:&nbsp; Ensalada de pasta y empanadillas. Leche y galletas.<\/p><\/blockquote>\n\n\n\n<h3 class=\"wp-block-heading\">D\u00eda 24<\/h3>\n\n\n\n<p>Hoy ha sido el d\u00eda de descanso de los Scouters de Manada y Tropa. L@s troper@s han realizado su d\u00eda de patrullas por los alrededores del campamento y l@s lobatos han estado realizando juegos de agua y talleres por la ma\u00f1ana y por la tarde han estado revisando rastros de diversas especialidades.<br>Todo ha sido coordinado por miembros de la Caba\u00f1a, que adem\u00e1s ha estado preparando la comida de ma\u00f1ana, D\u00eda de Padres.&nbsp;&nbsp;&nbsp;<\/p>\n\n\n\n<p><strong>&#8211; Men\u00fas del d\u00eda:<\/strong><\/p>\n\n\n\n<blockquote class=\"wp-block-quote is-layout-flow wp-block-quote-is-layout-flow\"><p>&#8211; COMIDA:&nbsp; Guiso de carne con patatas y fruta<br>&#8211; CENA: Salchichas de carne con pur\u00e9 de patatas y huevos cocidos, leche y galletas.<\/p><\/blockquote>\n\n\n\n<h3 class=\"wp-block-heading\">D\u00eda 25<\/h3>\n\n\n\n<p><strong>D\u00cdA DE PADRES<br><\/strong><\/p>\n\n\n\n<p><strong>&#8211; Men\u00fas del d\u00eda:<\/strong><\/p>\n\n\n\n<blockquote class=\"wp-block-quote is-layout-flow wp-block-quote-is-layout-flow\"><p>&#8211; COMIDA:&nbsp; Ensalada Campera, pollo a la cerveza, sangr\u00eda, sand\u00eda y caf\u00e9 o t\u00e9.<br>&#8211; CENA:&nbsp; Crema de verduras y fiambre, leche con galletas.<\/p><\/blockquote>\n\n\n\n<h3 class=\"wp-block-heading\">D\u00eda 26<\/h3>\n\n\n\n<p><strong>FESTIVAL DE LA CANCI\u00d3N<br>&nbsp;&nbsp;&nbsp;&nbsp;&nbsp;<br>&nbsp;&nbsp;&nbsp;&nbsp; El resultado fue el siguiente: para representar al 284 en el Festival de la Canci\u00f3n Scout de Madrid, fue elegida la canci\u00f3n de Wawbek, y como ganadora del Festival 2009 del 284, la canci\u00f3n del Clan.<br><br><\/strong>Durantecasi todo el d\u00eda las unidades han estado realizando los Consejos y en los ratos libres preparando las canciones del festival, mientras la Comuna terminaba a toda prisa los preparativos para que todo estuviera listo para la noche. A media tarde volvieron del raid la Unidad Esculta y el Clan, todos tremendamente contentos y satisfechos.&nbsp;<\/p>\n\n\n\n<p><strong>&#8211; Men\u00fas del d\u00eda:<\/strong><\/p>\n\n\n\n<blockquote class=\"wp-block-quote is-layout-flow wp-block-quote-is-layout-flow\"><p>&#8211;&nbsp;COMIDA:&nbsp; Macarrones con carne y chorizo, ensalada y fruta.<br>&#8211; CENA:&nbsp; Jud\u00edas blancas en ensalada, barritas de pescado, leche y galletas.<\/p><\/blockquote>\n\n\n\n<p><\/p>\n","protected":false},"excerpt":{"rendered":"<p>\u00c1lbum de fotos de A\u00edsa 2009 D\u00eda 11 Se cargaron los 2 camiones desde las 9 hasta las 12 de la ma\u00f1ana.La Comisi\u00f3n de Material sali\u00f3 en la furgo hacia A\u00edsa sobre las 12:30 con 9 integrantes, antes ya se hab\u00edan ido otras 2 personas en autob\u00fas, y ma\u00f1ana ir\u00e1n [&hellip;]<\/p>\n","protected":false},"author":2,"featured_media":0,"parent":0,"menu_order":0,"comment_status":"closed","ping_status":"closed","template":"","meta":{"footnotes":""},"class_list":["post-994","page","type-page","status-publish","hentry"],"jetpack_sharing_enabled":true,"_links":{"self":[{"href":"https:\/\/www.scouts284.org\/index.php\/wp-json\/wp\/v2\/pages\/994","targetHints":{"allow":["GET"]}}],"collection":[{"href":"https:\/\/www.scouts284.org\/index.php\/wp-json\/wp\/v2\/pages"}],"about":[{"href":"https:\/\/www.scouts284.org\/index.php\/wp-json\/wp\/v2\/types\/page"}],"author":[{"embeddable":true,"href":"https:\/\/www.scouts284.org\/index.php\/wp-json\/wp\/v2\/users\/2"}],"replies":[{"embeddable":true,"href":"https:\/\/www.scouts284.org\/index.php\/wp-json\/wp\/v2\/comments?post=994"}],"version-history":[{"count":3,"href":"https:\/\/www.scouts284.org\/index.php\/wp-json\/wp\/v2\/pages\/994\/revisions"}],"predecessor-version":[{"id":1015,"href":"https:\/\/www.scouts284.org\/index.php\/wp-json\/wp\/v2\/pages\/994\/revisions\/1015"}],"wp:attachment":[{"href":"https:\/\/www.scouts284.org\/index.php\/wp-json\/wp\/v2\/media?parent=994"}],"curies":[{"name":"wp","href":"https:\/\/api.w.org\/{rel}","templated":true}]}}