{"id":971,"date":"2020-08-26T23:35:26","date_gmt":"2020-08-26T21:35:26","guid":{"rendered":"http:\/\/www.scouts284.org\/?page_id=971"},"modified":"2025-01-31T20:37:43","modified_gmt":"2025-01-31T19:37:43","slug":"campamento-virtual-besande-2010","status":"publish","type":"page","link":"https:\/\/www.scouts284.org\/index.php\/campamento-virtual-besande-2010\/","title":{"rendered":"Campamento Virtual Besande 2010"},"content":{"rendered":"\n<p><strong>Esta es la p\u00e1gina del Campamento Virtual 2010 en Besande.<\/strong><\/p>\n\n\n\n<p><strong>Todas las fotos est\u00e1n subidas a un \u00e1lbum del Grupo. Las ten\u00e9is en el siguiente enlace<\/strong><\/p>\n\n\n\n<h3 class=\"wp-block-heading\"><strong><a href=\"https:\/\/photos.app.goo.gl\/rNpDRBr5DVnMd4md9\">FOTOS DE CAMPAMENTO<\/a><\/strong><\/h3>\n\n\n\n<hr class=\"wp-block-separator has-css-opacity\"\/>\n\n\n\n<h3 class=\"wp-block-heading\"><strong><a href=\"https:\/\/www.scouts284.org\/index.php\/correos-recibidos-besande-2010\/\">CORREOS RECIBIDOS<\/a><\/strong><\/h3>\n\n\n\n<p><strong>Si quer\u00e9is pod\u00e9is seguir escribiendo comentarios sobre el Campamento.<br><br>La direcci\u00f3n sigue siendo la de siempre<\/strong>:&nbsp;<\/p>\n\n\n\n<h2 class=\"wp-block-heading\"><strong><a href=\"mailto:scouts284@gmail.com\">scouts284@gmail.com<\/a><\/strong><\/h2>\n\n\n\n<h3 class=\"wp-block-heading\"><a href=\"http:\/\/www.facebook.com\/group.php?gid=28429452137\" target=\"_blank\" rel=\"noreferrer noopener\">\u00danete al grupo de Facebook del 284<\/a><\/h3>\n\n\n\n<hr class=\"wp-block-separator has-css-opacity\"\/>\n\n\n\n<p><br>\u00daltima actualizaci\u00f3n<strong>: 1<\/strong><strong>&nbsp;Agosto, 19:45<\/strong><\/p>\n\n\n\n<p><strong>ACTUALIZADOS LOS \u00daLTIMOS CORREOS RECIBIDOS .<br><br>SUBIDAS 33 FOTOS DEL MONTAJE DEL CAMPA (SE LO DEB\u00cdAMOS)<br>SUBIDAS 19 FOTOS DEL PASE DE CASTORES A MANADA (FALTAN ALGUNAS)<br>SUBIDAS 45 FOTOS DE LOS PASES A ESCULTAS Y&nbsp;<\/strong><strong>16 DE CLAN<\/strong>.<strong><br>EN TOTAL 597 FOTOS SUBIDAS<br>YA EN MADRID, IR\u00c9 SUBIENDO TODAS LAS QUE FALTAN<br><\/strong><\/p>\n\n\n\n<hr class=\"wp-block-separator has-css-opacity\"\/>\n\n\n\n<p>V\u00eddeo de los&nbsp;<strong>Castores Waka-Waka<\/strong>&nbsp;al final de la p\u00e1gina<\/p>\n\n\n\n<hr class=\"wp-block-separator has-css-opacity\"\/>\n\n\n\n<h3 class=\"wp-block-heading\"><strong>YA DE VUELTA EN MADRID.<\/strong><\/h3>\n\n\n\n<h3 class=\"wp-block-heading\"><strong>GRACIAS A TODOS POR VUESTRO INTER\u00c9S<br>Y POR VUESTROS COMENTARIOS<br><br>DURANTE LA PR\u00d3XIMA SEMANA ACTUALIZAR\u00c9<br>TODO LO POSIBLE LA WEB<br><br>HASTA EL PR\u00d3XIMO CAMPAMENTO, BUENA CAZA.<\/strong><\/h3>\n\n\n\n<hr class=\"wp-block-separator has-css-opacity\"\/>\n\n\n\n<h2 class=\"wp-block-heading\"><strong>D\u00cdA 29<\/strong><\/h2>\n\n\n\n<p><br>PASES DE RAMAS<br><br>YA ESTAMOS DESMONTANDO EL CAMPAMENTO, Y EL CAMI\u00d3N APARCADO EN EL EXTERIOR DE LA CAMPA<br><br>CENA DE JEFES<br><br><\/p>\n\n\n\n<p><strong>Men\u00fas del d\u00eda:<\/strong><\/p>\n\n\n\n<p><strong>&#8211; Comida:<\/strong>&nbsp;Fideu\u00e1 con carne (plato \u00fanico) y fruta.<\/p>\n\n\n\n<p><strong>&#8211; Cena:&nbsp;<\/strong>Bocadillos y leche con galletas.<\/p>\n\n\n\n<hr class=\"wp-block-separator has-css-opacity\"\/>\n\n\n\n<h2 class=\"wp-block-heading\"><strong>D\u00cdA 28<\/strong><\/h2>\n\n\n\n<p><strong>ACTIVIDADES PARA HOY<\/strong><br><br>CEREMONIAS DE UNIDADES: Promesas, etapas, progresiones, etc&#8230;<br><br>FUEGO DE CAMPAMENTO<\/p>\n\n\n\n<p><strong>Men\u00fas del d\u00eda:<\/strong><\/p>\n\n\n\n<p><strong>&#8211; Comida:<\/strong>&nbsp;Guiso de garbanzos con tomate, lomo a la plancha y fruta.<\/p>\n\n\n\n<p><strong>&#8211; Cena:&nbsp;<\/strong>Salchichas de carne con pur\u00e9 de patatas y huevos cocidos, leche y galletas.<\/p>\n\n\n\n<hr class=\"wp-block-separator has-css-opacity\"\/>\n\n\n\n<h2 class=\"wp-block-heading\"><strong>D\u00cdA 27<\/strong><\/h2>\n\n\n\n<p>CANCI\u00d3N GANADORA DEL FESTIVAL SCOUT BESANDE 2010: EL CLAN<\/p>\n\n\n\n<p>CANCI\u00d3N QUE IR\u00c1 AL FESTIVAL DE MADRID: MANADA WAWBEK<\/p>\n\n\n\n<p><strong>Men\u00fas del d\u00eda:<\/strong><\/p>\n\n\n\n<p><strong>&#8211; Comida:<\/strong>&nbsp;Gazpacho, carne guisada con patatas y fruta.<\/p>\n\n\n\n<p><strong>&#8211; Cena:&nbsp;<\/strong>Ensalada de pasta,empanadillas, leche y galletas.<\/p>\n\n\n\n<hr class=\"wp-block-separator has-css-opacity\"\/>\n\n\n\n<h2 class=\"wp-block-heading\"><strong>D\u00cdA 26<\/strong><\/h2>\n\n\n\n<p>Ya estamos todos en campamento, el Clan y la Unidad Esculta han vuelto esta tarde y hasta les di\u00f3 tiempo de ducharse antes de la arriada.<br><br>Y ya est\u00e1 todo preparado para el Festival, las unidades han ensayado casi todo el d\u00eda y la Comuna ha dado los \u00faltimos retoques al montaje, luces, sonido y escenario.<br><br>Aunque ha surgido un peque\u00f1o problema: el grupo electr\u00f3geno peque\u00f1o ha dicho hasta aqu\u00ed llegu\u00e9. Se han replanteado las l\u00edneas de electricidad y parece que con el grande podremos atender todas las necesidades que tenemos en el campamento y dar servicio al Festival y al Fuego.<\/p>\n\n\n\n<p><strong>Men\u00fas del d\u00eda:<\/strong><\/p>\n\n\n\n<p><strong>&#8211; Comida:<\/strong>&nbsp;At\u00fan con tomate y arroz blanco y de postre fruta<\/p>\n\n\n\n<p><strong>&#8211; Cena:&nbsp;<\/strong>Pur\u00e9 de verduras y hamburguesas con patatas fritas, leche y galletas.<\/p>\n\n\n\n<hr class=\"wp-block-separator has-css-opacity\"\/>\n\n\n\n<h2 class=\"wp-block-heading\"><strong>D\u00cdA 25<\/strong><\/h2>\n\n\n\n<p><br><br><br><br><strong>Men\u00fas del d\u00eda:<\/strong><\/p>\n\n\n\n<p><strong>&#8211; Comida:<\/strong>&nbsp;Espaguetis con tomate y carne, ensalada y pl\u00e1tanos.<\/p>\n\n\n\n<p><strong>&#8211; Cena:<\/strong><br><\/p>\n\n\n\n<hr class=\"wp-block-separator has-css-opacity\"\/>\n\n\n\n<h2 class=\"wp-block-heading\"><strong>D\u00cdA 24<\/strong><\/h2>\n\n\n\n<p><br><br>Durante el d\u00eda procuraremos actualizar la informaci\u00f3n de ayer.<br><br><br><strong>Men\u00fas del d\u00eda:<\/strong><\/p>\n\n\n\n<p><strong>&#8211; Comida:<\/strong>&nbsp;Ensalada campera, pollo a la cerveza, sangr\u00eda, mel\u00f3n y sand\u00eda y caf\u00e9.<\/p>\n\n\n\n<p><strong>&#8211; Cena:&nbsp;<\/strong>Salchichas de carne con pur\u00e9 de patata y huevo duro, leche y galletas.<\/p>\n\n\n\n<h2 class=\"wp-block-heading\"><strong>DIA 23<\/strong><\/h2>\n\n\n\n<p>Hoy ha sido un d\u00eda digamos de \u00abtransici\u00f3n\u00bb, en el campamento nos estamos preparando para el gran d\u00eda de padres; la comida se ha empezado a elaborar esta misma tarde, as\u00ed ma\u00f1ana estar\u00e1 casi todo avanzado para comer a la hora prevista.<\/p>\n\n\n\n<p>Los jefes de Manada han tenido su d\u00eda de descanso, y se les ha acercado hasta Ria\u00f1o para pasar el d\u00eda.<br><br>A Alimoche le han realizado una cura de todas sus partes da\u00f1adas y se ha portado como todo un hombre \ud83d\ude09<br><br>Esta noche ha hecho bastante fr\u00edo (4,6\u00ba de m\u00edn.), pero despu\u00e9s ha templado (25,5\u00ba de m\u00e1x.) y con ligera brisa durante el todo el d\u00eda, que ha parado a la noche y hace menos fr\u00edo que ayer.<\/p>\n\n\n\n<p><strong><br>Men\u00fas del d\u00eda:<\/strong><\/p>\n\n\n\n<p><strong>&#8211; Comida:<\/strong>&nbsp;Alb\u00f3ndigas caseras con arroz blanco y fruta.&nbsp;<\/p>\n\n\n\n<p><strong>&#8211; Cena:&nbsp;<\/strong>Ensalada de pasta, empanadillas, leche y galletas.<\/p>\n\n\n\n<hr class=\"wp-block-separator has-css-opacity\"\/>\n\n\n\n<h2 class=\"wp-block-heading\"><strong>DIA 22<\/strong><\/h2>\n\n\n\n<p>Ayer por la ma\u00f1ana nuestro jefe de Caba\u00f1a Alimoche sufri\u00f3 un accidente subiendo un monte cercano a campamento, que gracias a Dios tuvo unas consecuencias relativamente leves: una fisura en la r\u00f3tula, un par de dedos del pie rotos, as\u00ed como peque\u00f1as heridas y un buen n\u00famero de moratones repartidos por todo el cuerpo.<br>As\u00ed que trendr\u00e1 que llevar la pierna izquierda y el antebrazo derecho escayolados, pero si todo va bien ir\u00e1 curando&nbsp; en las pr\u00f3ximas semanas.<br>A pesar de esta inmovilizaci\u00f3n, Alimoche y Mariajo han decidido continuar en campamento, por lo que si le ve\u00eds el d\u00eda de Padres podr\u00e9is saludarle en persona y os ense\u00f1ar\u00e1 el lugar del resbal\u00f3n.<br><br>Este fue el motivo por el que ayer no se actualiz\u00f3 la p\u00e1gina como otros d\u00edas, ya que que estuvimos algo ocupados, adem\u00e1s de&nbsp; visitas a unidades y diversas actividades.<br><br>Por otra parte, y dada la preocupaci\u00f3n en algunas madres y\/o padres, sobre la existencia en letrinas de ciertos elementos voladores provistos de aguij\u00f3n, tenemos la satisfacci\u00f3n de anunciar que que hemos conseguido que casi todos elijan otros lugares donde pasar sus vacaciones de verano.<\/p>\n\n\n\n<p>A esta hora (13:00) ya ha regresado Alimoche del hospital de Palencia, dolorido como es l\u00f3gico, pero contento de volver \u00aba casa\u00bb, los Castores les han preparado un recibimiento con pancsartas y carteles, ya pod\u00e9is ver las fotos.<br><br>Las Manadas y Tropas Scouts regresaron por la tarde para la arriada, y el campamento ya est\u00e1 casi al completo. Se han duchado casi todos, se ha arriado y ya han cenado.<\/p>\n\n\n\n<p>Hace bastante fresco, ya que ha estado soplando algo m\u00e1s que brisa durante todo el d\u00eda. Os recomendamos traeros ropita de abrigo para el s\u00e1bado, aunque las previsiones son de que van a subir las temperaturas.<br>A ultima hora ha cesado el viento y ha quedado una noche agradable.<br><br><\/p>\n\n\n\n<p><strong>Men\u00fas del d\u00eda:<\/strong><\/p>\n\n\n\n<p><strong>&#8211; Comida:<\/strong>&nbsp;Para los Castores: cocido madrile\u00f1o, la Caba\u00f1a improvisar\u00e1 algo ya que suspendimos el d\u00eda de Caba\u00f1a para acompa\u00f1ar a Alimoche en su regreso y celebrar el cumplea\u00f1os de M\u00e9ntrida<\/p>\n\n\n\n<p><strong>&#8211; Cena:&nbsp;<\/strong>Crema de verduras (ver foto), san jacobos (el Patr\u00f3n de la Caba\u00f1a), leche y galletas.<\/p>\n\n\n\n<hr class=\"wp-block-separator has-css-opacity\"\/>\n\n\n\n<h2 class=\"wp-block-heading\"><strong>DIA 21<\/strong><\/h2>\n\n\n\n<p>Los Castores acaban de volver de su \u00abra\u00edz\u00bb de casi dos d\u00edas (16:20)<br><\/p>\n\n\n\n<p><strong>Men\u00fas del d\u00eda:<\/strong><\/p>\n\n\n\n<p><strong>&#8211; Comida:<\/strong>&nbsp;Ensalada y filetes. de postre mel\u00f3n.<\/p>\n\n\n\n<p><strong>&#8211; Cena:&nbsp;<\/strong>Sopa de fideos, filetes de pollo empanados, leche y galletas<\/p>\n\n\n\n<h3 class=\"wp-block-heading\"><strong>DIA 20<\/strong><\/h3>\n\n\n\n<p>Que tristeza&#8230; hasta los Castores se nos han ido&#8230; eso s\u00ed, vaya tranquilidad&nbsp; \ud83d\ude09<\/p>\n\n\n\n<p>Como algunos nos ped\u00edais, y para que nos sigan acompa\u00f1ando aunque est\u00e9n fuera, hoy todas las fotos son de Castores, adem\u00e1s hemos subido algunas m\u00e1s de ayer de su excursi\u00f3n al r\u00edo.<\/p>\n\n\n\n<p>Pues ya s\u00f3lo quedamos en Campamento la Caba\u00f1a y algun@s enferm@s o lisiadill@s, hemos aprovechado para rematar algunos detalles est\u00e9ticos y funcionales del campamento, y ha quedado todo para foto del Hola (eso si tuvi\u00e9ramos alg\u00fan famoso por aqu\u00ed, aunque todo se andar\u00e1)<\/p>\n\n\n\n<p><strong>Men\u00fas del d\u00eda:<\/strong><\/p>\n\n\n\n<p><strong>&#8211; Comida:<\/strong>&nbsp;Crema de cebolla (especialidad de Almudena), filetes (con gazpacho de ayer) y fruta<\/p>\n\n\n\n<p><strong>&#8211; Cena:&nbsp;<\/strong>Hoy tenemos chef invitado, Miguel, nuestro panadero\/frutero\/tendero, nos va a hacer unos huevos estrellados (de sus gallinas de casa) con panceta, chorizitos y unas morcillas que se ha ido a comprar a no s\u00e9 donde. De postre, si sobrevivimos, estamos pensando hacer unos sorbetes de omeprazol y almax. Ya os contaremos ma\u00f1ana. ^^ &nbsp;&nbsp;&nbsp;<\/p>\n\n\n\n<p>M\u00ednima de la noche: 9,2\u00ba con poca humedad<br>M\u00e1xima del d\u00eda: 30,5\u00ba con ligera brisa, afortunadamente<\/p>\n\n\n\n<h3 class=\"wp-block-heading\"><strong>DIA 19<\/strong><\/h3>\n\n\n\n<p>Hoy nos han abandonado los Lobatos que se han ido de raid. Los Castores, y parte de la Caba\u00f1a con todas las Ardillas, se han ido de excursi\u00f3n (transportados por la Caba\u00f1a) hasta una playa fluvial a 8 Km. A la hora de comer se les ha bajado un bid\u00f3n con gazpacho y dos perolos de paella, lo que en campamento denominamos Tele Gazpacho-Paella.<\/p>\n\n\n\n<p><strong>Men\u00fas del d\u00eda:<\/strong><\/p>\n\n\n\n<p><strong>&#8211; Comida:<\/strong>&nbsp;Gazpacho y paella (ya est\u00e1n subidas las fotos), de postre fruta<\/p>\n\n\n\n<p><strong>&#8211; Cena:<\/strong>&nbsp;Crema de calabac\u00edn con queso, filetes de merluza empanada, leche y galletas &nbsp;<\/p>\n\n\n\n<p><br>Hoy ha hecho mucho calor, unos 32\u00ba (que os vamos a contar a los que est\u00e1is en Madrid) por que adem\u00e1s casi no hubo brisa. Ahora a las 23:30 tenemos 16\u00ba muy agradables.<\/p>\n\n\n\n<hr class=\"wp-block-separator has-css-opacity\"\/>\n\n\n\n<h2 class=\"wp-block-heading\"><strong>DIA 18<\/strong><\/h2>\n\n\n\n<p>Hoy han empezado a marcharse las Unidades. Despu\u00e9s de que ayer se fueran los Escultas, hoy han partido las Tropas Scouts, el Clan y la Comunidad Rover. Adem\u00e1s los Castores y los Lobatos han hecho una excursi\u00f3n por los alrededores hasta varias pozas de ba\u00f1o cercanas donde han comido.<\/p>\n\n\n\n<p>El d\u00eda a amanecido fresquito (6\u00ba a las 8 h.), despu\u00e9s ha ido templando y ha llegado a los 31\u00ba en la cocina, ya por la tarde se ha levantado brisa y nos ha aliviado un poco los calores.<\/p>\n\n\n\n<p><strong>Men\u00fas del d\u00eda:<\/strong><\/p>\n\n\n\n<p><strong>&#8211; Comida:<\/strong>&nbsp;Carne guisada con patatas fritas, ensalada y fruta (s\u00f3lo est\u00e1bamos la Caba\u00f1a)<\/p>\n\n\n\n<p><strong>&#8211; Cena:&nbsp;<\/strong>Crema de calabac\u00edn y otras verduras, croquetas de jam\u00f3n, leche y galletas<\/p>\n\n\n\n<hr class=\"wp-block-separator has-css-opacity\"\/>\n\n\n\n<h2 class=\"wp-block-heading\"><strong>DIA 17<\/strong><\/h2>\n\n\n\n<p><strong>D\u00eda del Grupo:&nbsp;<\/strong>Por la ma\u00f1ana se han realizado juegos, concursos por equipos y la presentaci\u00f3n de los temas de campamento de las unidades al resto de los acampados.<\/p>\n\n\n\n<p>Justo antes de comer se celebr\u00f3 el concurso de \u00abButan Powell\u00bb, que como pod\u00e9is ver en la foto del cartel, consist\u00eda en que las unidades presentaran accesorios de campamento de color naranja. Result\u00f3 una actividad muy simp\u00e1tica y con mucho \u00abcolor\u00bb.<\/p>\n\n\n\n<p>Por la tarde, despu\u00e9s de comer, hemos efectuado un simulacro de evacuaci\u00f3n de campamento (al que estamos obligados). Consist\u00eda en un supuesto incendio a dos horas de nuestra ubicaci\u00f3n, despu\u00e9s del toque de alarma, y tras dar las \u00f3rdenes a los reponsables de cada unidad, todos los acampados han salido ordenadamente (con su saco, aislante, ropa de abrigo y cantimplora), completando la evacuaci\u00f3n en 20 minutos justos (todo un \u00e9xito)<\/p>\n\n\n\n<p>A continuaci\u00f3n del simulacro han seguido las actividades del D\u00eda de la Fantas\u00eda, duchas de diversas Unidades y despu\u00e9s de la cena la Unidad Esculta parti\u00f3 hacia su raid de 9 d\u00edas.<\/p>\n\n\n\n<p>La temperatura max. a la sombra ha sido de 27,4\u00ba, ha estado bastante nublado por la ma\u00f1ana y a la tarde han alternado el sol con nubes.<\/p>\n\n\n\n<p><strong>Men\u00fas del d\u00eda:<\/strong><\/p>\n\n\n\n<p><strong>&#8211; Comida:<\/strong>&nbsp;Arroz Blanco, pollo con tomate y yogur de postre.<\/p>\n\n\n\n<p><strong>&#8211; Cena:&nbsp;<\/strong>Sopa de fideos, san jacobos, leche y galletas<\/p>\n\n\n\n<hr class=\"wp-block-separator has-css-opacity\"\/>\n\n\n\n<h2 class=\"wp-block-heading\"><strong>DIA 16<\/strong><\/h2>\n\n\n\n<p><strong>Actividades:&nbsp;<\/strong>Las Unidades siguieron pr\u00e1cticamente han terminado sus parcelas y las instalaciones generales de Campamento ya est\u00e1n todas finalizadas: sanidad, letrinas, agua potable, duchas y tiendas comunes.<\/p>\n\n\n\n<p>El tiempo durante el d\u00eda ha sido bueno, ni demasiado calor (24\u00ba de max. en la cocina), ni demasido fresco, aunque la m\u00ednima de noche s\u00ed baj\u00f3 a 5,5\u00ba, destacando que dentro de la tienda grande de Caba\u00f1a baj\u00f3 un poco m\u00e1s hasta los 5\u00ba, claro que como en ella s\u00f3lo duerme Pipo los dem\u00e1s ni se han enterado.<\/p>\n\n\n\n<p><strong>Men\u00fas del d\u00eda:<\/strong><\/p>\n\n\n\n<p><strong>&#8211; Comida:<\/strong>&nbsp;Lentejas guisadas, lomo de cerdo y de postre manzanas.<\/p>\n\n\n\n<p><strong>&#8211; Cena:&nbsp;<\/strong>Crema de verduras (naturales y riqu\u00edsimas), varitas de pescado, leche y galletas<\/p>\n\n\n\n<hr class=\"wp-block-separator has-css-opacity\"\/>\n\n\n\n<h2 class=\"wp-block-heading\"><strong>DIA 15<\/strong><\/h2>\n\n\n\n<p>El viaje fue fant\u00e1stico, ya que la carretera es estupenda. Llegamos a las 14:15 e inmediatamente comimos las ricas viandas que nos trajimos de Madrid. Despu\u00e9s las Unidades empezaron a montar las parcelas y la Caba\u00f1a con los miembros de la Comisi\u00f3n de LOES se dedicaron a rematar las instalaciones comunes de agua, cocina, tiendas comunes, letrinas, etc.<\/p>\n\n\n\n<hr class=\"wp-block-separator has-css-opacity\"\/>\n\n\n\n<figure class=\"wp-block-embed is-type-video is-provider-youtube wp-block-embed-youtube wp-embed-aspect-4-3 wp-has-aspect-ratio\"><div class=\"wp-block-embed__wrapper\">\n<iframe loading=\"lazy\" title=\"284 WAKA WAKA\" width=\"750\" height=\"563\" src=\"https:\/\/www.youtube.com\/embed\/9G9EkmosMxs?feature=oembed\" frameborder=\"0\" allow=\"accelerometer; autoplay; encrypted-media; gyroscope; picture-in-picture\" allowfullscreen><\/iframe>\n<\/div><\/figure>\n\n\n\n<hr class=\"wp-block-separator has-css-opacity\"\/>\n\n\n\n<p><object width=\"500\" height=\"405\"><\/object><\/p>\n","protected":false},"excerpt":{"rendered":"<p>Esta es la p\u00e1gina del Campamento Virtual 2010 en Besande. Todas las fotos est\u00e1n subidas a un \u00e1lbum del Grupo. Las ten\u00e9is en el siguiente enlace FOTOS DE CAMPAMENTO CORREOS RECIBIDOS Si quer\u00e9is pod\u00e9is seguir escribiendo comentarios sobre el Campamento. La direcci\u00f3n sigue siendo la de siempre:&nbsp; scouts284@gmail.com \u00danete al [&hellip;]<\/p>\n","protected":false},"author":2,"featured_media":0,"parent":0,"menu_order":0,"comment_status":"closed","ping_status":"closed","template":"","meta":{"footnotes":""},"class_list":["post-971","page","type-page","status-publish","hentry"],"jetpack_sharing_enabled":true,"_links":{"self":[{"href":"https:\/\/www.scouts284.org\/index.php\/wp-json\/wp\/v2\/pages\/971","targetHints":{"allow":["GET"]}}],"collection":[{"href":"https:\/\/www.scouts284.org\/index.php\/wp-json\/wp\/v2\/pages"}],"about":[{"href":"https:\/\/www.scouts284.org\/index.php\/wp-json\/wp\/v2\/types\/page"}],"author":[{"embeddable":true,"href":"https:\/\/www.scouts284.org\/index.php\/wp-json\/wp\/v2\/users\/2"}],"replies":[{"embeddable":true,"href":"https:\/\/www.scouts284.org\/index.php\/wp-json\/wp\/v2\/comments?post=971"}],"version-history":[{"count":4,"href":"https:\/\/www.scouts284.org\/index.php\/wp-json\/wp\/v2\/pages\/971\/revisions"}],"predecessor-version":[{"id":3348,"href":"https:\/\/www.scouts284.org\/index.php\/wp-json\/wp\/v2\/pages\/971\/revisions\/3348"}],"wp:attachment":[{"href":"https:\/\/www.scouts284.org\/index.php\/wp-json\/wp\/v2\/media?parent=971"}],"curies":[{"name":"wp","href":"https:\/\/api.w.org\/{rel}","templated":true}]}}