{"id":955,"date":"2020-08-26T23:10:51","date_gmt":"2020-08-26T21:10:51","guid":{"rendered":"http:\/\/www.scouts284.org\/?page_id=955"},"modified":"2020-08-26T23:22:58","modified_gmt":"2020-08-26T21:22:58","slug":"campamento-2011","status":"publish","type":"page","link":"https:\/\/www.scouts284.org\/index.php\/campamento-2011\/","title":{"rendered":"Campamento 2011"},"content":{"rendered":"\n<h4 class=\"wp-block-heading\"><strong>Enlace al\u00a0<a href=\"https:\/\/www.scouts284.org\/index.php\/campamento-virtual-villanova-2011\/\">CAMPAMENTO VIRTUAL VILLANOVA 2011<\/a><\/strong><\/h4>\n\n\n\n<h4 class=\"wp-block-heading\"><strong>Enlace a <a href=\"https:\/\/www.scouts284.org\/index.php\/correos-recibidos-villanova-2011\/\">CORREOS RECIBIDOS VILLANOVA 2011<\/a><\/strong><\/h4>\n\n\n\n<p><strong>Desde el d\u00eda 15 y hasta el 30 vamos a estar de Campamento,<\/strong><\/p>\n\n\n\n<p><strong>y en estas p\u00e1ginas iremos mostrando lo que<\/strong> <strong>hacemos y vivimos durante estos d\u00edas.<\/strong><\/p>\n\n\n\n<p><strong>Ya pod\u00e9is ver todas las fotos que subimos cada noche.<\/strong><\/p>\n\n\n\n<p><strong>La direcci\u00f3n de correo es:&nbsp;&nbsp;<a href=\"mailto:scouts284@gmail.com\">scouts284@gmail.com<\/a>&nbsp; \u00a1esperamos vuestros comentarios!<\/strong><\/p>\n","protected":false},"excerpt":{"rendered":"<p>Enlace al\u00a0CAMPAMENTO VIRTUAL VILLANOVA 2011 Enlace a CORREOS RECIBIDOS VILLANOVA 2011 Desde el d\u00eda 15 y hasta el 30 vamos a estar de Campamento, y en estas p\u00e1ginas iremos mostrando lo que hacemos y vivimos durante estos d\u00edas. Ya pod\u00e9is ver todas las fotos que subimos cada noche. La direcci\u00f3n [&hellip;]<\/p>\n","protected":false},"author":2,"featured_media":0,"parent":0,"menu_order":0,"comment_status":"closed","ping_status":"closed","template":"","meta":{"footnotes":""},"class_list":["post-955","page","type-page","status-publish","hentry"],"jetpack_sharing_enabled":true,"_links":{"self":[{"href":"https:\/\/www.scouts284.org\/index.php\/wp-json\/wp\/v2\/pages\/955","targetHints":{"allow":["GET"]}}],"collection":[{"href":"https:\/\/www.scouts284.org\/index.php\/wp-json\/wp\/v2\/pages"}],"about":[{"href":"https:\/\/www.scouts284.org\/index.php\/wp-json\/wp\/v2\/types\/page"}],"author":[{"embeddable":true,"href":"https:\/\/www.scouts284.org\/index.php\/wp-json\/wp\/v2\/users\/2"}],"replies":[{"embeddable":true,"href":"https:\/\/www.scouts284.org\/index.php\/wp-json\/wp\/v2\/comments?post=955"}],"version-history":[{"count":6,"href":"https:\/\/www.scouts284.org\/index.php\/wp-json\/wp\/v2\/pages\/955\/revisions"}],"predecessor-version":[{"id":965,"href":"https:\/\/www.scouts284.org\/index.php\/wp-json\/wp\/v2\/pages\/955\/revisions\/965"}],"wp:attachment":[{"href":"https:\/\/www.scouts284.org\/index.php\/wp-json\/wp\/v2\/media?parent=955"}],"curies":[{"name":"wp","href":"https:\/\/api.w.org\/{rel}","templated":true}]}}