{"id":938,"date":"2020-07-26T21:13:41","date_gmt":"2020-07-26T19:13:41","guid":{"rendered":"http:\/\/www.scouts284.org\/?page_id=938"},"modified":"2020-08-26T23:01:29","modified_gmt":"2020-08-26T21:01:29","slug":"campamento-2012","status":"publish","type":"page","link":"https:\/\/www.scouts284.org\/index.php\/campamento-2012\/","title":{"rendered":"Campamento 2012"},"content":{"rendered":"\n<h3 class=\"wp-block-heading\">Presentaci\u00f3n de \u00abPuente del Arrudo 2012\u00bb<\/h3>\n\n\n\n<hr class=\"wp-block-separator\"\/>\n\n\n\n<ul class=\"wp-block-list\"><li><a href=\"https:\/\/www.scouts284.org\/index.php\/campamento-virtual-puente-del-arrudo-2012\/\">ENLACE AL CAMPAMENTO VIRTUAL 2012<\/a><\/li><li><a href=\"https:\/\/www.scouts284.org\/index.php\/correos-recibidos-puente-del-arrudo-2012\/\">ENLACE A CORREOS RECIBIDOS EN CAMPAMENTO<\/a><\/li><\/ul>\n\n\n\n<hr class=\"wp-block-separator\"\/>\n\n\n\n<p>El pr\u00f3ximo campamento de verano ser\u00e1 en Puente del Arrudo, en el municipio de Herrer\u00edas, Cantabria, cerca de San Vicente de la Barquera, y cerca de los Picos de Europa.<\/p>\n\n\n\n<figure class=\"wp-block-image size-large\"><img loading=\"lazy\" decoding=\"async\" width=\"530\" height=\"530\" src=\"https:\/\/www.scouts284.org\/wp-content\/uploads\/2020\/07\/PuenteArrudo_1-50000s.jpg\" alt=\"\" class=\"wp-image-939\"\/><\/figure>\n\n\n\n<p class=\"has-text-align-center\">\u00a9 INSTITUTO GEOGR\u00c1FICO NACIONAL<\/p>\n\n\n\n<p>En Google Maps se puede ver la&nbsp;<a href=\"https:\/\/maps.google.com\/maps?&amp;q=Puente+del+Arrudo,+Herrer%C3%ADas,+Cantabria,+Espa%C3%B1a\" target=\"_blank\" rel=\"noreferrer noopener\">situaci\u00f3n de Puente del Arrudo<\/a>, en el valle del r\u00edo Nansa.<\/p>\n\n\n\n<p>Una ubicaci\u00f3n privilegiada para acercarse a la playa del San Vicente de la Barquera, en el Cant\u00e1brico, o tirando hacia Picos de Europa, a la Garganta del Cares, el Naranjo de Bulnes o Fuente D\u00e9.<\/p>\n\n\n\n<p>Una recomendaci\u00f3n: cogiendo el telef\u00e9rico de Fuente D\u00e9, que te deja a 1820 metros de altitud, hay varias posibilidades de rutas por un entorno precioso, tanto yendo hacia el Refugio de \u00c1liva (m\u00e1s apropiado para las tropas) como hacia el Naranjo de Bulnes&nbsp;<a href=\"http:\/\/www.planetazul.es\/DESCRIPCION_RUTAS\/horcados_rojos.html\" target=\"_blank\" rel=\"noreferrer noopener\">pasando por el Collado de Horcados Rojos<\/a>&nbsp;(m\u00e1s apropiado para escultas).<\/p>\n\n\n\n<p>Una idea: el&nbsp;<a href=\"http:\/\/www.spain.info\/es\/disfruta\/con_el_deporte\/senderos\/cantabria\/gr_71_sendero_de_la_reserva_de_saja.html\" target=\"_blank\" rel=\"noreferrer noopener\">GR-71, el Sendero de la Reserva de Saja<\/a>, es una ruta de 8 etapas que atraviesa el Parque Natural Saja-Nansa, que va desde B\u00e1rcena de Pie de Concha a Sotres.<\/p>\n\n\n\n<p>\u00a1Muchas gracias a la Comisi\u00f3n de b\u00fasqueda de sitio de campamento!<\/p>\n\n\n\n<p>\u00a9 INSTITUTO GEOGR\u00c1FICO NACIONAL<\/p>\n\n\n\n<p>En Google Maps se puede ver la&nbsp;<a href=\"https:\/\/maps.google.com\/maps?&amp;q=Puente+del+Arrudo,+Herrer%C3%ADas,+Cantabria,+Espa%C3%B1a\" target=\"_blank\" rel=\"noreferrer noopener\">situaci\u00f3n de Puente del Arrudo<\/a>, en el valle del r\u00edo Nansa.<\/p>\n\n\n\n<p>Una ubicaci\u00f3n privilegiada para acercarse a la playa del San Vicente de la Barquera, en el Cant\u00e1brico, o tirando hacia Picos de Europa, a la Garganta del Cares, el Naranjo de Bulnes o Fuente D\u00e9.<\/p>\n\n\n\n<p>Una recomendaci\u00f3n: cogiendo el telef\u00e9rico de Fuente D\u00e9, que te deja a 1820 metros de altitud, hay varias posibilidades de rutas por un entorno precioso, tanto yendo hacia el Refugio de \u00c1liva (m\u00e1s apropiado para las tropas) como hacia el Naranjo de Bulnes&nbsp;<a href=\"http:\/\/www.planetazul.es\/DESCRIPCION_RUTAS\/horcados_rojos.html\" target=\"_blank\" rel=\"noreferrer noopener\">pasando por el Collado de Horcados Rojos<\/a>&nbsp;(m\u00e1s apropiado para escultas).<\/p>\n\n\n\n<p>Una idea: el&nbsp;<a href=\"http:\/\/www.spain.info\/es\/disfruta\/con_el_deporte\/senderos\/cantabria\/gr_71_sendero_de_la_reserva_de_saja.html\" target=\"_blank\" rel=\"noreferrer noopener\">GR-71, el Sendero de la Reserva de Saja<\/a>, es una ruta de 8 etapas que atraviesa el Parque Natural Saja-Nansa, que va desde B\u00e1rcena de Pie de Concha a Sotres.<\/p>\n\n\n\n<p>\u00a1Muchas gracias a la Comisi\u00f3n de b\u00fasqueda de sitio de campamento!<\/p>\n\n\n\n<p>Una visi\u00f3n m\u00e1s cercana del campamento:<\/p>\n\n\n\n<figure class=\"wp-block-image size-large\"><img loading=\"lazy\" decoding=\"async\" width=\"603\" height=\"450\" src=\"https:\/\/www.scouts284.org\/wp-content\/uploads\/2020\/07\/PuenteArrudo_2.jpg\" alt=\"\" class=\"wp-image-940\"\/><\/figure>\n\n\n\n<p class=\"has-text-align-center\">\u00a9 Google Image y SIPAG<\/p>\n","protected":false},"excerpt":{"rendered":"<p>Presentaci\u00f3n de \u00abPuente del Arrudo 2012\u00bb ENLACE AL CAMPAMENTO VIRTUAL 2012 ENLACE A CORREOS RECIBIDOS EN CAMPAMENTO El pr\u00f3ximo campamento de verano ser\u00e1 en Puente del Arrudo, en el municipio de Herrer\u00edas, Cantabria, cerca de San Vicente de la Barquera, y cerca de los Picos de Europa. \u00a9 INSTITUTO GEOGR\u00c1FICO [&hellip;]<\/p>\n","protected":false},"author":2,"featured_media":0,"parent":0,"menu_order":0,"comment_status":"closed","ping_status":"closed","template":"","meta":{"footnotes":""},"class_list":["post-938","page","type-page","status-publish","hentry"],"jetpack_sharing_enabled":true,"_links":{"self":[{"href":"https:\/\/www.scouts284.org\/index.php\/wp-json\/wp\/v2\/pages\/938","targetHints":{"allow":["GET"]}}],"collection":[{"href":"https:\/\/www.scouts284.org\/index.php\/wp-json\/wp\/v2\/pages"}],"about":[{"href":"https:\/\/www.scouts284.org\/index.php\/wp-json\/wp\/v2\/types\/page"}],"author":[{"embeddable":true,"href":"https:\/\/www.scouts284.org\/index.php\/wp-json\/wp\/v2\/users\/2"}],"replies":[{"embeddable":true,"href":"https:\/\/www.scouts284.org\/index.php\/wp-json\/wp\/v2\/comments?post=938"}],"version-history":[{"count":3,"href":"https:\/\/www.scouts284.org\/index.php\/wp-json\/wp\/v2\/pages\/938\/revisions"}],"predecessor-version":[{"id":952,"href":"https:\/\/www.scouts284.org\/index.php\/wp-json\/wp\/v2\/pages\/938\/revisions\/952"}],"wp:attachment":[{"href":"https:\/\/www.scouts284.org\/index.php\/wp-json\/wp\/v2\/media?parent=938"}],"curies":[{"name":"wp","href":"https:\/\/api.w.org\/{rel}","templated":true}]}}