{"id":924,"date":"2020-07-26T20:42:12","date_gmt":"2020-07-26T18:42:12","guid":{"rendered":"http:\/\/www.scouts284.org\/?page_id=924"},"modified":"2020-07-26T20:52:05","modified_gmt":"2020-07-26T18:52:05","slug":"campamento-2013","status":"publish","type":"page","link":"https:\/\/www.scouts284.org\/index.php\/campamento-2013\/","title":{"rendered":"Campamento 2013"},"content":{"rendered":"\n<h2 class=\"wp-block-heading\">Arranca el Campamento Virtual 2013<\/h2>\n\n\n\n<p>\u00a1Ya estamos retransmitiendo el montaje de campa a trav\u00e9s de la&nbsp;<strong><a href=\"https:\/\/www.scouts284.org\/index.php\/campamento-virtual-fiscal-2013\/\">p\u00e1gina web del Campamento Virtual Fiscal 2013<\/a><\/strong>! <\/p>\n\n\n\n<p>Tambi\u00e9n empezamos a tener alg\u00fan correo en la\u00a0<strong><a href=\"https:\/\/www.scouts284.org\/index.php\/correos-recibidos-fiscal-2013\/\">p\u00e1gina de los Correos recibidos en campamento<\/a><\/strong>, os recordamos que pod\u00e9is escribirnos a\u00a0<a href=\"mailto:scouts284@gmail.com\">scouts284@gmail.com<\/a>. \u00a1\u00a1Animaos, que nos encanta leeros desde campa!!<\/p>\n\n\n\n<h3 class=\"wp-block-heading\">Retransmisi\u00f3n en directo del Fuego<\/h3>\n\n\n\n<p>Esta noche vamos a transmitir, Dios Mediante, el v\u00eddeo en directo del&nbsp;<strong>Fuego de Campamento<\/strong>&nbsp;por Internet. Para conectarse a la retransmisi\u00f3n hace falta un PC con Windows (o con Mac funciona con el VLC), y&nbsp;pinchar en el enlace:<\/p>\n\n\n\n<p><a href=\"mms:\/\/wm.mad.interhost.com\/scouts284\">mms:\/\/wm.mad.interhost.com\/scouts284<\/a><\/p>\n\n\n\n<p>El Fuego empieza&nbsp;<strong>a las 22:00 de hoy, 26 de julio<\/strong>. Por favor tened paciencia si&nbsp;no empieza puntual. Esta vez lo vamos a hacer con otra c\u00e1mara y otro ordenador m\u00e1s modernos.&nbsp;\u00a1Os esperamos!&nbsp;<\/p>\n","protected":false},"excerpt":{"rendered":"<p>Arranca el Campamento Virtual 2013 \u00a1Ya estamos retransmitiendo el montaje de campa a trav\u00e9s de la&nbsp;p\u00e1gina web del Campamento Virtual Fiscal 2013! Tambi\u00e9n empezamos a tener alg\u00fan correo en la\u00a0p\u00e1gina de los Correos recibidos en campamento, os recordamos que pod\u00e9is escribirnos a\u00a0scouts284@gmail.com. \u00a1\u00a1Animaos, que nos encanta leeros desde campa!! Retransmisi\u00f3n [&hellip;]<\/p>\n","protected":false},"author":2,"featured_media":0,"parent":0,"menu_order":0,"comment_status":"closed","ping_status":"closed","template":"","meta":{"footnotes":""},"class_list":["post-924","page","type-page","status-publish","hentry"],"jetpack_sharing_enabled":true,"_links":{"self":[{"href":"https:\/\/www.scouts284.org\/index.php\/wp-json\/wp\/v2\/pages\/924","targetHints":{"allow":["GET"]}}],"collection":[{"href":"https:\/\/www.scouts284.org\/index.php\/wp-json\/wp\/v2\/pages"}],"about":[{"href":"https:\/\/www.scouts284.org\/index.php\/wp-json\/wp\/v2\/types\/page"}],"author":[{"embeddable":true,"href":"https:\/\/www.scouts284.org\/index.php\/wp-json\/wp\/v2\/users\/2"}],"replies":[{"embeddable":true,"href":"https:\/\/www.scouts284.org\/index.php\/wp-json\/wp\/v2\/comments?post=924"}],"version-history":[{"count":3,"href":"https:\/\/www.scouts284.org\/index.php\/wp-json\/wp\/v2\/pages\/924\/revisions"}],"predecessor-version":[{"id":932,"href":"https:\/\/www.scouts284.org\/index.php\/wp-json\/wp\/v2\/pages\/924\/revisions\/932"}],"wp:attachment":[{"href":"https:\/\/www.scouts284.org\/index.php\/wp-json\/wp\/v2\/media?parent=924"}],"curies":[{"name":"wp","href":"https:\/\/api.w.org\/{rel}","templated":true}]}}