{"id":889,"date":"2020-07-25T12:33:51","date_gmt":"2020-07-25T10:33:51","guid":{"rendered":"http:\/\/www.scouts284.org\/?page_id=889"},"modified":"2020-07-25T20:06:35","modified_gmt":"2020-07-25T18:06:35","slug":"campamento-2015","status":"publish","type":"page","link":"https:\/\/www.scouts284.org\/index.php\/campamento-2015\/","title":{"rendered":"Campamento 2015"},"content":{"rendered":"\n<h2 class=\"wp-block-heading\">\u00a1 Bienvenidos !<\/h2>\n\n\n\n<p>Esta es la p\u00e1gina del Campamento&nbsp;<strong>Villanova &#8211; 2015<\/strong>, del Grupo Scout 284 &#8211; Reina del Cielo.<\/p>\n\n\n\n<p>Desde aqu\u00ed puedes acceder a las p\u00e1ginas de:<\/p>\n\n\n\n<h3 class=\"wp-block-heading\"><a href=\"https:\/\/www.scouts284.org\/index.php\/campamento-virtual-villanova-2015\/\">Campamento Virtual<\/a><\/h3>\n\n\n\n<h3 class=\"wp-block-heading\"><a href=\"https:\/\/www.scouts284.org\/index.php\/correos-recibidos-villanova-2015\/\">Correos enviados al campamento<\/a>\u00a0<\/h3>\n\n\n\n<p>Volvemos a Villanova, un sitio maravillosamente situado en el valle de Benasque, a los pies del Pico Aneto:<\/p>\n\n\n\n<figure class=\"wp-block-image size-large\"><a href=\"https:\/\/www.scouts284.org\/wp-content\/uploads\/2020\/07\/Situacion_Villanova.jpg\"><img loading=\"lazy\" decoding=\"async\" width=\"1641\" height=\"1000\" src=\"https:\/\/www.scouts284.org\/wp-content\/uploads\/2020\/07\/Situacion_Villanova.jpg\" alt=\"\" class=\"wp-image-890\"\/><\/a><\/figure>\n\n\n\n<p class=\"has-text-align-center\"><em>(pincha sobre la imagen para verla m\u00e1s grande)<\/em><\/p>\n\n\n\n<p>Conocemos bien el sitio porque estuvimos en el a\u00f1o 2011 y fue un campamento muy bueno: en pleno Pirineo y s\u00f3lo llovi\u00f3 un par de noches, y nunca de d\u00eda, mientras que en Benasque (a unos 9 Km) hac\u00eda un tiempo completamente distinto, con mucha m\u00e1s lluvia y fr\u00edo.<\/p>\n\n\n\n<p>Pero las monta\u00f1as son sorprendentes, as\u00ed que&#8230; \u00a1no hay que confiarse! (menos mal que \u00faltimamente en la carta de padres ya no pone en la lista de material: \u00ab- Abrigo (las noches son frescas)\u00bb; ahora pone: \u00ab- Abrigo (las noches son&nbsp;<em>fr\u00edas<\/em>)\u00bb!). Y aunque la otra vez apenas llovi\u00f3, \u00a1no os olvid\u00e9is del chubasquero o capa de agua! Ni de la gorra para el sol, que esperamos usar mucho m\u00e1s&#8230; \ud83d\ude42<\/p>\n\n\n\n<p>En este campamento estamos apuntadas unas 440 personas, \u00a1seguimos super\u00e1ndonos! De todas maneras, como hemos dicho muchas veces, lo que buscamos en el Grupo Scout 284 es hacer \u00abescultismo de calidad\u00bb, m\u00e1s que ser muchos. Nos alegra ser muchos porque ser m\u00e1s personas es una oportunidad para que nos lo pasemos mejor, y sobre todo porque haya m\u00e1s ni\u00f1os y j\u00f3venes que aprendan mucho disfrutando de la experiencia.<\/p>\n\n\n\n<p>Ya quedan solo 5 d\u00edas para salir y estamos dese\u00e1ndolo, es lo mejor del a\u00f1o. El campamento es como un para\u00edso porque todo el mundo va dispuesto a dar lo mejor de s\u00ed mismo, algo que no pasa en todos los sitios: en lugar del ego\u00edsmo tan extendido en nuestra sociedad, en el campamento se respira generosidad. \u00abLas palabras mueven, pero los ejemplos arrastran\u00bb, y as\u00ed los m\u00e1s peque\u00f1os van aprendiendo este estilo de vida que es lo que queremos transmitirles los m\u00e1s mayores,&nbsp;<a href=\"https:\/\/www.scouts284.org\/index.php\/que-ensenan-los-scouts\/\" target=\"_blank\" rel=\"noreferrer noopener\">en lo que realmente consiste todo el gran juego del escultismo<\/a>.<\/p>\n\n\n\n<p>A los padres que envi\u00e1is por primera vez a vuestros hijos al campamento os costar\u00e1 un poco la separaci\u00f3n, pero creednos que estos d\u00edas merecen la pena. En el campamento se aprenden cosas que no se aprenden en Madrid. Ser\u00eda muy largo contarlas todas ahora, as\u00ed que&#8230; \u00a1os invitamos a irlas descubriendo en nuestro&nbsp;<a href=\"index3928.html?option=com_content&amp;view=article&amp;id=136&amp;Itemid=107\">Campamento Virtual<\/a>!<\/p>\n\n\n\n<p>\u00a1Buena caza!<\/p>\n","protected":false},"excerpt":{"rendered":"<p>\u00a1 Bienvenidos ! Esta es la p\u00e1gina del Campamento&nbsp;Villanova &#8211; 2015, del Grupo Scout 284 &#8211; Reina del Cielo. Desde aqu\u00ed puedes acceder a las p\u00e1ginas de: Campamento Virtual Correos enviados al campamento\u00a0 Volvemos a Villanova, un sitio maravillosamente situado en el valle de Benasque, a los pies del Pico [&hellip;]<\/p>\n","protected":false},"author":2,"featured_media":0,"parent":0,"menu_order":0,"comment_status":"closed","ping_status":"closed","template":"","meta":{"footnotes":""},"class_list":["post-889","page","type-page","status-publish","hentry"],"jetpack_sharing_enabled":true,"_links":{"self":[{"href":"https:\/\/www.scouts284.org\/index.php\/wp-json\/wp\/v2\/pages\/889","targetHints":{"allow":["GET"]}}],"collection":[{"href":"https:\/\/www.scouts284.org\/index.php\/wp-json\/wp\/v2\/pages"}],"about":[{"href":"https:\/\/www.scouts284.org\/index.php\/wp-json\/wp\/v2\/types\/page"}],"author":[{"embeddable":true,"href":"https:\/\/www.scouts284.org\/index.php\/wp-json\/wp\/v2\/users\/2"}],"replies":[{"embeddable":true,"href":"https:\/\/www.scouts284.org\/index.php\/wp-json\/wp\/v2\/comments?post=889"}],"version-history":[{"count":4,"href":"https:\/\/www.scouts284.org\/index.php\/wp-json\/wp\/v2\/pages\/889\/revisions"}],"predecessor-version":[{"id":901,"href":"https:\/\/www.scouts284.org\/index.php\/wp-json\/wp\/v2\/pages\/889\/revisions\/901"}],"wp:attachment":[{"href":"https:\/\/www.scouts284.org\/index.php\/wp-json\/wp\/v2\/media?parent=889"}],"curies":[{"name":"wp","href":"https:\/\/api.w.org\/{rel}","templated":true}]}}