{"id":866,"date":"2020-07-25T11:21:45","date_gmt":"2020-07-25T09:21:45","guid":{"rendered":"http:\/\/www.scouts284.org\/?page_id=866"},"modified":"2020-07-25T12:17:29","modified_gmt":"2020-07-25T10:17:29","slug":"campamento-2016","status":"publish","type":"page","link":"https:\/\/www.scouts284.org\/index.php\/campamento-2016\/","title":{"rendered":"Campamento 2016"},"content":{"rendered":"\n<h4 class=\"wp-block-heading\">\u00a1Bienvenidos al Campamento 2016!<\/h4>\n\n\n\n<h3 class=\"wp-block-heading\"><a href=\"https:\/\/www.scouts284.org\/index.php\/campamento-virtual-las-agueras-2016\/\">Campamento virtual 2016<\/a><\/h3>\n\n\n\n<h3 class=\"wp-block-heading\"><strong><a href=\"https:\/\/www.scouts284.org\/index.php\/correos-recibidos-en-las-agueras-2016\/\">CORREOS RECIBIDOS<\/a>\u00a0 (enviados a\u00a0<a href=\"mailto:scouts284@gmail.com\">scouts284@gmail.com<\/a><\/strong>)<\/h3>\n\n\n\n<p>Todas las noches intentaremos (ojo, que no siempre se puede) ir poniendo la cr\u00f3nica diaria y fotos de las actividades que hemos hecho para que pod\u00e1is seguir el campa desde Madrid. Tambi\u00e9n publicamos los&nbsp;<strong>correos<\/strong>&nbsp;que nos vais mandado a lo largo de todo el campamento a&nbsp;<strong><a href=\"mailto:scouts284@gmail.com\">scouts284@gmail.com<\/a><\/strong>&nbsp;as\u00ed que os animamos a todos a escribir \ud83d\ude42<\/p>\n\n\n\n<p>Y como siempre, se pueden mandar&nbsp;<strong>cartas<\/strong>&nbsp;a campamento, es importante que indiqu\u00e9is el nombre y unidad de vuestro hijo, y esta es la direcci\u00f3n:<\/p>\n\n\n\n<p class=\"has-text-align-center\"><strong>Campamento Grupo Scout 284 Reina del Cielo<br>Las Ag\u00fceras (Concejo de Quir\u00f3s)<br>33118 &#8211; ASTURIAS<\/strong><\/p>\n\n\n\n<figure class=\"wp-block-image size-large\"><a href=\"https:\/\/www.scouts284.org\/wp-content\/uploads\/2020\/07\/Localizacion_Las_Agueras_2016.jpg\" target=\"_blank\" rel=\"noopener noreferrer\"><img loading=\"lazy\" decoding=\"async\" width=\"1643\" height=\"1228\" src=\"https:\/\/www.scouts284.org\/wp-content\/uploads\/2020\/07\/Localizacion_Las_Agueras_2016.jpg\" alt=\"\" class=\"wp-image-868\"\/><\/a><\/figure>\n\n\n\n<p class=\"has-text-align-center\">(Pincha sobre la imagen para ampliarla)<\/p>\n","protected":false},"excerpt":{"rendered":"<p>\u00a1Bienvenidos al Campamento 2016! Campamento virtual 2016 CORREOS RECIBIDOS\u00a0 (enviados a\u00a0scouts284@gmail.com) Todas las noches intentaremos (ojo, que no siempre se puede) ir poniendo la cr\u00f3nica diaria y fotos de las actividades que hemos hecho para que pod\u00e1is seguir el campa desde Madrid. Tambi\u00e9n publicamos los&nbsp;correos&nbsp;que nos vais mandado a lo [&hellip;]<\/p>\n","protected":false},"author":2,"featured_media":0,"parent":0,"menu_order":0,"comment_status":"closed","ping_status":"closed","template":"","meta":{"footnotes":""},"class_list":["post-866","page","type-page","status-publish","hentry"],"jetpack_sharing_enabled":true,"_links":{"self":[{"href":"https:\/\/www.scouts284.org\/index.php\/wp-json\/wp\/v2\/pages\/866","targetHints":{"allow":["GET"]}}],"collection":[{"href":"https:\/\/www.scouts284.org\/index.php\/wp-json\/wp\/v2\/pages"}],"about":[{"href":"https:\/\/www.scouts284.org\/index.php\/wp-json\/wp\/v2\/types\/page"}],"author":[{"embeddable":true,"href":"https:\/\/www.scouts284.org\/index.php\/wp-json\/wp\/v2\/users\/2"}],"replies":[{"embeddable":true,"href":"https:\/\/www.scouts284.org\/index.php\/wp-json\/wp\/v2\/comments?post=866"}],"version-history":[{"count":8,"href":"https:\/\/www.scouts284.org\/index.php\/wp-json\/wp\/v2\/pages\/866\/revisions"}],"predecessor-version":[{"id":880,"href":"https:\/\/www.scouts284.org\/index.php\/wp-json\/wp\/v2\/pages\/866\/revisions\/880"}],"wp:attachment":[{"href":"https:\/\/www.scouts284.org\/index.php\/wp-json\/wp\/v2\/media?parent=866"}],"curies":[{"name":"wp","href":"https:\/\/api.w.org\/{rel}","templated":true}]}}