{"id":74,"date":"2019-07-06T11:17:46","date_gmt":"2019-07-06T09:17:46","guid":{"rendered":"http:\/\/www.scouts284.org\/?page_id=74"},"modified":"2021-06-26T18:48:48","modified_gmt":"2021-06-26T16:48:48","slug":"campamento-2019","status":"publish","type":"page","link":"https:\/\/www.scouts284.org\/index.php\/campamento-2019\/","title":{"rendered":"Campamento 2019"},"content":{"rendered":"\n<p><strong>\u00a1Bienvenidos a la p\u00e1gina principal del Campamento 2019!<\/strong><\/p>\n\n\n\n<p>Este a\u00f1o nos vamos a <strong>Las Ag\u00fceras<\/strong>, en el valle de <strong>Quir\u00f3s<\/strong>, Asturias. S\u00ed, ese valle precioso en el que hace tres a\u00f1os nos trataron maravillosamente. \u00a1Este a\u00f1o repetimos! Y, siendo <strong>545 <\/strong>personas inscritas (el a\u00f1o pasado fuimos 500), batimos nuestro propio r\u00e9cord!!<\/p>\n\n\n\n<p>Puedes encontrar toda la informaci\u00f3n del campamento en:<\/p>\n\n\n\n<ul class=\"wp-block-list\"><li><a href=\"https:\/\/www.scouts284.org\/index.php\/campamento-virtual-las-agueras-2019\/\"><strong>Campamento Virtual<\/strong><\/a> &#8211; nuestro \u00abdiario de a bordo\u00bb o \u00abcuaderno de caza\u00bb y los \u00e1lbumes de fotos que vamos subiendo.<\/li><li><a href=\"https:\/\/www.scouts284.org\/index.php\/correos-enviados-a-las-agueras-2019\/\"><strong>Correos enviados al campamento<\/strong><\/a> &#8211; vuestros mensajes al campamento, enviados a <a href=\"mailto:scouts284.2@gmail.com\" target=\"_blank\" rel=\"noreferrer noopener\" aria-label=\" (abre en una nueva pesta\u00f1a)\">scouts284.2@gmail.com<\/a><\/li><\/ul>\n\n\n\n<p>Aqu\u00ed estamos:<\/p>\n\n\n\n<figure class=\"wp-block-image alignfull\"><a href=\"https:\/\/www.google.es\/maps\/place\/33118+Las+Ag\u00fceras,+Asturias\" target=\"_blank\" rel=\"noreferrer noopener\"><img loading=\"lazy\" decoding=\"async\" width=\"1169\" height=\"808\" src=\"https:\/\/www.scouts284.org\/wp-content\/uploads\/2019\/07\/Ubicacion_Las_Agueras_2019.png\" alt=\"Mapa de situaci\u00f3n\" class=\"wp-image-86\"\/><\/a><figcaption>(Pincha en la imagen para verlo en Google Maps)<\/figcaption><\/figure>\n\n\n\n<p><\/p>\n","protected":false},"excerpt":{"rendered":"<p>\u00a1Bienvenidos a la p\u00e1gina principal del Campamento 2019! Este a\u00f1o nos vamos a Las Ag\u00fceras, en el valle de Quir\u00f3s, Asturias. S\u00ed, ese valle precioso en el que hace tres a\u00f1os nos trataron maravillosamente. \u00a1Este a\u00f1o repetimos! Y, siendo 545 personas inscritas (el a\u00f1o pasado fuimos 500), batimos nuestro propio [&hellip;]<\/p>\n","protected":false},"author":1,"featured_media":0,"parent":0,"menu_order":0,"comment_status":"closed","ping_status":"closed","template":"","meta":{"footnotes":""},"class_list":["post-74","page","type-page","status-publish","hentry"],"jetpack_sharing_enabled":true,"_links":{"self":[{"href":"https:\/\/www.scouts284.org\/index.php\/wp-json\/wp\/v2\/pages\/74","targetHints":{"allow":["GET"]}}],"collection":[{"href":"https:\/\/www.scouts284.org\/index.php\/wp-json\/wp\/v2\/pages"}],"about":[{"href":"https:\/\/www.scouts284.org\/index.php\/wp-json\/wp\/v2\/types\/page"}],"author":[{"embeddable":true,"href":"https:\/\/www.scouts284.org\/index.php\/wp-json\/wp\/v2\/users\/1"}],"replies":[{"embeddable":true,"href":"https:\/\/www.scouts284.org\/index.php\/wp-json\/wp\/v2\/comments?post=74"}],"version-history":[{"count":11,"href":"https:\/\/www.scouts284.org\/index.php\/wp-json\/wp\/v2\/pages\/74\/revisions"}],"predecessor-version":[{"id":1215,"href":"https:\/\/www.scouts284.org\/index.php\/wp-json\/wp\/v2\/pages\/74\/revisions\/1215"}],"wp:attachment":[{"href":"https:\/\/www.scouts284.org\/index.php\/wp-json\/wp\/v2\/media?parent=74"}],"curies":[{"name":"wp","href":"https:\/\/api.w.org\/{rel}","templated":true}]}}