{"id":6,"date":"2019-06-26T22:13:47","date_gmt":"2019-06-26T20:13:47","guid":{"rendered":"http:\/\/213.134.53.29\/?page_id=6"},"modified":"2021-07-26T20:29:31","modified_gmt":"2021-07-26T18:29:31","slug":"inicio","status":"publish","type":"page","link":"https:\/\/www.scouts284.org\/","title":{"rendered":"Inicio"},"content":{"rendered":"\n<p>Somos el grupo scout 284.<\/p>\n\n\n\n<p>El Grupo Scout 284 Reina del Cielo, es una asociaci\u00f3n pertenciente a <a rel=\"noreferrer noopener\" aria-label=\" (abre en una nueva pesta\u00f1a)\" href=\"http:\/\/www.scout.es\/\" target=\"_blank\"><strong>ASDE<\/strong><\/a> &#8211; <strong><a rel=\"noreferrer noopener\" aria-label=\"Exploradores de Madrid (abre en una nueva pesta\u00f1a)\" href=\"http:\/\/www.exploradoresdemadrid.org\/\" target=\"_blank\">Exploradores de Madrid<\/a><\/strong>. Fu\u00e9 fundado en 1975 en la <a rel=\"noreferrer noopener\" aria-label=\" (abre en una nueva pesta\u00f1a)\" href=\"http:\/\/www.reinacielo.com\/index.html\" target=\"_blank\"><strong>parroquia del mismo nombre en el barrio de la Estrella<\/strong><\/a>  y desde el principio su esp\u00edritu objetivo ha sido conseguir que sus  miembros disfruten creciendo en armon\u00eda con la naturaleza y los valores  del escultismo.<\/p>\n\n\n\n<p>La asociaci\u00f3n cuenta con m\u00e1s de 500 miembros entre chicos y chicas desde los 7 a los 18 a\u00f1os y 55 scouters dispuestos a&nbsp; todo, a los que se suma la Caba\u00f1a, que apoya  al grupo en el campamento de verano.<\/p>\n\n\n\n<p>Desde hace a\u00f1os la asociaci\u00f3n dispone de todas las ramas del escultismo:<\/p>\n\n\n\n<ul class=\"wp-block-list\"><li>Castores (7 &#8211; 8 a\u00f1os) (2\u00ba &#8211; 3\u00ba Primaria)<\/li><li>Lobatos (9 &#8211; 11 a\u00f1os) (4\u00ba &#8211; 6\u00ba Primaria)<\/li><li>Tropa (12 &#8211; 14 a\u00f1os) (1\u00ba &#8211; 3\u00ba ESO)<\/li><li>Escultas (15 &#8211; 16 a\u00f1os) (4\u00ba ESO &#8211; 1\u00ba Bachillerato)<\/li><li>Rovers (17 &#8211; 18 a\u00f1os) (2\u00ba Bachillerato &#8211; 1\u00ba Universidad)<\/li><\/ul>\n\n\n\n<p>\nLos Scouters (monitores, o \u00abjefes\u00bb) son mayores que los Rovers. \nMuchos de los scouts deciden, tras su paso por todas las etapas de \n\u00abni\u00f1os\u00bb, pasar a ser \u00abjefes\u00bb, poni\u00e9ndose al servicio de los nuevos \nchavales que van entrando, y haciendo posible as\u00ed que otros puedan vivir\n lo que ellos han vivido.<\/p>\n","protected":false},"excerpt":{"rendered":"<p>Somos el grupo scout 284. El Grupo Scout 284 Reina del Cielo, es una asociaci\u00f3n pertenciente a ASDE &#8211; Exploradores de Madrid. Fu\u00e9 fundado en 1975 en la parroquia del mismo nombre en el barrio de la Estrella y desde el principio su esp\u00edritu objetivo ha sido conseguir que sus [&hellip;]<\/p>\n","protected":false},"author":1,"featured_media":0,"parent":0,"menu_order":0,"comment_status":"closed","ping_status":"closed","template":"","meta":{"footnotes":""},"class_list":["post-6","page","type-page","status-publish","hentry"],"jetpack_sharing_enabled":true,"_links":{"self":[{"href":"https:\/\/www.scouts284.org\/index.php\/wp-json\/wp\/v2\/pages\/6","targetHints":{"allow":["GET"]}}],"collection":[{"href":"https:\/\/www.scouts284.org\/index.php\/wp-json\/wp\/v2\/pages"}],"about":[{"href":"https:\/\/www.scouts284.org\/index.php\/wp-json\/wp\/v2\/types\/page"}],"author":[{"embeddable":true,"href":"https:\/\/www.scouts284.org\/index.php\/wp-json\/wp\/v2\/users\/1"}],"replies":[{"embeddable":true,"href":"https:\/\/www.scouts284.org\/index.php\/wp-json\/wp\/v2\/comments?post=6"}],"version-history":[{"count":9,"href":"https:\/\/www.scouts284.org\/index.php\/wp-json\/wp\/v2\/pages\/6\/revisions"}],"predecessor-version":[{"id":1479,"href":"https:\/\/www.scouts284.org\/index.php\/wp-json\/wp\/v2\/pages\/6\/revisions\/1479"}],"wp:attachment":[{"href":"https:\/\/www.scouts284.org\/index.php\/wp-json\/wp\/v2\/media?parent=6"}],"curies":[{"name":"wp","href":"https:\/\/api.w.org\/{rel}","templated":true}]}}