{"id":485,"date":"2020-03-29T15:24:18","date_gmt":"2020-03-29T13:24:18","guid":{"rendered":"http:\/\/www.scouts284.org\/?page_id=485"},"modified":"2020-03-29T15:24:18","modified_gmt":"2020-03-29T13:24:18","slug":"normativa-de-admision-de-nuevos-scouts","status":"publish","type":"page","link":"https:\/\/www.scouts284.org\/index.php\/normativa-de-admision-de-nuevos-scouts\/","title":{"rendered":"Normativa de admisi\u00f3n de nuevos scouts"},"content":{"rendered":"\n<p>Hoy, 29 de marzo de 2020, en plena cuarentena y estado de alerta por el coronavirus, seguimos pensando en nuestros scouts y en c\u00f3mo servirles mejor. <\/p>\n\n\n\n<p>Precisamente por eso publicamos hoy la nueva normativa de admisi\u00f3n de nuevos miembros, que sustituye a la anterior, que se public\u00f3 el  11 de octubre de 2014. Esta nueva normativa aplicar\u00e1 para las admisiones de la Ronda Solar 2020-2021.<\/p>\n\n\n\n<p>Pod\u00e9is descargar la nueva normativa aqu\u00ed:<\/p>\n\n\n\n<div class=\"wp-block-file aligncenter\"><a href=\"https:\/\/www.scouts284.org\/wp-content\/uploads\/2020\/03\/Comunicado_nuevo_proceso_de_Admisiones_GS_284_2020-03-29.pdf\">Comunicado nuevo proceso de Admisiones GS 284<\/a><a href=\"https:\/\/www.scouts284.org\/wp-content\/uploads\/2020\/03\/Comunicado_nuevo_proceso_de_Admisiones_GS_284_2020-03-29.pdf\" class=\"wp-block-file__button\" download>Descarga<\/a><\/div>\n\n\n\n<p>Esperamos que esta nueva normativa responda mejor a las necesidades de todas las partes.<\/p>\n\n\n\n<p>Buena caza!<\/p>\n\n\n\n<p><\/p>\n","protected":false},"excerpt":{"rendered":"<p>Hoy, 29 de marzo de 2020, en plena cuarentena y estado de alerta por el coronavirus, seguimos pensando en nuestros scouts y en c\u00f3mo servirles mejor. Precisamente por eso publicamos hoy la nueva normativa de admisi\u00f3n de nuevos miembros, que sustituye a la anterior, que se public\u00f3 el 11 de [&hellip;]<\/p>\n","protected":false},"author":2,"featured_media":0,"parent":0,"menu_order":0,"comment_status":"closed","ping_status":"closed","template":"","meta":{"footnotes":""},"class_list":["post-485","page","type-page","status-publish","hentry"],"jetpack_sharing_enabled":true,"_links":{"self":[{"href":"https:\/\/www.scouts284.org\/index.php\/wp-json\/wp\/v2\/pages\/485","targetHints":{"allow":["GET"]}}],"collection":[{"href":"https:\/\/www.scouts284.org\/index.php\/wp-json\/wp\/v2\/pages"}],"about":[{"href":"https:\/\/www.scouts284.org\/index.php\/wp-json\/wp\/v2\/types\/page"}],"author":[{"embeddable":true,"href":"https:\/\/www.scouts284.org\/index.php\/wp-json\/wp\/v2\/users\/2"}],"replies":[{"embeddable":true,"href":"https:\/\/www.scouts284.org\/index.php\/wp-json\/wp\/v2\/comments?post=485"}],"version-history":[{"count":1,"href":"https:\/\/www.scouts284.org\/index.php\/wp-json\/wp\/v2\/pages\/485\/revisions"}],"predecessor-version":[{"id":486,"href":"https:\/\/www.scouts284.org\/index.php\/wp-json\/wp\/v2\/pages\/485\/revisions\/486"}],"wp:attachment":[{"href":"https:\/\/www.scouts284.org\/index.php\/wp-json\/wp\/v2\/media?parent=485"}],"curies":[{"name":"wp","href":"https:\/\/api.w.org\/{rel}","templated":true}]}}