{"id":450,"date":"2020-03-22T12:47:08","date_gmt":"2020-03-22T11:47:08","guid":{"rendered":"http:\/\/www.scouts284.org\/?page_id=450"},"modified":"2020-03-22T14:17:22","modified_gmt":"2020-03-22T13:17:22","slug":"cookies","status":"publish","type":"page","link":"https:\/\/www.scouts284.org\/index.php\/cookies\/","title":{"rendered":"COOKIES"},"content":{"rendered":"\n<h3 class=\"wp-block-heading\">INFORMACI\u00d3N B\u00c1SICA SOBRE COOKIES<\/h3>\n\n\n\n<p> Una\u00a0cookie\u00a0o galleta inform\u00e1tica es un peque\u00f1o archivo de informaci\u00f3n que se guarda en su navegador cada vez que visita nuestra p\u00e1gina web. La utilidad de las cookies es guardar el historial de su actividad en nuestra p\u00e1gina web, de manera que, cuando la visite nuevamente, \u00e9sta pueda identificarle y configurar el contenido de la misma en base a sus h\u00e1bitos de navegaci\u00f3n, identidad y preferencias. Las cookies pueden ser aceptadas, rechazadas, bloqueadas y borradas, seg\u00fan desee. Ello podr\u00e1 hacerlo mediante las opciones disponibles en la presente ventana o a trav\u00e9s de la configuraci\u00f3n de su navegador, seg\u00fan el caso. En caso de que rechace las cookies no podremos asegurarle el correcto funcionamiento de las distintas funcionalidades de nuestra p\u00e1gina web. M\u00e1s informaci\u00f3n en la secci\u00f3n \u201cPOL\u00cdTICA DE COOKIES\u201d a continuaci\u00f3n. <\/p>\n\n\n\n<p>Su consentimiento aplica sobre el dominio: www.scouts284.org <\/p>\n\n\n\n<h5 class=\"wp-block-heading\">Su estado actual:<\/h5>\n\n\n\n<blockquote class=\"wp-block-quote is-layout-flow wp-block-quote-is-layout-flow\"><p><strong> <div class=\"cli_user_consent_state\">Tu estado actual: No se ha dado el consentimiento. <a class=\"cli_manage_current_consent\" style=\"cursor:pointer;text-decoration:underline;\">Gestiona tu consentimiento.<\/a> <\/div> <\/strong><\/p><\/blockquote>\n\n\n\n<hr class=\"wp-block-separator\"\/>\n\n\n<div><\/div>\n<div><\/div>\n<div class=\"cli_pg_page_contaner\">\n<h3>POL\u00cdTICA DE COOKIES<\/h3>\n<div><strong>Informaci\u00f3n en cumplimiento de la normativa de protecci\u00f3n de datos personales<\/strong><\/div>\n<h3>\u00bfQu\u00e9 son las cookies y para qu\u00e9 las usamos?<\/h3>\n<div>\n<p>Una\u00a0cookie\u00a0o galleta inform\u00e1tica es un peque\u00f1o archivo de informaci\u00f3n que se guarda en su navegador cada vez que visita nuestra p\u00e1gina web.<\/p>\n<p>La utilidad de las cookies es guardar el historial de su actividad en nuestra p\u00e1gina web, de manera que, cuando la visite nuevamente, \u00e9sta pueda identificarle y configurar el contenido de la misma en base a sus h\u00e1bitos de navegaci\u00f3n, identidad y preferencias.<\/p>\n<p>Una cookie es inofensiva, no contiene c\u00f3digo malicioso o malintencionado (ej. virus, troyanos, gusanos, etc.) que pueda da\u00f1ar su terminal (ordenador, smartphone, tableta, etc.), pero s\u00ed tiene cierto impacto sobre su derecho a la protecci\u00f3n de sus datos, pues recoge determinada informaci\u00f3n concerniente a su persona (h\u00e1bitos de navegaci\u00f3n, identidad, preferencias, etc.).<\/p>\n<\/div>\n<h3>\u00bfQu\u00e9 informaci\u00f3n guarda una cookie?<\/h3>\n<div>\n<p>Las cookies no suelen recoger categor\u00edas especiales de datos personales (datos sensibles). Los datos que guardan son de car\u00e1cter t\u00e9cnico, preferencias personales, personalizaci\u00f3n de contenidos, etc.<\/p>\n<h3>\u00bfQu\u00e9 tipo de cookies existen?<\/h3>\n<p>Con car\u00e1cter general, existen cinco tipos de cookies:<\/p>\n<p><strong>o\u00a0\u00a0 Cookies t\u00e9cnicas:<\/strong><\/p>\n<p>Son las cookies m\u00e1s b\u00e1sicas. Permiten al usuario la navegaci\u00f3n a trav\u00e9s de una p\u00e1gina web, plataforma o aplicaci\u00f3n y la utilizaci\u00f3n de las diferentes opciones o servicios que en ella existan como, por ejemplo, controlar el tr\u00e1fico y la comunicaci\u00f3n de datos, identificar la sesi\u00f3n, acceder a partes de acceso restringido, recordar los elementos que integran un pedido, realizar el proceso de compra de un pedido, realizar la solicitud de inscripci\u00f3n o participaci\u00f3n en un evento, utilizar elementos de seguridad durante la navegaci\u00f3n, almacenar contenidos para la difusi\u00f3n de videos o sonido o compartir contenidos a trav\u00e9s de redes sociales.<\/p>\n<p><strong>o\u00a0\u00a0 Cookies de personalizaci\u00f3n:\u00a0<\/strong><\/p>\n<p>Son aqu\u00e9llas que permiten al usuario acceder al servicio con algunas caracter\u00edsticas de car\u00e1cter general predefinidas en funci\u00f3n de una serie de criterios en el terminal del usuario como por ejemplo serian el idioma, el tipo de navegador a trav\u00e9s del cual accede al servicio, la configuraci\u00f3n regional desde donde accede al servicio, etc.<\/p>\n<p><strong>o\u00a0\u00a0 Cookies de an\u00e1lisis:<\/strong><\/p>\n<p>Son aqu\u00e9llas que permiten al responsable de las mismas, el seguimiento y an\u00e1lisis del comportamiento de los usuarios de los sitios web a los que est\u00e1n vinculadas. La informaci\u00f3n recogida mediante este tipo de cookies se utiliza en la medici\u00f3n de la actividad de los sitios web, aplicaci\u00f3n o plataforma y para la elaboraci\u00f3n de perfiles de navegaci\u00f3n de los usuarios de dichos sitios, aplicaciones y plataformas, con el fin de introducir mejoras en funci\u00f3n del an\u00e1lisis de los datos de uso que hacen los usuarios del servicio.<\/p>\n<p><strong>o\u00a0\u00a0 Cookies publicitarias:<\/strong><\/p>\n<p>Son aqu\u00e9llas que permiten la gesti\u00f3n, de la forma m\u00e1s eficaz posible, de los espacios publicitarios que, en su caso, el responsable haya incluido en una p\u00e1gina web, aplicaci\u00f3n o plataforma desde la que presta el servicio solicitado en base a criterios como el contenido editado o la frecuencia en la que se muestran los anuncios.<\/p>\n<p><strong>o\u00a0\u00a0 Cookies de publicidad comportamental:\u00a0<\/strong><\/p>\n<p>Son aqu\u00e9llas que permiten la gesti\u00f3n, de la forma m\u00e1s eficaz posible, de los espacios publicitarios que, en su caso, el responsable haya incluido en una p\u00e1gina web, aplicaci\u00f3n o plataforma desde la que presta el servicio solicitado. Estas cookies almacenan informaci\u00f3n del comportamiento de los usuarios obtenida a trav\u00e9s de la observaci\u00f3n continuada de sus h\u00e1bitos de navegaci\u00f3n, lo que permite desarrollar un perfil espec\u00edfico para mostrar publicidad en funci\u00f3n del mismo.<\/p>\n<p><\/p>\n<\/div>\n<h3>\u00bfQu\u00e9 son las cookies propias y las de terceros?<\/h3>\n<\/div>\n<p><strong>o\u00a0\u00a0 Cookies propias:\u00a0<\/strong><\/p>\n<p>Las cookies propias son aquellas que se generan y gestionan por el propio responsable que presta el servicio solicitado por el usuario.<\/p>\n<p><strong>o\u00a0\u00a0 Cookies de terceros:\u00a0<\/strong><\/p>\n<p>Son aquellas que se generan por otras entidades distintas al propio responsable (servicios o proveedores externos, como por ejemplo Google).<\/p>\n<h3>\u00bfQu\u00e9 tipo de cookies guarda nuestra p\u00e1gina web?<\/h3>\n<p>A continuaci\u00f3n, procedemos a relacionar el tipo de cookies que guarda nuestra p\u00e1gina web y la finalidad de las mismas:<\/p>\n\n\n<figure class=\"wp-block-table is-style-stripes\"><table class=\"has-subtle-pale-blue-background-color has-background\"><tbody><tr><td class=\"has-text-align-center\" data-align=\"center\"><strong>Tipo de cookie<\/strong><\/td><td class=\"has-text-align-center\" data-align=\"center\"><strong>Finalidad<\/strong><\/td><td class=\"has-text-align-center\" data-align=\"center\"><strong>Cu\u00e1ndo y c\u00f3mo se guarda<\/strong><\/td><\/tr><tr><td class=\"has-text-align-center\" data-align=\"center\">T\u00e9cnica<\/td><td class=\"has-text-align-center\" data-align=\"center\">Gestionar el aviso de cookies: controlar si el usuario ha indicado que acepta o rechaza las cookies.<\/td><td class=\"has-text-align-center\" data-align=\"center\">Cuando el usuario acepta o rechaza las cookies.<\/td><\/tr><tr><td class=\"has-text-align-center\" data-align=\"center\">T\u00e9cnica<\/td><td class=\"has-text-align-center\" data-align=\"center\">Gesti\u00f3n de WordPress (acceso a la cuenta del usuario, preferencias de visualizaci\u00f3n, prueba de que el navegador soporta cookies).<\/td><td class=\"has-text-align-center\" data-align=\"center\">Cuando el usuario entra en la p\u00e1gina.<\/td><\/tr><\/tbody><\/table><\/figure>\n\n\n\n<h3 class=\"wp-block-heading\">\u00bfQu\u00e9 puedo hacer con las cookies?<\/h3>\n\n\n\n<p>Las cookies pueden ser borradas, aceptadas o bloqueadas, seg\u00fan desee, para esto s\u00f3lo debe configurar convenientemente el navegador web.<\/p>\n\n\n\n<p>En cualquier momento, puede impedir la instalaci\u00f3n de cookies (bloqueo) en su equipo mediante la opci\u00f3n correspondiente de su navegador, pero en dicho caso no podremos asegurarle el correcto funcionamiento de las distintas funcionalidades de nuestra p\u00e1gina web.<\/p>\n\n\n\n<p>A continuaci\u00f3n, le facilitamos los enlaces para la gesti\u00f3n y bloqueo de cookies dependiendo del navegador que utilice:<\/p>\n\n\n\n<p>o\u00a0\u00a0 Internet Explorer: <\/p>\n\n\n\n<p><a href=\"http:\/\/windows.microsoft.com\/es-xl\/internet-explorer\/delete-manage-cookies#ie=ie-10\" target=\"_blank\" rel=\"noreferrer noopener\" aria-label=\"http:\/\/windows.microsoft.com\/es-xl\/internet-explorer\/delete-manage-cookies#ie=ie-10 (se abre en una nueva pesta\u00f1a)\">http:\/\/windows.microsoft.com\/es-xl\/internet-explorer\/delete-manage-cookies#ie=ie-10<\/a><\/p>\n\n\n\n<p>o\u00a0\u00a0 Firefox:\u00a0<\/p>\n\n\n\n<p><a href=\"http:\/\/support.mozilla.org\/es\/kb\/habilitar-y-deshabilitar-cookies-que-los-sitios-we\" target=\"_blank\" rel=\"noreferrer noopener\" aria-label=\"http:\/\/support.mozilla.org\/es\/kb\/habilitar-y-deshabilitar-cookies-que-los-sitios-we (se abre en una nueva pesta\u00f1a)\">http:\/\/support.mozilla.org\/es\/kb\/habilitar-y-deshabilitar-cookies-que-los-sitios-we<\/a><\/p>\n\n\n\n<p>o\u00a0\u00a0 Chrome:\u00a0<\/p>\n\n\n\n<p><a href=\"https:\/\/support.google.com\/chrome\/answer\/95647?hl=es\" target=\"_blank\" rel=\"noreferrer noopener\" aria-label=\"https:\/\/support.google.com\/chrome\/answer\/95647?hl=es (se abre en una nueva pesta\u00f1a)\">https:\/\/support.google.com\/chrome\/answer\/95647?hl=es<\/a><\/p>\n\n\n\n<p>o\u00a0\u00a0 Safari:\u00a0<\/p>\n\n\n\n<p><a href=\"https:\/\/www.apple.com\/legal\/privacy\/es\/cookies\/\" target=\"_blank\" rel=\"noreferrer noopener\" aria-label=\"https:\/\/www.apple.com\/legal\/privacy\/es\/cookies\/ (se abre en una nueva pesta\u00f1a)\">https:\/\/www.apple.com\/legal\/privacy\/es\/cookies\/<\/a><\/p>\n\n\n\n<p>Tambi\u00e9n puede borrar las cookies que tenga guardadas en su navegador acudiendo a las opciones de configuraci\u00f3n del mismo.<\/p>\n","protected":false},"excerpt":{"rendered":"<p>INFORMACI\u00d3N B\u00c1SICA SOBRE COOKIES Una\u00a0cookie\u00a0o galleta inform\u00e1tica es un peque\u00f1o archivo de informaci\u00f3n que se guarda en su navegador cada vez que visita nuestra p\u00e1gina web. La utilidad de las cookies es guardar el historial de su actividad en nuestra p\u00e1gina web, de manera que, cuando la visite nuevamente, \u00e9sta [&hellip;]<\/p>\n","protected":false},"author":2,"featured_media":0,"parent":0,"menu_order":0,"comment_status":"closed","ping_status":"closed","template":"","meta":{"footnotes":""},"class_list":["post-450","page","type-page","status-publish","hentry"],"jetpack_sharing_enabled":true,"_links":{"self":[{"href":"https:\/\/www.scouts284.org\/index.php\/wp-json\/wp\/v2\/pages\/450","targetHints":{"allow":["GET"]}}],"collection":[{"href":"https:\/\/www.scouts284.org\/index.php\/wp-json\/wp\/v2\/pages"}],"about":[{"href":"https:\/\/www.scouts284.org\/index.php\/wp-json\/wp\/v2\/types\/page"}],"author":[{"embeddable":true,"href":"https:\/\/www.scouts284.org\/index.php\/wp-json\/wp\/v2\/users\/2"}],"replies":[{"embeddable":true,"href":"https:\/\/www.scouts284.org\/index.php\/wp-json\/wp\/v2\/comments?post=450"}],"version-history":[{"count":12,"href":"https:\/\/www.scouts284.org\/index.php\/wp-json\/wp\/v2\/pages\/450\/revisions"}],"predecessor-version":[{"id":462,"href":"https:\/\/www.scouts284.org\/index.php\/wp-json\/wp\/v2\/pages\/450\/revisions\/462"}],"wp:attachment":[{"href":"https:\/\/www.scouts284.org\/index.php\/wp-json\/wp\/v2\/media?parent=450"}],"curies":[{"name":"wp","href":"https:\/\/api.w.org\/{rel}","templated":true}]}}