{"id":429,"date":"2019-10-13T22:13:22","date_gmt":"2019-10-13T20:13:22","guid":{"rendered":"http:\/\/www.scouts284.org\/?page_id=429"},"modified":"2021-04-02T11:55:41","modified_gmt":"2021-04-02T09:55:41","slug":"que-ensenan-los-scouts","status":"publish","type":"page","link":"https:\/\/www.scouts284.org\/index.php\/que-ensenan-los-scouts\/","title":{"rendered":"Qu\u00e9 ense\u00f1an \u00ablos scouts\u00bb"},"content":{"rendered":"\n<p>\u00bfQui\u00e9n no ha o\u00eddo hablar de los \u00abBoy Scouts\u00bb, o no los ha visto en alguna pel\u00edcula, o en la tele? Casi todo el mundo ha o\u00eddo algo, pero a menudo la imagen que se tiene es m\u00e1s bien un estereotipo superficial.<\/p>\n\n\n\n<p>En este art\u00edculo intentamos explicar por qu\u00e9 a muchas personas esto nos parece tan importante y por qu\u00e9 nos empe\u00f1amos en hacer posible que los ni\u00f1os lo puedan disfrutar.<\/p>\n\n\n\n<p>En una&nbsp;<strong>primera aproximaci\u00f3n<\/strong>&nbsp;al Escultismo (no se dice \u00abscoutismo\u00bb) encontramos ya aspectos muy positivos, como la diversi\u00f3n, los juegos, la amistad, el contacto con la naturaleza, la integraci\u00f3n en un grupo unido, la actividad f\u00edsica, el desarrollo de habilidades nuevas, el despegarse un poco de los padres&#8230; en definitiva, lo que llamamos \u00abla aventura del escultismo\u00bb. Todo esto es bueno y muy necesario para los ni\u00f1os y los j\u00f3venes. De hecho, esto es lo que suele atraer a los ni\u00f1os y j\u00f3venes a apuntarse a un grupo scout.<\/p>\n\n\n\n<p>Pero los scouts son algo m\u00e1s, y los padres deben saberlo. Todo lo anterior se puede conseguir asistiendo a campamentos organizados por un ayuntamiento, por ejemplo. O siendo miembro de un club de monta\u00f1a.&nbsp;<em>Los scouts buscan algo m\u00e1s: transmitir unos valores.<\/em><\/p>\n\n\n\n<p>Queridos padres que est\u00e9is leyendo esto: es important\u00edsimo que est\u00e9is de acuerdo con estos valores si tra\u00e9is a vuestros hijos a un grupo scout, o por lo menos a este Grupo Scout (es cierto que unos grupos se toman unos valores m\u00e1s en serio que otros). Si estos valores coinciden con los que quer\u00e9is para vuestros hijos, encontrar\u00e9is en el Grupo Scout una ayuda inestimable en vuestra labor educativa.<\/p>\n\n\n\n<p>El tema de los valores es quiz\u00e1s lo que menos se ve a primera vista, pero es lo m\u00e1s importante, porque es lo que da sentido a la vida. No solo queremos que los chavales crezcan sanos, ilusionados y tengan amigos. Tambi\u00e9n queremos que descubran el sentido de la vida.<\/p>\n\n\n\n<p>\u00bfY cu\u00e1l es ese sentido de la vida que queremos transmitirles? Vamos a irlo descubriendo presentando lo que llamamos \u00abespiritualidad scout\u00bb desde los m\u00e1s peque\u00f1os hasta los m\u00e1s mayores. S\u00ed, se llama \u00abespiritualidad\u00bb, y de hecho est\u00e1 muy relacionada con la religi\u00f3n.<\/p>\n\n\n\n<p>Ya desde castores, los ni\u00f1os participan en las misas de los campamentos, rezan la oraci\u00f3n del castor y bendicen la mesa antes de las comidas. En nuestro grupo bendecimos la mesa con una oraci\u00f3n muy sencilla: \u00abUnos tienen y no pueden; otros pueden y no tienen; nosotros que tenemos y podemos demos gracias al Se\u00f1or\u00bb. En el escultismo, la religi\u00f3n es algo que se vive con naturalidad. Dios est\u00e1 presente en la Promesa Scout, en la Ley Scout, y en los Principios del Scout. As\u00ed lo quiso Baden Powell, el fundador del escultismo. Aunque \u00e9l era cristiano anglicano (era ingl\u00e9s), no limit\u00f3 el escultismo al Dios de los cristianos, sino que la Promesa, la Ley y los Principios se refieren en general a \u00abDios\u00bb, sin llamarlo con ning\u00fan apellido. Por esto, las diferencias de religi\u00f3n no fueron un obst\u00e1culo para la expansi\u00f3n global del escultismo, y hoy en d\u00eda hay scouts cristianos, musulmanes, jud\u00edos, hind\u00faes&#8230; Actualmente hay muchos grupos scouts en los que el tema religioso se deja aparte, tambi\u00e9n. Pero a pesar de que la religi\u00f3n no est\u00e1 de moda en general, Dios sigue estando en el n\u00facleo del escultismo. En nuestro Grupo Scout, tenemos la suerte de pertenecer a una parroquia, la&nbsp;<a href=\"http:\/\/www.reinacielo.com\/\" target=\"_blank\" rel=\"noreferrer noopener\">Parroquia Nuestra Se\u00f1ora Reina del Cielo<\/a>, y de tener todo el apoyo de la misma. El consiliario del Grupo es actualmente el p\u00e1rroco y tenemos la gran suerte de que viene en verano al campamento con nosotros, como uno m\u00e1s, durante los 15 d\u00edas.<\/p>\n\n\n\n<p>Para explicar este \u00absentido de la vida\u00bb o \u00ab<a href=\"index27b2.html?option=com_content&amp;view=article&amp;id=70&amp;Itemid=72\">proyecto de vida<\/a>\u00bb que queremos transmitirles a los ni\u00f1os, chavales y j\u00f3venes, hagamos a continuaci\u00f3n un recorrido por las distintas \u00abramas\u00bb del escultismo (llamamos \u00abramas\u00bb a los distintos grupos de edad): castores, lobatos, tropa, escultas y rovers.<\/p>\n\n\n\n<div class=\"wp-block-image\"><figure class=\"aligncenter\"><img loading=\"lazy\" decoding=\"async\" width=\"171\" height=\"175\" src=\"https:\/\/www.scouts284.org\/wp-content\/uploads\/2019\/10\/Castores.png\" alt=\"\" class=\"wp-image-426\"\/><\/figure><\/div>\n\n\n\n<p> Los m\u00e1s peque\u00f1os son los&nbsp;<strong>Castores<\/strong>. Entran con 7 a\u00f1os, cuando empiezan 2\u00ba de Primaria (esto es en nuestro grupo, en otros empiezan un a\u00f1o antes), y desde luego son muy peque\u00f1os para hablarles de valores de modo te\u00f3rico. Pero s\u00ed se les introduce de modo pr\u00e1ctico: para conseguir hacer la promesa (que se representa por el pa\u00f1uelo que llevan colgado al cuello, que en nuestro grupo es naranja) tienen que conseguir: jugar con todos, obedecer a los jefes (los monitores, a los que llamamos \u00abscouters\u00bb), y compartir con alegr\u00eda. A algunos les cuesta mucho obedecer y compartir, a otros les cuesta m\u00e1s jugar con todos. As\u00ed ya empiezan a darse cuenta de algo b\u00e1sico: no est\u00e1n solos en el mundo, hay otros con los que disfrutar pero por los que tambi\u00e9n puedo tener que hacer alg\u00fan sacrificio (como compartir con ellos algo m\u00edo, por ejemplo dejarles beber de mi cantimplora). <\/p>\n\n\n\n<div class=\"wp-block-image\"><figure class=\"aligncenter\"><img loading=\"lazy\" decoding=\"async\" width=\"202\" height=\"175\" src=\"https:\/\/www.scouts284.org\/wp-content\/uploads\/2019\/10\/Lobatos.png\" alt=\"\" class=\"wp-image-428\"\/><\/figure><\/div>\n\n\n\n<p> Cuando los ni\u00f1os pasan a&nbsp;<strong>Lobatos<\/strong>, ya con 9 a\u00f1os (4\u00ba de Primaria), se encuentran con que al principio no pueden llevar la pa\u00f1oleta que tra\u00edan de castores porque, para llevarla, ahora tienen que ganarse la Promesa del Lobato. Aqu\u00ed se sigue pidiendo obedecer a los jefes (y les sigue costando, porque ahora ya se saben m\u00e1s listos y m\u00e1s independientes), y se introduce el concepto de la verdad: una de las \u00abM\u00e1ximas de Baloo\u00bb es \u00abEl lobato siempre dice la verdad\u00bb. Tambi\u00e9n se refuerza la conciencia de los dem\u00e1s, no ya para solo \u00abcompartir\u00bb con ellos sino para darles prioridad sobre uno mismo: la primera m\u00e1xima de Baloo es \u00abEl lobato piensa primero en los dem\u00e1s\u00bb. Dif\u00edcil, \u00bfeh? Adem\u00e1s, en la Promesa del Lobato se introduce \u00abla buena acci\u00f3n diaria\u00bb, que es uno de los pocos elementos de la espiritualidad scout que a veces se conoce. <\/p>\n\n\n\n<div class=\"wp-block-image\"><figure class=\"aligncenter\"><img loading=\"lazy\" decoding=\"async\" width=\"216\" height=\"203\" src=\"https:\/\/www.scouts284.org\/wp-content\/uploads\/2019\/10\/Scouts.png\" alt=\"\" class=\"wp-image-425\"\/><\/figure><\/div>\n\n\n\n<p>Tras tres a\u00f1os (\u00abrondas solares\u00bb, decimos), los chavales pasan a&nbsp;<strong>Tropa Scout<\/strong>, que empiezan con 12 a\u00f1os (1\u00ba de la ESO). La Tropa Scout es la edad con la que Baden Powell empez\u00f3 los scouts. Es la rama para la que B.P. escribi\u00f3 el libro en el que present\u00f3 el Escultismo a los j\u00f3venes: \u00abEscultismo para muchachos\u00bb, que se public\u00f3 como entregas coleccionables con un peri\u00f3dico. Cuando los chavales pasan de lobatos a tropa con su pa\u00f1oleta, de nuevo se la tienen que quitar, porque se les pide un compromiso mayor, una nueva promesa. Esta es la Promesa Scout, que ya es la misma que hacen los adultos. Ya no tendr\u00e1n que volver a quitarse el pa\u00f1uelo cuando pasen a la siguiente rama. Es, por tanto, una promesa que sirve tambi\u00e9n para un adulto.<\/p>\n\n\n\n<p>La&nbsp;<strong>Promesa Scout<\/strong>&nbsp;es:<\/p>\n\n\n\n<p><em>Prometo por mi honor y con la ayuda de Dios, hacer cuanto de m\u00ed dependa por:<\/em><\/p>\n\n\n\n<p><em>&#8211; cumplir mis deberes para con Dios y mi patria,<\/em><\/p>\n\n\n\n<p><em>&#8211; ayudar al pr\u00f3jimo en toda circunstancia, y<\/em><\/p>\n\n\n\n<p><em>&#8211; cumplir fielmente la Ley Scout.<\/em><\/p>\n\n\n\n<p>Y la&nbsp;<strong>Ley Scout<\/strong>&nbsp;a la que hace referencia tiene 10 art\u00edculos:<\/p>\n\n\n\n<ol class=\"wp-block-list\"><li><em>El scout cifra su honor en ser digno de confianza.<\/em><\/li><li><em>El scout es leal.<\/em><\/li><li><em>El scout es \u00fatil y servicial.<\/em><\/li><li><em>El scout es amigo de todos y hermano de los dem\u00e1s scouts.<\/em><\/li><li><em>El scout es cort\u00e9s.<\/em><\/li><li><em>El scout ve en la naturaleza la obra de Dios y cuida y protege animales y plantas.<\/em><\/li><li><em>El scout es obediente, disciplinado y no hace nada a medias.<\/em><\/li><li><em>El scout es animoso ante peligros y dificultades.<\/em><\/li><li><em>El scout es econ\u00f3mico, trabajador, y cuidadoso del bien ajeno.<\/em><\/li><li><em>El scout es limpio y puro, sano en pensamientos palabras y acciones.<\/em><\/li><\/ol>\n\n\n\n<p>La Promesa y la Ley Scout son el n\u00facleo de la espiritualidad scout. Todos los scouts del mundo recitan la Promesa con formulaciones parecidas. En la web de la Organizaci\u00f3n Mundial del Movimiento Scout se puede encontrar\u00a0<a href=\"https:\/\/www.scout.org\/promiseandlaw\" target=\"_blank\" rel=\"noreferrer noopener\">la Promesa y la Ley Scout en distintos idiomas<\/a>.<\/p>\n\n\n\n<p>Como podr\u00e9is ver, en la Promesa Scout ya no se habla de \u00abpensar\u00bb primero en los dem\u00e1s y de hacer una buena acci\u00f3n \u00abdiaria\u00bb, sino de \u00abayudar\u00bb al pr\u00f3jimo en \u00abtoda\u00bb circunstancia. Es mucho m\u00e1s exigente, y seg\u00fan uno va creciendo, la exigencia va aumentando porque los deberes crecen y las responsabilidades aumentan.<\/p>\n\n\n\n<p>El Lema Scout es \u00abSiempre Listo\u00bb, que debe entenderse como \u00absiempre preparado para servir\u00bb. En ingl\u00e9s es \u00abBe Prepared\u00bb, cuyas iniciales son las mismas que las de Baden Powell. El \u00abSiempre Listo\u00bb, ense\u00f1ado a los ni\u00f1os de esta edad, no es s\u00f3lo para animarles a atender cualquier necesidad del pr\u00f3jimo, sino tambi\u00e9n, y muy importante, para animarles a formarse y prepararse bien como personas, para poder servir mejor a la sociedad cuando sean adultos.<\/p>\n\n\n\n<p>En la Promesa, la Ley y el Lema se define ya claramente el tipo de persona que queremos formar y sus valores. \u00bfQuieres que tus hijos sean as\u00ed? <strong>Esto es lo que queremos ense\u00f1arles en \u00ablos scouts\u00bb.<\/strong> Como ves, es mucho m\u00e1s que amistad, naturaleza y h\u00e1bitos sanos.<\/p>\n\n\n\n<p>Quiz\u00e1s haya que precisar el sentido que le damos a la palabra \u00abpatria\u00bb. Es una palabra que se ha utilizado pol\u00edticamente, particularmente en la historia reciente de Espa\u00f1a. Cuando se fund\u00f3 el escultismo en Inglaterra en 1907, no hab\u00eda este problema de la carga sem\u00e1ntica que tiene la palabra actualmente. En el escultismo, la palabra patria no tiene ning\u00fan sentido partidista en absoluto. La patria es tu tierra, tu pa\u00eds, tu comunidad, tu sociedad, a la que amas y est\u00e1s agradecido, a la que contribuyes con tu trabajo, la que te ha visto nacer, la que amas a pesar de sus defectos y para la que quieres lo mejor. Lo mismo la bandera, que representa a la patria, y ante la que formulamos la promesa. Hay que recalcar que el escultismo es un movimiento completamente apol\u00edtico. Y sobre todo, hay que recalcar que la patria debe inspirarnos un sentimiento de amor y agradecimiento, y nunca de odio a ninguna otra comunidad vecina. Cuando se empieza a sembrar la ciza\u00f1a del odio es cuando se estropea la limpieza del sentimiento.<\/p>\n\n\n\n<div class=\"wp-block-image\"><figure class=\"aligncenter\"><img loading=\"lazy\" decoding=\"async\" width=\"189\" height=\"184\" src=\"https:\/\/www.scouts284.org\/wp-content\/uploads\/2019\/10\/Escultas.png\" alt=\"\" class=\"wp-image-427\"\/><\/figure><\/div>\n\n\n\n<p>Pero la educaci\u00f3n no termina en Tropa Scout. La siguiente rama es la&nbsp;<strong>Unidad Esculta<\/strong>. Los \u00abescultas\u00bb siguen profundizando en la misma promesa y ley, pero van madurando y, empezando con 15 a\u00f1os (4\u00ba de la ESO), est\u00e1n en plena edad de desarrollarse f\u00edsicamente. Los escultas son los que hacen las marchas m\u00e1s duras, las aventuras m\u00e1s emocionantes, los raids m\u00e1s inolvidables. Es la edad de descubrir de lo que son capaces con esfuerzo, y que sacrific\u00e1ndose unos por otros pueden llegar a alcanzar las metas m\u00e1s retadoras. Al final del raid del campamento de verano, se oye frecuentemente la expresi\u00f3n \u00abla pi\u00f1a esculta\u00bb, y vivirlo es una aut\u00e9ntica gozada. En la unidad esculta se aprende que ayudar a los dem\u00e1s significa sacrificio, no quejarse, y que para hacerse mayor hay que hacerse un poco duro en ese sentido (a eso se le llama a veces \u00abla dureza esculta\u00bb, que no es una dureza de coraz\u00f3n, sino de abnegaci\u00f3n). <\/p>\n\n\n\n<div class=\"wp-block-image\"><figure class=\"aligncenter\"><img loading=\"lazy\" decoding=\"async\" width=\"170\" height=\"287\" src=\"https:\/\/www.scouts284.org\/wp-content\/uploads\/2019\/10\/Rovers.png\" alt=\"\" class=\"wp-image-423\"\/><\/figure><\/div>\n\n\n\n<p>La \u00faltima etapa del camino educativo es la de la&nbsp;<strong>Rama Rover<\/strong>. En nuestro Grupo Scout, esta rama se divide en dos unidades distintas: el Clan Rover (que empieza con 17 a\u00f1os) y la Comunidad Rover (\u00abComuna\u00bb, que empieza con 18 a\u00f1os). En algunas rondas solares, igual que en los primeros a\u00f1os de existencia de nuestro Grupo, nuestro grupo no ha tenido Comunidad Rover por la necesidad de scouters ante el crecimiento del grupo. En esta Rama Rover, ya dure una o dos rondas solares, el lema lo dice todo. El lema de los rovers es \u00abServir\u00bb. Aqui es donde quer\u00edamos llegar. El \u00abayudar al pr\u00f3jimo en toda circunstancia\u00bb que prometieron con 12 a\u00f1os, y para lo que se fortalecieron en escultas, se convierte ahora en \u00abservir\u00bb al pr\u00f3jimo. Si asist\u00eds a la izada o la arriada el d\u00eda de padres del campamento de verano, ver\u00e9is que todas las unidades gritan su lema orgullosas cuando sus scouters gritan el nombre de la unidad. Es como si se estuviera \u00abpasando lista\u00bb de las unidades que est\u00e1n presentes. Normalmente, el d\u00eda de padres el Clan no est\u00e1 en campamento porque est\u00e1n de raid (su raid, como el de los escultas, dura 10 d\u00edas). Pero si estuvi\u00e9rais presentes un d\u00eda de los que est\u00e1 el Clan, oir\u00edais como gritan\u00bb\u00a1Servir!\u00bb respondiendo al grito \u00ab\u00a1Clan!\u00bb de sus scouters. Da gusto oir a personas que est\u00e1n estrenando su mayor\u00eda de edad expresar esa voluntad decidida que es todo un proyecto vital.<\/p>\n\n\n\n<p>Ya hemos llegado al final del objetivo de nuestro camino educativo: \u00abServir al pr\u00f3jimo\u00bb. Este es el sentido de la vida que queremos transmitirles. Sencillamente. Esto es lo que sabemos por experiencia que hace feliz a la persona y, por eso, porque queremos que nuestros hijos sean felices, nos esforzamos tanto en toda esta trayectoria educativa, utilizando el \u00abm\u00e9todo scout\u00bb.<\/p>\n\n\n\n<p>Sabemos que en la sociedad actual esto es nadar contra corriente, porque parece que quien \u00abtriunfa\u00bb es el que consigue m\u00e1s bien \u00abservirse&nbsp;<em>del<\/em>&nbsp;pr\u00f3jimo\u00bb. En realidad, siempre ha sido as\u00ed, desde hace miles de a\u00f1os. Hace 2000 a\u00f1os, Jesucristo les decia a sus disc\u00edpulos: \u00ab<em>Sab\u00e9is que los jefes de los pueblos los tiranizan y que los grandes los oprimen. No ser\u00e1 as\u00ed entre vosotros: el que quiera ser grande entre vosotros, que sea vuestro servidor, y el que quiera ser primero entre vosotros, que sea vuestro esclavo.<\/em>\u00bb Mt. 20, 25-26. Y nuestro Papa, Francisco, lo ha dicho con otras palabras: \u00abEl verdadero poder es el servicio\u00bb. Los scouts sabemos que la felicidad que algunos buscan conseguir sirvi\u00e9ndose de los dem\u00e1s, y sirvi\u00e9ndose solo a s\u00ed mismos, no es felicidad, sino que conduce a la amargura del ego\u00edsmo.<\/p>\n\n\n\n<p>Hay una frase de Baden Powell que lo resume muy bien: \u00ab<em>El secreto de la felicidad es hacer felices a los dem\u00e1s<\/em>\u00ab.<\/p>\n\n\n\n<div class=\"wp-block-image\"><figure class=\"aligncenter\"><img loading=\"lazy\" decoding=\"async\" width=\"188\" height=\"145\" src=\"https:\/\/www.scouts284.org\/wp-content\/uploads\/2019\/10\/Scouter.png\" alt=\"\" class=\"wp-image-424\"\/><\/figure><\/div>\n\n\n\n<p>Muchos de los j\u00f3venes adultos que terminan su etapa Rover deciden empezar a poner en pr\u00e1ctica ese esp\u00edritu de servicio, precisamente sirviendo a los m\u00e1s peque\u00f1os. Son los que deciden quedarse como&nbsp;<strong>scouters&nbsp;<\/strong>(monitores), entregando gran parte de su tiempo libre a servir a los ni\u00f1os a trav\u00e9s del m\u00e9todo scout. En nuestro Grupo Scout, los scouters no solo no cobran (como cobran los monitores del campamento que organiza por ejemplo el ayuntamiento), sino que pagan lo mismo que los ni\u00f1os por participar en las actividades. Aparte del efecto beneficioso que esto tiene para abaratar el coste de los campamentos (ser\u00eda imposible cobrar 190 euros por 16 d\u00edas de campamento en el Pirineo si los scouters no pagaran), el efecto m\u00e1s importante es que todo el funcionamiento del grupo es obra suya&nbsp;<em>por pura generosidad<\/em>. \u00bfO acaso cre\u00e9is que si cobraran tendr\u00edan esa cara de felicidad con la que les v\u00e9is los s\u00e1bados en la parroquia? \u00bfHay mejor demostraci\u00f3n de que la felicidad nace de la entrega generosa a los dem\u00e1s?<\/p>\n\n\n\n<p>En nuestro grupo (pero esto es una particularidad del 284), hay adem\u00e1s unos scouters, tambi\u00e9n adultos, pero no tan j\u00f3venes, que forman una unidad de adultos, que llamamos \u00abla Caba\u00f1a\u00bb. Se trata de adultos ya m\u00e1s mayores (muchos de ellos han sido scouters llevando unidades, y muchos tambi\u00e9n son padres de chavales scouts) que est\u00e1n al servicio del Grupo durante todo el a\u00f1o, pero especialmente en el campamento de verano. En este campamento, la Caba\u00f1a se dedica a las labores de cocina, servicio m\u00e9dico, apoyo log\u00edstico, mantenimiento de campamento y ayuda a las unidades. Si vais al campa el \u00abd\u00eda de padres\u00bb encontrar\u00e9is a la Caba\u00f1a sobre todo en cocina, y durante el resto del a\u00f1o, organizando la barbacoa en las fiestas de la parroquia. Los miembros de Caba\u00f1a tambi\u00e9n pagan por asistir al campamento, como los dem\u00e1s scouters.<\/p>\n\n\n\n<p>Pero todo esto no acaba aqu\u00ed: la Promesa Scout y el esp\u00edritu de servicio son para toda la vida. La Promesa no se hace \u00abpara ser efectiva mientras yo sea miembro activo del grupo scout\u00bb, sino para toda la vida. No tiene fecha de caducidad, no hay cl\u00e1usula de rescisi\u00f3n. Por eso se dice que \u00ab<em>Scout un d\u00eda, scout siempre<\/em>\u00ab. Y efectivamente, a las personas que han sido scouts se les suele notar. Son personas que inspiran confianza (art\u00edculo 1 de la Ley Scout), con un estilo en su forma de comportarse (lo que solemos llamar \u00abel estilo scout\u00bb) amistoso, leal, cort\u00e9s, alegre, limpio, y siempre dispuestos a ayudar (el \u00abesp\u00edritu de servicio\u00bb). A veces, en la vida laboral, descubres que una persona con esas caracter\u00edsticas fue scout de joven, y te alegras de ver que <em>sigue si\u00e9ndolo<\/em>&#8230;<\/p>\n\n\n\n<p>Supongo que despu\u00e9s de leer esto, queridos padres, entender\u00e9is que esto de \u00ablos scouts\u00bb es una cosa mucho m\u00e1s importante de lo que parec\u00eda. Tanto si decid\u00eds que esto es lo que quer\u00e9is para vuestros hijos, como si decid\u00eds lo contrario, nos despedimos de vosotros con la despedida scout:<\/p>\n\n\n\n<p>\u00a1Buena caza!<\/p>\n","protected":false},"excerpt":{"rendered":"<p>\u00bfQui\u00e9n no ha o\u00eddo hablar de los \u00abBoy Scouts\u00bb, o no los ha visto en alguna pel\u00edcula, o en la tele? Casi todo el mundo ha o\u00eddo algo, pero a menudo la imagen que se tiene es m\u00e1s bien un estereotipo superficial. En este art\u00edculo intentamos explicar por qu\u00e9 a [&hellip;]<\/p>\n","protected":false},"author":2,"featured_media":0,"parent":0,"menu_order":0,"comment_status":"closed","ping_status":"closed","template":"","meta":{"footnotes":""},"class_list":["post-429","page","type-page","status-publish","hentry"],"jetpack_sharing_enabled":true,"_links":{"self":[{"href":"https:\/\/www.scouts284.org\/index.php\/wp-json\/wp\/v2\/pages\/429","targetHints":{"allow":["GET"]}}],"collection":[{"href":"https:\/\/www.scouts284.org\/index.php\/wp-json\/wp\/v2\/pages"}],"about":[{"href":"https:\/\/www.scouts284.org\/index.php\/wp-json\/wp\/v2\/types\/page"}],"author":[{"embeddable":true,"href":"https:\/\/www.scouts284.org\/index.php\/wp-json\/wp\/v2\/users\/2"}],"replies":[{"embeddable":true,"href":"https:\/\/www.scouts284.org\/index.php\/wp-json\/wp\/v2\/comments?post=429"}],"version-history":[{"count":3,"href":"https:\/\/www.scouts284.org\/index.php\/wp-json\/wp\/v2\/pages\/429\/revisions"}],"predecessor-version":[{"id":1213,"href":"https:\/\/www.scouts284.org\/index.php\/wp-json\/wp\/v2\/pages\/429\/revisions\/1213"}],"wp:attachment":[{"href":"https:\/\/www.scouts284.org\/index.php\/wp-json\/wp\/v2\/media?parent=429"}],"curies":[{"name":"wp","href":"https:\/\/api.w.org\/{rel}","templated":true}]}}