{"id":3517,"date":"2025-07-08T23:16:38","date_gmt":"2025-07-08T21:16:38","guid":{"rendered":"https:\/\/www.scouts284.org\/?page_id=3517"},"modified":"2025-07-08T23:46:40","modified_gmt":"2025-07-08T21:46:40","slug":"campamento-2025","status":"publish","type":"page","link":"https:\/\/www.scouts284.org\/index.php\/campamento-2025\/","title":{"rendered":"Campamento 2025"},"content":{"rendered":"<div class=\"row\">\n<div class=\"col-md-12\">\n<h1 class=\"hestia-title title-in-content \"><strong style=\"font-family: Roboto, Helvetica, Arial, sans-serif; font-size: 18px;\">\u00a1Bienvenidos a la p\u00e1gina principal del Campamento 2025!<\/strong><\/h1>\n<\/div>\n<\/div>\n<p>\u00a1\u00a1Por fin han llegado los mejores d\u00edas del a\u00f1o!!\u00a0 \ud83d\ude42<\/p>\n<p>La culminaci\u00f3n de la Ronda Solar del 50 Aniversario, la 2024-2025, ser\u00e1 en <strong>Soncillo<\/strong>, Burgos. All\u00e1 vamos, como nos gusta, a montar nuestro comedor, cocina, nuestro m\u00e1stil, duchas\u2026 \ud83d\ude42<\/p>\n<p>Soncillo es una localidad del norte de Burgos, muy cerca de Cantabria, a apenas 9 Km del Embalse del Ebro. Y a 334 Km (algo m\u00e1s de 3 horas y media) de nuestra parroquia.<\/p>\n<p>Puedes encontrar toda la informaci\u00f3n del campamento en:<\/p>\n<ul>\n<li><strong><a href=\"https:\/\/www.scouts284.org\/index.php\/campamento-virtual-soncillo-2025\/\">Campamento Virtual<\/a><\/strong> \u2013 nuestro \u00abdiario de a bordo\u00bb o \u00abcuaderno de caza\u00bb y los \u00e1lbumes de fotos que vamos subiendo.<\/li>\n<li><strong><a href=\"https:\/\/www.scouts284.org\/index.php\/correos-enviados-a-soncillo-2025\/\">Correos enviados al campamento<\/a><\/strong> \u2013 vuestros mensajes al campamento, enviados a <a rel=\"noreferrer noopener\" aria-label=\" (abre en una nueva pesta\u00f1a)\" href=\"mailto:scouts284.2@gmail.com\" target=\"_blank\">scouts284.2@gmail.com<\/a> y que publicamos aqu\u00ed para que los vea todo el mundo en esta web, pero que no les leemos a los ni\u00f1os.<\/li>\n<\/ul>\n<p>Aqu\u00ed estamos, en una parcela curiosa porque es el terreno que rodea al Albergue juvenil de Soncillo.<\/p>\n<p><a href=\"https:\/\/maps.app.goo.gl\/4WaY1KdyEWzTd9Xm9\">https:\/\/maps.app.goo.gl\/4WaY1KdyEWzTd9Xm9<\/a><\/p>\n<p><img loading=\"lazy\" decoding=\"async\" src=\"https:\/\/www.scouts284.org\/wp-content\/uploads\/2025\/07\/imagen_2025-07-08_231520532.png\" alt=\"\" width=\"1415\" height=\"951\" class=\"aligncenter size-full wp-image-3518\" \/><\/p>\n","protected":false},"excerpt":{"rendered":"<p>\u00a1Bienvenidos a la p\u00e1gina principal del Campamento 2025! \u00a1\u00a1Por fin han llegado los mejores d\u00edas del a\u00f1o!!\u00a0 \ud83d\ude42 La culminaci\u00f3n de la Ronda Solar del 50 Aniversario, la 2024-2025, ser\u00e1 en Soncillo, Burgos. All\u00e1 vamos, como nos gusta, a montar nuestro comedor, cocina, nuestro m\u00e1stil, duchas\u2026 \ud83d\ude42 Soncillo es una [&hellip;]<\/p>\n","protected":false},"author":2,"featured_media":0,"parent":0,"menu_order":0,"comment_status":"closed","ping_status":"closed","template":"","meta":{"footnotes":""},"class_list":["post-3517","page","type-page","status-publish","hentry"],"jetpack_sharing_enabled":true,"_links":{"self":[{"href":"https:\/\/www.scouts284.org\/index.php\/wp-json\/wp\/v2\/pages\/3517","targetHints":{"allow":["GET"]}}],"collection":[{"href":"https:\/\/www.scouts284.org\/index.php\/wp-json\/wp\/v2\/pages"}],"about":[{"href":"https:\/\/www.scouts284.org\/index.php\/wp-json\/wp\/v2\/types\/page"}],"author":[{"embeddable":true,"href":"https:\/\/www.scouts284.org\/index.php\/wp-json\/wp\/v2\/users\/2"}],"replies":[{"embeddable":true,"href":"https:\/\/www.scouts284.org\/index.php\/wp-json\/wp\/v2\/comments?post=3517"}],"version-history":[{"count":3,"href":"https:\/\/www.scouts284.org\/index.php\/wp-json\/wp\/v2\/pages\/3517\/revisions"}],"predecessor-version":[{"id":3529,"href":"https:\/\/www.scouts284.org\/index.php\/wp-json\/wp\/v2\/pages\/3517\/revisions\/3529"}],"wp:attachment":[{"href":"https:\/\/www.scouts284.org\/index.php\/wp-json\/wp\/v2\/media?parent=3517"}],"curies":[{"name":"wp","href":"https:\/\/api.w.org\/{rel}","templated":true}]}}