{"id":3063,"date":"2024-07-09T00:27:22","date_gmt":"2024-07-08T22:27:22","guid":{"rendered":"http:\/\/www.scouts284.org\/?page_id=3063"},"modified":"2024-07-18T13:22:58","modified_gmt":"2024-07-18T11:22:58","slug":"correos-enviados-a-rocamundo-2024","status":"publish","type":"page","link":"https:\/\/www.scouts284.org\/index.php\/correos-enviados-a-rocamundo-2024\/","title":{"rendered":"Correos enviados a Rocamundo 2024"},"content":{"rendered":"<div class=\"row\">\n<div class=\"col-md-12\">\n<p class=\"hestia-title title-in-content \"><strong><a href=\"https:\/\/www.scouts284.org\/index.php\/campamento-2024\/\" style=\"font-family: Roboto, Helvetica, Arial, sans-serif; font-size: 18px; font-weight: 300;\">Pincha aqu\u00ed para volver a la p\u00e1gina principal del Campamento 2024.<\/a><\/strong><\/p>\n<\/div>\n<\/div>\n<p><a href=\"https:\/\/www.scouts284.org\/index.php\/campamento-virtual-rocamundo-2024\/\">Pincha aqu\u00ed para ir a la p\u00e1gina del Campamento Virtual Reboira 2024<\/a>, en la que cada d\u00eda contamos las novedades desde el campamento.<\/p>\n<p><span>Estos son los\u00a0<\/span><strong>correos electr\u00f3nicos\u00a0<\/strong><span>que nos vais enviando a lo largo de todo el campamento a <\/span><strong><a href=\"mailto:scouts284.2@gmail.com\">scouts284.2@gmail.com<\/a><\/strong><span>. \u00a1Nos hace ilusi\u00f3n recibir vuestros mensajes!<\/span><\/p>\n<hr class=\"wp-block-separator has-alpha-channel-opacity\" \/>\n<h3 class=\"wp-block-heading\">18 de julio<\/h3>\n<h5 class=\"wp-block-heading\">Saludos<\/h5>\n<p>Es la primera vez que va Juan Pablo de campamento, por lo que no conoc\u00eda mucho de \u00e9l.<br \/>\nLeyendo el diario de lo que hab\u00e9is hecho estos primeros d\u00edas, me he quedado impresionada, os felicito por c\u00f3mo de una explanada verde hab\u00e9is conseguido montar una casa!!!<br \/>\nEnhorabuena a todos!!! \ud83d\udc4f\ud83c\udffb\ud83d\udc4f\ud83c\udffb<\/p>\n<p>Os vemos felices!! Ya habr\u00e1n salido los primeros de raid. Qu\u00e9 pas\u00e9is un feliz d\u00eda!\ud83e\udd73<\/p>\n<p>Buena caza!!<\/p>\n<p>Isabel<\/p>\n","protected":false},"excerpt":{"rendered":"<p>Pincha aqu\u00ed para volver a la p\u00e1gina principal del Campamento 2024. Pincha aqu\u00ed para ir a la p\u00e1gina del Campamento Virtual Reboira 2024, en la que cada d\u00eda contamos las novedades desde el campamento. Estos son los\u00a0correos electr\u00f3nicos\u00a0que nos vais enviando a lo largo de todo el campamento a scouts284.2@gmail.com. [&hellip;]<\/p>\n","protected":false},"author":2,"featured_media":0,"parent":0,"menu_order":0,"comment_status":"closed","ping_status":"closed","template":"","meta":{"footnotes":""},"class_list":["post-3063","page","type-page","status-publish","hentry"],"jetpack_sharing_enabled":true,"_links":{"self":[{"href":"https:\/\/www.scouts284.org\/index.php\/wp-json\/wp\/v2\/pages\/3063","targetHints":{"allow":["GET"]}}],"collection":[{"href":"https:\/\/www.scouts284.org\/index.php\/wp-json\/wp\/v2\/pages"}],"about":[{"href":"https:\/\/www.scouts284.org\/index.php\/wp-json\/wp\/v2\/types\/page"}],"author":[{"embeddable":true,"href":"https:\/\/www.scouts284.org\/index.php\/wp-json\/wp\/v2\/users\/2"}],"replies":[{"embeddable":true,"href":"https:\/\/www.scouts284.org\/index.php\/wp-json\/wp\/v2\/comments?post=3063"}],"version-history":[{"count":3,"href":"https:\/\/www.scouts284.org\/index.php\/wp-json\/wp\/v2\/pages\/3063\/revisions"}],"predecessor-version":[{"id":3114,"href":"https:\/\/www.scouts284.org\/index.php\/wp-json\/wp\/v2\/pages\/3063\/revisions\/3114"}],"wp:attachment":[{"href":"https:\/\/www.scouts284.org\/index.php\/wp-json\/wp\/v2\/media?parent=3063"}],"curies":[{"name":"wp","href":"https:\/\/api.w.org\/{rel}","templated":true}]}}