{"id":3049,"date":"2024-07-08T23:40:29","date_gmt":"2024-07-08T21:40:29","guid":{"rendered":"http:\/\/www.scouts284.org\/?page_id=3049"},"modified":"2024-07-09T00:29:24","modified_gmt":"2024-07-08T22:29:24","slug":"campamento-2024","status":"publish","type":"page","link":"https:\/\/www.scouts284.org\/index.php\/campamento-2024\/","title":{"rendered":"Campamento 2024"},"content":{"rendered":"<div class=\"row\">\n<div class=\"col-md-12\">\n<h1 class=\"hestia-title title-in-content \"><strong style=\"font-family: Roboto, Helvetica, Arial, sans-serif; font-size: 18px;\">\u00a1Bienvenidos a la p\u00e1gina principal del Campamento 2024!<\/strong><\/h1>\n<\/div>\n<\/div>\n<p>\u00a1\u00a1Por fin han llegado los mejores d\u00edas del a\u00f1o!!<\/p>\n<p>La culminaci\u00f3n de la Ronda Solar 2023-2024 ser\u00e1 en <strong>Rocamundo<\/strong>, Cantabria. Va a ser un campamento de los que nos gustan, en los que montamos todo: nuestro comedor, cocina, nuestro m\u00e1stil, duchas\u2026 \ud83d\ude42<\/p>\n<p>Rocamundo es una peque\u00f1a poblaci\u00f3n que pertenece al municipio de Valderredible, 118 Km al sur de Santander, y 73 Km al norte de Burgos. Y a 323 Km (algo m\u00e1s de 3 horas y media) de nuestra parroquia.<\/p>\n<p>Puedes encontrar toda la informaci\u00f3n del campamento en:<\/p>\n<ul>\n<li><strong><a href=\"https:\/\/www.scouts284.org\/index.php\/campamento-virtual-rocamundo-2024\/\">Campamento Virtual<\/a><\/strong> \u2013 nuestro \u00abdiario de a bordo\u00bb o \u00abcuaderno de caza\u00bb y los \u00e1lbumes de fotos que vamos subiendo.<\/li>\n<li><strong><a href=\"https:\/\/www.scouts284.org\/index.php\/correos-enviados-a-rocamundo-2024\/\">Correos enviados al campamento<\/a><\/strong> \u2013 vuestros mensajes al campamento, enviados a <a rel=\"noreferrer noopener\" aria-label=\" (abre en una nueva pesta\u00f1a)\" href=\"mailto:scouts284.2@gmail.com\" target=\"_blank\">scouts284.2@gmail.com<\/a> y que publicamos aqu\u00ed para que los vea todo el mundo en esta web, pero que no les leemos a los ni\u00f1os.<\/li>\n<\/ul>\n<p>Aqu\u00ed estamos, en una parcela m\u00e1s peque\u00f1a que la del a\u00f1o pasado, pero que se podr\u00e1 aprovechas m\u00e1s (la del a\u00f1o pasado era muy grande pero s\u00f3lo era utilizable la parte de arriba).<\/p>\n<p>Latitud:\u00a0 \u00a0 42\u00b047&#8217;51.73&#8243;N<br \/>Longitud:\u00a0 \u00a03\u00b055&#8217;54.97&#8243;O<\/p>\n<p><a href=\"https:\/\/maps.app.goo.gl\/qyVEfxukUS6NBhbf9\">https:\/\/maps.app.goo.gl\/qyVEfxukUS6NBhbf9<\/a><\/p>\n\n\n<figure class=\"wp-block-image size-full\"><img loading=\"lazy\" decoding=\"async\" width=\"895\" height=\"917\" src=\"https:\/\/www.scouts284.org\/wp-content\/uploads\/2024\/07\/Campamento_2024.jpg\" alt=\"\" class=\"wp-image-3051\"\/><\/figure>\n\n\n\n<p>Mapa de Google Maps:<\/p>\n\n\n\n<iframe src=\"https:\/\/www.google.com\/maps\/embed?pb=!1m14!1m12!1m3!1d1108.8571442408572!2d-3.9321306398456666!3d42.79796032611111!2m3!1f0!2f0!3f0!3m2!1i1024!2i768!4f13.1!5e1!3m2!1ses!2ses!4v1720475371260!5m2!1ses!2ses\" width=\"810\" height=\"450\" style=\"border:0;\" allowfullscreen=\"\" loading=\"lazy\" referrerpolicy=\"no-referrer-when-downgrade\"><\/iframe>\n","protected":false},"excerpt":{"rendered":"<p>\u00a1Bienvenidos a la p\u00e1gina principal del Campamento 2024! \u00a1\u00a1Por fin han llegado los mejores d\u00edas del a\u00f1o!! La culminaci\u00f3n de la Ronda Solar 2023-2024 ser\u00e1 en Rocamundo, Cantabria. Va a ser un campamento de los que nos gustan, en los que montamos todo: nuestro comedor, cocina, nuestro m\u00e1stil, duchas\u2026 \ud83d\ude42 [&hellip;]<\/p>\n","protected":false},"author":2,"featured_media":0,"parent":0,"menu_order":0,"comment_status":"closed","ping_status":"closed","template":"","meta":{"footnotes":""},"class_list":["post-3049","page","type-page","status-publish","hentry"],"jetpack_sharing_enabled":true,"_links":{"self":[{"href":"https:\/\/www.scouts284.org\/index.php\/wp-json\/wp\/v2\/pages\/3049","targetHints":{"allow":["GET"]}}],"collection":[{"href":"https:\/\/www.scouts284.org\/index.php\/wp-json\/wp\/v2\/pages"}],"about":[{"href":"https:\/\/www.scouts284.org\/index.php\/wp-json\/wp\/v2\/types\/page"}],"author":[{"embeddable":true,"href":"https:\/\/www.scouts284.org\/index.php\/wp-json\/wp\/v2\/users\/2"}],"replies":[{"embeddable":true,"href":"https:\/\/www.scouts284.org\/index.php\/wp-json\/wp\/v2\/comments?post=3049"}],"version-history":[{"count":7,"href":"https:\/\/www.scouts284.org\/index.php\/wp-json\/wp\/v2\/pages\/3049\/revisions"}],"predecessor-version":[{"id":3065,"href":"https:\/\/www.scouts284.org\/index.php\/wp-json\/wp\/v2\/pages\/3049\/revisions\/3065"}],"wp:attachment":[{"href":"https:\/\/www.scouts284.org\/index.php\/wp-json\/wp\/v2\/media?parent=3049"}],"curies":[{"name":"wp","href":"https:\/\/api.w.org\/{rel}","templated":true}]}}