{"id":2528,"date":"2023-07-12T00:01:49","date_gmt":"2023-07-11T22:01:49","guid":{"rendered":"http:\/\/www.scouts284.org\/?page_id=2528"},"modified":"2023-08-05T18:33:29","modified_gmt":"2023-08-05T16:33:29","slug":"correos-enviados-a-reboira-2023","status":"publish","type":"page","link":"https:\/\/www.scouts284.org\/index.php\/correos-enviados-a-reboira-2023\/","title":{"rendered":"Correos enviados a Reboira 2023"},"content":{"rendered":"<p><a href=\"https:\/\/www.scouts284.org\/index.php\/campamento-2023\/\">Pincha aqu\u00ed para volver a la p\u00e1gina principal del Campamento 2023.<\/a><\/p>\n<p><a href=\"https:\/\/www.scouts284.org\/index.php\/campamento-virtual-reboira-2023\/\">Pincha aqu\u00ed para ir a la p\u00e1gina del Campamento Virtual Reboira 2023<\/a>, en la que cada d\u00eda contamos las novedades desde el campamento.<\/p>\n<p><span>Estos son los&nbsp;<\/span><strong>correos electr\u00f3nicos&nbsp;<\/strong><span>que nos vais enviando a lo largo de todo el campamento a <\/span><strong><a href=\"mailto:scouts284.2@gmail.com\">scouts284.2@gmail.com<\/a><\/strong><span>. \u00a1Nos hace ilusi\u00f3n recibir vuestros mensajes!<\/span><\/p>\n\n\n<hr class=\"wp-block-separator has-alpha-channel-opacity\"\/>\n\n\n\n<h3 class=\"wp-block-heading\">24 de julio<\/h3>\n\n\n\n<h5 class=\"wp-block-heading\">Muchas gracias<\/h5>\n\n\n\n<p>Me gustar\u00eda dar las gracias a todas las personas que hac\u00e9is posible el campamento. Es la primera vez que mis hijos acuden, y estoy segura de que es una experiencia que nunca olvidar\u00e1n.<\/p>\n\n\n\n<p>Una menci\u00f3n muy especial a los scouters, me maravilla ver a chicos y chicas tan j\u00f3venes que han elegido dedicar su tiempo y su ilusi\u00f3n a este proyecto. Much\u00edsimas gracias, nos sentimos muy afortunados porque nuestros ni\u00f1os est\u00e9n con vosotros!<\/p>\n\n\n\n<h5 class=\"wp-block-heading\">Querido campamento<\/h5>\n\n\n\n<p>Querido campamento &#8230;.<\/p>\n\n\n\n<p>otro a\u00f1o m\u00e1s, y ya van unos cuantos, con resaca emocional despu\u00e9s de pasar un d\u00eda en la gran casa naranja. No por tantas veces dejo de sorprenderme de la maravillosa labor que hac\u00e9is, desde montar&nbsp;casi una ciudad a partir de la nada hasta continuar con la labor de divertir y ense\u00f1ar valores que quedar\u00e1n ah\u00ed para siempre. No es nada f\u00e1cil para nadie.<\/p>\n\n\n\n<p>Esas misas de d\u00eda de padres&#8230; esas comidas que siempre oyes decir&#8230;\u00bbse come mejor que en casa\u00bb, que&nbsp; aunque \u00abjorobe\u00bb un poco \ud83d\ude42&nbsp; da gusto o\u00edrlo.&nbsp;<\/p>\n\n\n\n<p>Me encanta ver a los scouters con sus ni\u00f1os, como dicen ellos, que se dejan la piel y su tiempo a lo largo del todo el a\u00f1o. Madre m\u00eda ! si siempre&nbsp;est\u00e1n reunidos&#8230;&#8230;&#8230;..! Todo&nbsp;mi cari\u00f1o para cada uno de ellos, que no dejan de ser chavales tambi\u00e9n, un poco m\u00e1s grandes pero chavales. Castores grandes como les llamo yo. Mi agradecimiento&nbsp;para ellos, ahora que me toca directamente y antes lo mismo.&nbsp;<\/p>\n\n\n\n<p>Mil&nbsp; gracias a los le\u00f1adores o caba\u00f1eros que ya me pierdo, sois un pilar fundamental para todos, ni\u00f1os, padres y&nbsp;scouters y mil gracias tambi\u00e9n a la coordinaci\u00f3n por mimar y&nbsp;apoyar a los scouters en todo momento&#8230;en lo bueno y en lo menos bueno. A veces tambi\u00e9n lo necesitan.<\/p>\n\n\n\n<p>No quiero dejarme a nadie y no quiero despedirme sin agradecer a Ignacio, nuestro reportero favorito, el acercarnos a diario al maravilloso mundo naranja.<\/p>\n\n\n\n<p>Deseo que disfrut\u00e9is de estos d\u00edas que os quedan y de un maravilloso festival y fuego. Aqu\u00ed estaremos.<\/p>\n\n\n\n<p>Un abrazo muy fuerte a todos .<\/p>\n\n\n\n<p>Carolina&#8230;..una fiel seguidora.<\/p>\n\n\n\n<hr class=\"wp-block-separator has-alpha-channel-opacity\"\/>\n\n\n\n<h3 class=\"wp-block-heading\">23 de julio<\/h3>\n\n\n\n<h5 class=\"wp-block-heading\">Mil gracias<\/h5>\n\n\n\n<p>Gracias de nuevo por tener la oportunidad de compartir con vosotros durante unas horas el \u00abmejor campa de la historia\u00bb,por vuestra labor,dedicaci\u00f3n y valores.Y sobre todo por esos scouters q sin ellos no podr\u00eda salir todo tan bien.Disfrutar la semana que os queda!!<\/p>\n\n\n\n<h5 class=\"wp-block-heading\">\u00a1Gracias, gracias y m\u00e1s gracias!<\/h5>\n\n\n\n<p>Creo que por el asunto est\u00e1 claro que este mensaje no es ex\u00e1ctamente para nuestras hijas, sino para todos los que a\u00f1o tras a\u00f1o hac\u00e9is posible que ellas puedan tener un campamento y pertenecer al mejor Grupo Scout del mundo, \u00a1el 284!<\/p>\n\n\n\n<p>Gracias a Caba\u00f1a por todo el trabajo puesto al servicio de nuestras hijas, olvidando el cansancio y trabajando duro cada d\u00eda.<\/p>\n\n\n\n<p>Gracias a los scouters por ense\u00f1arles que con el servicio a los dem\u00e1s, se puede ser mucho m\u00e1s feliz que guardando ese tiempo para uno mismo.<\/p>\n\n\n\n<p>Gracias por ser todo un ejemplo para ellas.<\/p>\n\n\n\n<p>Gracias por esos mensajes y esas fotos diarias que nos hacen vivir el campamento junto a nuestras hijas y que adem\u00e1s, nos hacen recordar tantos buenos momentos vividos con su misma edad.<\/p>\n\n\n\n<p>Gracias a todos los miembros de las comisiones que tanto trabajo dedic\u00e1is durante todo el a\u00f1o para que cuando llegue julio, todo est\u00e9 preparado.<\/p>\n\n\n\n<p>Y a todos, gracias por dedicar vuestro tiempo y vuestras vacaciones, \u00a1incluso algunos sin estarlo!, a hacer posible \u00a1el mejor campamento de verano!<\/p>\n\n\n\n<p>Un gran abrazo para todos y \u00a1MIL GRACIAS!<\/p>\n\n\n\n<p>M\u00f3nica y Carlos.<\/p>\n\n\n\n<hr class=\"wp-block-separator has-alpha-channel-opacity\"\/>\n\n\n\n<h3 class=\"wp-block-heading\">12 de julio<\/h3>\n\n\n\n<h5 class=\"wp-block-heading\">Inaugura esta p\u00e1gina de correos enviados a campamento, como en los viejos tiempos, una gran amiga y le\u00f1adora:<\/h5>\n\n\n\n<p>Cada d\u00eda pensar\u00e9 en cada uno de vosotros, en los buenos ratos, en las risas, en el fr\u00edo y en el calor, en la letrina que est\u00e1 lejos, en la ducha que est\u00e1 fr\u00eda, en el caf\u00e9 ma\u00f1anero, en las bayetas a remojo, \u2026 en la maravillosa naturaleza en todo su esplendor.<\/p>\n\n\n\n<p><br>Gracias por estar ah\u00ed, por todo vuestro esfuerzo, todo vuestro amor y todo vuestro tiempo. Me voy en un rato de viaje, por lo que ni siquiera voy a poder achucharos el viernes en la Eucarist\u00eda\u2026 <\/p>\n\n\n\n<p>Os quiero mucho!<br>AP<\/p>\n\n\n\n<p><\/p>\n\n\n\n<p><\/p>\n","protected":false},"excerpt":{"rendered":"<p>Pincha aqu\u00ed para volver a la p\u00e1gina principal del Campamento 2023. Pincha aqu\u00ed para ir a la p\u00e1gina del Campamento Virtual Reboira 2023, en la que cada d\u00eda contamos las novedades desde el campamento. Estos son los&nbsp;correos electr\u00f3nicos&nbsp;que nos vais enviando a lo largo de todo el campamento a scouts284.2@gmail.com. [&hellip;]<\/p>\n","protected":false},"author":2,"featured_media":0,"parent":0,"menu_order":0,"comment_status":"closed","ping_status":"closed","template":"","meta":{"footnotes":""},"class_list":["post-2528","page","type-page","status-publish","hentry"],"jetpack_sharing_enabled":true,"_links":{"self":[{"href":"https:\/\/www.scouts284.org\/index.php\/wp-json\/wp\/v2\/pages\/2528","targetHints":{"allow":["GET"]}}],"collection":[{"href":"https:\/\/www.scouts284.org\/index.php\/wp-json\/wp\/v2\/pages"}],"about":[{"href":"https:\/\/www.scouts284.org\/index.php\/wp-json\/wp\/v2\/types\/page"}],"author":[{"embeddable":true,"href":"https:\/\/www.scouts284.org\/index.php\/wp-json\/wp\/v2\/users\/2"}],"replies":[{"embeddable":true,"href":"https:\/\/www.scouts284.org\/index.php\/wp-json\/wp\/v2\/comments?post=2528"}],"version-history":[{"count":9,"href":"https:\/\/www.scouts284.org\/index.php\/wp-json\/wp\/v2\/pages\/2528\/revisions"}],"predecessor-version":[{"id":2722,"href":"https:\/\/www.scouts284.org\/index.php\/wp-json\/wp\/v2\/pages\/2528\/revisions\/2722"}],"wp:attachment":[{"href":"https:\/\/www.scouts284.org\/index.php\/wp-json\/wp\/v2\/media?parent=2528"}],"curies":[{"name":"wp","href":"https:\/\/api.w.org\/{rel}","templated":true}]}}