{"id":2516,"date":"2023-07-11T22:48:32","date_gmt":"2023-07-11T20:48:32","guid":{"rendered":"http:\/\/www.scouts284.org\/?page_id=2516"},"modified":"2023-07-12T00:06:02","modified_gmt":"2023-07-11T22:06:02","slug":"campamento-2023","status":"publish","type":"page","link":"https:\/\/www.scouts284.org\/index.php\/campamento-2023\/","title":{"rendered":"Campamento 2023"},"content":{"rendered":"\n<p><strong>\u00a1Bienvenidos a la p\u00e1gina principal del Campamento 2023!<\/strong><\/p>\n\n\n\n<p>\u00a1\u00a1Por fin ha llegado el primer campamento post-Covid en el que vamos a montar nuestro campa de siempre!! Esta vez montaremos nuestro comedor, cocina, nuestro m\u00e1stil, duchas&#8230; \ud83d\ude42<\/p>\n\n\n\n<p>Nos vamos a <strong>Reboira<\/strong>, en la provincia de Lugo. Esta vez \u00abla campa\u00bb en la que vamos a montar nuestro campamento es un terreno grande y di\u00e1fano, sin \u00e1rboles, aunque rodeado de parcelas con \u00e1rboles. De hecho, en nuestra campa ha habido \u00e1rboles hasta hace unos pocos a\u00f1os, y en la foto del Google Maps, que es de 2020, todav\u00eda aparece con \u00e1rboles.<\/p>\n\n\n\n<p>\u00bfNos acordaremos de c\u00f3mo se montaba todo? Je, je, \u00a1esperemos que s\u00ed! S\u00f3lo ha sido un a\u00f1o de ir a un campamento con todo montado, pero lo echamos de menos.<\/p>\n\n\n\n<p>Puedes encontrar toda la informaci\u00f3n del campamento en:<\/p>\n\n\n\n<ul class=\"wp-block-list\">\n<li><strong><a href=\"https:\/\/www.scouts284.org\/index.php\/campamento-virtual-reboira-2023\/\">Campamento Virtual<\/a><\/strong> &#8211; nuestro \u00abdiario de a bordo\u00bb o \u00abcuaderno de caza\u00bb y los \u00e1lbumes de fotos que vamos subiendo.<\/li>\n\n\n\n<li><strong><a href=\"https:\/\/www.scouts284.org\/index.php\/correos-enviados-a-reboira-2023\/\">Correos enviados al campamento<\/a><\/strong> &#8211; vuestros mensajes al campamento, enviados a <a rel=\"noreferrer noopener\" aria-label=\" (abre en una nueva pesta\u00f1a)\" href=\"mailto:scouts284.2@gmail.com\" target=\"_blank\">scouts284.2@gmail.com<\/a> y que publicamos aqu\u00ed para que los vea todo el mundo en esta web, pero que no les leemos a los ni\u00f1os.<\/li>\n<\/ul>\n\n\n\n<p>Aqu\u00ed estamos, en una parcela enorme de 10 hect\u00e1reas! <\/p>\n\n\n\n<p>Latitud: 43\u00ba 10&#8242; 36.09&#8243; N<br>Longitud: 7\u00ba 3&#8242; 8.70&#8243; O<\/p>\n\n\n\n<p><a href=\"https:\/\/goo.gl\/maps\/b5sLwqp8hUSUuHcz7\">https:\/\/goo.gl\/maps\/b5sLwqp8hUSUuHcz7<\/a><\/p>\n\n\n\n<p><img loading=\"lazy\" decoding=\"async\" width=\"1218\" height=\"918\" class=\"size-full wp-image-2517 aligncenter\" src=\"https:\/\/www.scouts284.org\/wp-content\/uploads\/2023\/07\/Reboira_parcela.png\" alt=\"\"><\/p>\n\n\n\n<iframe src=\"https:\/\/www.google.com\/maps\/embed?pb=!1m18!1m12!1m3!1d20033.10868258734!2d-7.047962944395468!3d43.1780523887196!2m3!1f0!2f0!3f0!3m2!1i1024!2i768!4f13.1!3m3!1m2!1s0xd310979fa6db2c3%3A0x8571f0872ea6d8b8!2sReboira%2C%20Lugo!5e1!3m2!1ses!2ses!4v1689108919403!5m2!1ses!2ses\" width=\"600\" height=\"450\" style=\"border:0;\" allowfullscreen=\"\" loading=\"lazy\" referrerpolicy=\"no-referrer-when-downgrade\"><\/iframe>\n","protected":false},"excerpt":{"rendered":"<p>\u00a1Bienvenidos a la p\u00e1gina principal del Campamento 2023! \u00a1\u00a1Por fin ha llegado el primer campamento post-Covid en el que vamos a montar nuestro campa de siempre!! Esta vez montaremos nuestro comedor, cocina, nuestro m\u00e1stil, duchas&#8230; \ud83d\ude42 Nos vamos a Reboira, en la provincia de Lugo. Esta vez \u00abla campa\u00bb en [&hellip;]<\/p>\n","protected":false},"author":2,"featured_media":0,"parent":0,"menu_order":0,"comment_status":"closed","ping_status":"closed","template":"","meta":{"footnotes":""},"class_list":["post-2516","page","type-page","status-publish","hentry"],"jetpack_sharing_enabled":true,"_links":{"self":[{"href":"https:\/\/www.scouts284.org\/index.php\/wp-json\/wp\/v2\/pages\/2516","targetHints":{"allow":["GET"]}}],"collection":[{"href":"https:\/\/www.scouts284.org\/index.php\/wp-json\/wp\/v2\/pages"}],"about":[{"href":"https:\/\/www.scouts284.org\/index.php\/wp-json\/wp\/v2\/types\/page"}],"author":[{"embeddable":true,"href":"https:\/\/www.scouts284.org\/index.php\/wp-json\/wp\/v2\/users\/2"}],"replies":[{"embeddable":true,"href":"https:\/\/www.scouts284.org\/index.php\/wp-json\/wp\/v2\/comments?post=2516"}],"version-history":[{"count":4,"href":"https:\/\/www.scouts284.org\/index.php\/wp-json\/wp\/v2\/pages\/2516\/revisions"}],"predecessor-version":[{"id":2532,"href":"https:\/\/www.scouts284.org\/index.php\/wp-json\/wp\/v2\/pages\/2516\/revisions\/2532"}],"wp:attachment":[{"href":"https:\/\/www.scouts284.org\/index.php\/wp-json\/wp\/v2\/media?parent=2516"}],"curies":[{"name":"wp","href":"https:\/\/api.w.org\/{rel}","templated":true}]}}