{"id":2326,"date":"2023-05-11T22:13:19","date_gmt":"2023-05-11T20:13:19","guid":{"rendered":"http:\/\/www.scouts284.org\/?page_id=2326"},"modified":"2023-09-24T23:42:13","modified_gmt":"2023-09-24T21:42:13","slug":"50-aniversario-concursos-logos","status":"publish","type":"page","link":"https:\/\/www.scouts284.org\/index.php\/50-aniversario-concursos-logos\/","title":{"rendered":"Concursos de logos"},"content":{"rendered":"\n<h2 class=\"wp-block-heading has-text-align-center\">50 a\u00f1os no se cumplen todos los d\u00edas \ud83e\udde1<\/h2>\n\n\n\n<p class=\"has-text-align-center\">Y los del 284 van a ser legendarios \ud83d\ude0f&nbsp;<\/p>\n\n\n\n<p class=\"has-text-align-center\">\u00a1Sigue leyendo para saber todo lo que estamos preparando!<\/p>\n\n\n\n<div class=\"wp-block-group\"><div class=\"wp-block-group__inner-container is-layout-constrained wp-block-group-is-layout-constrained\">\n<figure class=\"wp-block-table is-style-stripes\"><table><tbody><tr><td class=\"has-text-align-center\" data-align=\"center\">\u00bfAlguna vez has pensado que molar\u00eda que el Grupo Scout 284 tuviera logo?<br>\u00bfQuieres dise\u00f1ar el logo que usaremos en todo lo relacionado con el 50 aniversario?<br><br>Saca tus l\u00e1pices, rotuladores, ordenador o\u00a0tablet y tu vena m\u00e1s art\u00edstica porque&#8230;\u00a0\u00a1te estamos buscando! \ud83c\udfa8\u00a0Convocamos no uno sino&#8230; \u00a1<strong>dos concursos de logos<\/strong>!\u00a0<br><a href=\"https:\/\/www.scouts284.org\/index.php\/concurso-de-logotipos-del-grupo-scout-284\/\"><strong>Para el Grupo<\/strong><\/a>\u00a0y\u00a0<a href=\"https:\/\/www.scouts284.org\/index.php\/concurso-logotipo-50-aniversario-284\/\"><strong>para el 50 aniversario<\/strong><\/a>. <br><br>\ud83d\udce2 <strong>ACTUALIZACI\u00d3N IMPORTANTE: (24-sep-2023 a las 23:40)<\/strong>:<br><br><strong>\u00a1Ya tenemos ganadores!<\/strong><br><br>Ya tenemos ganadores de los concursos de logos, as\u00ed que tenemos logotipos para el 50 Aniversario y para el Grupo! \ud83d\ude00 Despu\u00e9s de una fase de votaci\u00f3n por Internet y otra fase de selecci\u00f3n de 3 finalistas por el Jurado, se han elegido por votaci\u00f3n en la acampada de jefes.<br><br>En los enlaces de abajo puedes ver los ganadores de ambos concursos.<\/td><\/tr><\/tbody><\/table><\/figure>\n<\/div><\/div>\n\n\n\n<p><\/p>\n\n\n\n<p class=\"has-text-align-center\">\u00a1No te pierdas los dos concursos!<\/p>\n\n\n\n<figure class=\"wp-block-table is-style-stripes has-medium-font-size\"><table class=\"has-white-background-color has-background has-fixed-layout\"><tbody><tr><td class=\"has-text-align-center\" data-align=\"center\"><a href=\"https:\/\/www.scouts284.org\/index.php\/concurso-de-logotipos-del-grupo-scout-284\/\"><img loading=\"lazy\" decoding=\"async\" width=\"300\" height=\"300\" class=\"wp-image-2255\" style=\"width: 300px;\" src=\"https:\/\/www.scouts284.org\/wp-content\/uploads\/2023\/04\/logo284_800.png\" alt=\"\"><\/a><br><br><a href=\"https:\/\/www.scouts284.org\/index.php\/concurso-de-logotipos-del-grupo-scout-284\/\"><strong>Logo para el Grupo Scout 284<\/strong><\/a><br><\/td><td class=\"has-text-align-center\" data-align=\"center\"><a href=\"https:\/\/www.scouts284.org\/index.php\/concurso-logotipo-50-aniversario-284\/\"><img decoding=\"async\" style=\"width: 300px;\" src=\"https:\/\/www.scouts284.org\/wp-content\/uploads\/2023\/04\/logo28450_800.png\" alt=\"\"><\/a><br><br><a href=\"https:\/\/www.scouts284.org\/index.php\/concurso-logotipo-50-aniversario-284\/\"><strong>Logo para el 50 aniversario<\/strong><\/a><br><\/td><\/tr><tr><td class=\"has-text-align-center\" data-align=\"center\"><\/td><td class=\"has-text-align-center\" data-align=\"center\"><\/td><\/tr><\/tbody><\/table><\/figure>\n\n\n\n<div style=\"height:41px\" aria-hidden=\"true\" class=\"wp-block-spacer\"><\/div>\n\n\n\n<h4 class=\"wp-block-heading has-text-align-center\">\u00bfQuieres recibir todas las novedades del 50 aniversario?<\/h4>\n\n\n\n<p class=\"has-text-align-center\">Hemos creado una lista de correo, puedes apuntarte para enterarte antes que nadie de todas las iniciativas en marcha \ud83d\udc47\ud83c\udffc<\/p>\n\n\n\n<p class=\"has-text-align-center\"><a rel=\"noreferrer noopener\" href=\"https:\/\/stats.sender.net\/link_click\/GjstDfLyUg_BwAek\/e688f6fb3fb2820b751d67b315e13b2c\" target=\"_blank\"><strong>Me apunto a la lista<\/strong><\/a><\/p>\n\n\n\n<div style=\"height:52px\" aria-hidden=\"true\" class=\"wp-block-spacer\"><\/div>\n","protected":false},"excerpt":{"rendered":"<p>50 a\u00f1os no se cumplen todos los d\u00edas \ud83e\udde1 Y los del 284 van a ser legendarios \ud83d\ude0f&nbsp; \u00a1Sigue leyendo para saber todo lo que estamos preparando! \u00bfAlguna vez has pensado que molar\u00eda que el Grupo Scout 284 tuviera logo?\u00bfQuieres dise\u00f1ar el logo que usaremos en todo lo relacionado con [&hellip;]<\/p>\n","protected":false},"author":2,"featured_media":0,"parent":0,"menu_order":0,"comment_status":"closed","ping_status":"closed","template":"","meta":{"footnotes":""},"class_list":["post-2326","page","type-page","status-publish","hentry"],"jetpack_sharing_enabled":true,"_links":{"self":[{"href":"https:\/\/www.scouts284.org\/index.php\/wp-json\/wp\/v2\/pages\/2326","targetHints":{"allow":["GET"]}}],"collection":[{"href":"https:\/\/www.scouts284.org\/index.php\/wp-json\/wp\/v2\/pages"}],"about":[{"href":"https:\/\/www.scouts284.org\/index.php\/wp-json\/wp\/v2\/types\/page"}],"author":[{"embeddable":true,"href":"https:\/\/www.scouts284.org\/index.php\/wp-json\/wp\/v2\/users\/2"}],"replies":[{"embeddable":true,"href":"https:\/\/www.scouts284.org\/index.php\/wp-json\/wp\/v2\/comments?post=2326"}],"version-history":[{"count":45,"href":"https:\/\/www.scouts284.org\/index.php\/wp-json\/wp\/v2\/pages\/2326\/revisions"}],"predecessor-version":[{"id":2868,"href":"https:\/\/www.scouts284.org\/index.php\/wp-json\/wp\/v2\/pages\/2326\/revisions\/2868"}],"wp:attachment":[{"href":"https:\/\/www.scouts284.org\/index.php\/wp-json\/wp\/v2\/media?parent=2326"}],"curies":[{"name":"wp","href":"https:\/\/api.w.org\/{rel}","templated":true}]}}