{"id":2196,"date":"2023-04-07T20:43:49","date_gmt":"2023-04-07T18:43:49","guid":{"rendered":"http:\/\/www.scouts284.org\/?page_id=2196"},"modified":"2025-03-02T20:12:29","modified_gmt":"2025-03-02T19:12:29","slug":"40-aniversario-ronda-solar-2014-2015","status":"publish","type":"page","link":"https:\/\/www.scouts284.org\/index.php\/40-aniversario-ronda-solar-2014-2015\/","title":{"rendered":"40 Aniversario &#8211; Ronda Solar 2014-2015"},"content":{"rendered":"<p>\u00a1La Ronda Solar 2014-2015 es la ronda 40 del Grupo Scout 284 Reina del Cielo!<\/p>\n<p><strong><a href=\"https:\/\/www.scouts284.org\/index.php\/campamento-2015\/\">Campamento Villanova 2015<\/a><\/strong><\/p>\n<p>\u00c1lbumes de fotos del evento celebrado en el Hotel Col\u00f3n &#8211; Reuni\u00f3n de antiguos scouts:<\/p>\n<p><strong><a href=\"https:\/\/www.youtube.com\/watch?v=kL0MUpCJNPg\">V\u00eddeo conmemorativo del 40 Aniversario<\/a><\/strong><\/p>\n<p><a href=\"https:\/\/photos.app.goo.gl\/oGAWWw4qxjnhDfKM7\"><strong>Fotos oficiales en el photo call en el Hotel Col\u00f3n<\/strong><\/a><\/p>\n<p><a href=\"https:\/\/photos.app.goo.gl\/QdcaEcHcwWBQsjp86\"><strong>Nuevas fotos del evento<\/strong><\/a><\/p>\n<p>\u00a1Ha sido un placer disfrutar de tantos reencuentros!<\/p>\n<p>\u00a1Buena caza y largas lunas!<\/p>\n\n\n<p><\/p>\n","protected":false},"excerpt":{"rendered":"<p>\u00a1La Ronda Solar 2014-2015 es la ronda 40 del Grupo Scout 284 Reina del Cielo! Campamento Villanova 2015 \u00c1lbumes de fotos del evento celebrado en el Hotel Col\u00f3n &#8211; Reuni\u00f3n de antiguos scouts: V\u00eddeo conmemorativo del 40 Aniversario Fotos oficiales en el photo call en el Hotel Col\u00f3n Nuevas fotos [&hellip;]<\/p>\n","protected":false},"author":2,"featured_media":2200,"parent":0,"menu_order":0,"comment_status":"closed","ping_status":"closed","template":"","meta":{"footnotes":""},"class_list":["post-2196","page","type-page","status-publish","has-post-thumbnail","hentry"],"jetpack_sharing_enabled":true,"_links":{"self":[{"href":"https:\/\/www.scouts284.org\/index.php\/wp-json\/wp\/v2\/pages\/2196","targetHints":{"allow":["GET"]}}],"collection":[{"href":"https:\/\/www.scouts284.org\/index.php\/wp-json\/wp\/v2\/pages"}],"about":[{"href":"https:\/\/www.scouts284.org\/index.php\/wp-json\/wp\/v2\/types\/page"}],"author":[{"embeddable":true,"href":"https:\/\/www.scouts284.org\/index.php\/wp-json\/wp\/v2\/users\/2"}],"replies":[{"embeddable":true,"href":"https:\/\/www.scouts284.org\/index.php\/wp-json\/wp\/v2\/comments?post=2196"}],"version-history":[{"count":7,"href":"https:\/\/www.scouts284.org\/index.php\/wp-json\/wp\/v2\/pages\/2196\/revisions"}],"predecessor-version":[{"id":3365,"href":"https:\/\/www.scouts284.org\/index.php\/wp-json\/wp\/v2\/pages\/2196\/revisions\/3365"}],"wp:featuredmedia":[{"embeddable":true,"href":"https:\/\/www.scouts284.org\/index.php\/wp-json\/wp\/v2\/media\/2200"}],"wp:attachment":[{"href":"https:\/\/www.scouts284.org\/index.php\/wp-json\/wp\/v2\/media?parent=2196"}],"curies":[{"name":"wp","href":"https:\/\/api.w.org\/{rel}","templated":true}]}}