{"id":1571,"date":"2022-07-12T00:26:03","date_gmt":"2022-07-11T22:26:03","guid":{"rendered":"http:\/\/www.scouts284.org\/?page_id=1571"},"modified":"2022-08-11T23:45:42","modified_gmt":"2022-08-11T21:45:42","slug":"correos-enviados-a-covaleda-2022","status":"publish","type":"page","link":"https:\/\/www.scouts284.org\/index.php\/campamento-2022\/correos-enviados-a-covaleda-2022\/","title":{"rendered":"Correos enviados a Covaleda 2022"},"content":{"rendered":"<p><a href=\"https:\/\/www.scouts284.org\/index.php\/campamento-2022\/\">Pincha aqu\u00ed para volver a la p\u00e1gina principal del Campamento 2022<\/a>.<\/p>\n<p><a href=\"https:\/\/www.scouts284.org\/index.php\/campamento-2022\/campamento-virtual-covaleda-2022\/\">Pincha aqu\u00ed para ir a la p\u00e1gina del Campamento Virtual Covaleda 2022<\/a>, en la que cada d\u00eda contamos las novedades desde el campamento.<\/p>\n<p><span>Estos son los\u00a0<\/span><strong>correos electr\u00f3nicos\u00a0<\/strong><span>que nos vais enviando a lo largo de todo el campamento a\u00a0<\/span><strong><a href=\"mailto:scouts284.2@gmail.com\">scouts284.2@gmail.com<\/a><\/strong><span>. \u00a1Nos hace ilusi\u00f3n recibir vuestros mensajes!<\/span><\/p>\n<hr \/>\n<h2>31 de julio<\/h2>\n<h4><span>Gracias<\/span><\/h4>\n<p style=\"font-weight: 400;\"><span>Buenas noches,<\/span><\/p>\n<div dir=\"auto\">Solo quer\u00eda transmitiros mi m\u00e1s sincero agradecimiento a todos por el magnifico trabajo que hab\u00e9is hecho con Javier a lo largo de todo el a\u00f1o y el especial esfuerzo en el campamento de verano. Os lo agradecemos de coraz\u00f3n.<\/div>\n<div dir=\"auto\"><\/div>\n<div dir=\"auto\">Muchas gracias y feliz verano<\/div>\n<div dir=\"auto\"><\/div>\n<div dir=\"auto\">Paloma Mart\u00ednez<\/div>\n<div dir=\"auto\">\n<hr \/>\n<\/div>\n<h2>29 de julio<\/h2>\n<h4><span>Qu\u00e9 alegr\u00eda 284<\/span><\/h4>\n<p style=\"font-weight: 400;\"><span>Querido grupo scout 284:<\/span><\/p>\n<div dir=\"auto\">Qu\u00e9 alegr\u00eda seguir el campamento de forma virtual.<\/p>\n<div dir=\"auto\"><\/div>\n<div dir=\"auto\">Qu\u00e9 alegr\u00eda tan grande ver todav\u00eda rostros conocidos, a pesar de que hace casi 30 a\u00f1os de mi presencia como Scouter en la tropa Caimanes (y antes clanero, esculta, tropero y lobato)<\/div>\n<div dir=\"auto\"><\/div>\n<div dir=\"auto\">Qu\u00e9 alegr\u00eda ver sigue existiendo gente joven (scouters) con pasi\u00f3n por educar en valores y deseo de ayudar a los m\u00e1s peque\u00f1os.<\/div>\n<div dir=\"auto\"><\/div>\n<div dir=\"auto\">Qu\u00e9 alegr\u00eda que mi hija est\u00e1 en lobatos-Ethawa (besos Gabriela).<\/div>\n<div dir=\"auto\"><\/div>\n<div dir=\"auto\">Qu\u00e9 alegr\u00eda que sigan en tan buena forma Hermes y Sergio Zapata \ud83d\ude09<\/div>\n<div dir=\"auto\"><\/div>\n<div dir=\"auto\">En fin, mucha alegr\u00eda de que la tradici\u00f3n del 284 contin\u00fae.<\/div>\n<div dir=\"auto\">\n<div dir=\"auto\"><\/div>\n<div dir=\"auto\">Un fuerte abrazo a todos desde Albania (que no Alemania).<\/div>\n<div dir=\"auto\"><\/div>\n<div dir=\"auto\"><\/div>\n<div dir=\"auto\">Oscar Ruiz Barba<\/div>\n<\/div>\n<\/div>\n<div dir=\"auto\">\n<hr \/>\n<\/div>\n<h2>27 de julio<\/h2>\n<h4><span>CUMPLEA\u00d1OS DE \u00c1LVARO RODRIGO<\/span><\/h4>\n<p style=\"font-weight: 400;\">Muchas felicidades \u00c1lvaro Esperamos que lo pases muy bien y que aprendas muchas cosa.<\/p>\n<p style=\"font-weight: 400;\">Tus abuelos Felipe y Nieves.<\/p>\n<h4><span>Hola campa!!<\/span><\/h4>\n<div dir=\"auto\">No pod\u00edamos dejar de dar nuestro agradecimiento a la Caba\u00f1a, Comuna y el resto de scouters que est\u00e1n pendientes de los ni\u00f1os.<\/div>\n<div dir=\"auto\">El d\u00eda de padres emocionante y tal y como nos dijo Guillermo, el castor se quer\u00eda volver a casa<img decoding=\"async\" data-emoji=\"\ud83d\ude02\" class=\"an1\" alt=\"\ud83d\ude02\" aria-label=\"\ud83d\ude02\" src=\"https:\/\/fonts.gstatic.com\/s\/e\/notoemoji\/14.0\/1f602\/72.png\" loading=\"lazy\" \/>.<\/div>\n<div dir=\"auto\">Un poco dura la despedida, pero como le dije: es la mejor semana con el festival de la canci\u00f3n ( del que disfrutamos mucho ayer), el fuego de campamento y los pases.<\/div>\n<div dir=\"auto\"><\/div>\n<div dir=\"auto\">El Tropero estaba encantado ense\u00f1\u00e1ndonos la parcela, con la peque\u00f1a torre que hab\u00edan construido en la entrada, hasta una foto nos pidi\u00f3, no siendo muy de su gusto hacerse fotos.<\/div>\n<div dir=\"auto\">Ma\u00f1ana estaremos los tres delante de la tv para ver el Fuego de Campamento y disfrutar de todo lo que preparan.<\/div>\n<div dir=\"auto\">Ya no queda nada\u00a0 para su vuelta, estando su hermano peque\u00f1o deseoso de ver a sus hermanos mayores.<\/div>\n<div dir=\"auto\"><\/div>\n<div dir=\"auto\">Y como no podia ser de otra forma, una decisi\u00f3n acertada las invitaciones a los otros grupos scout a participar en la celebraci\u00f3n de la Misa, el festival y ya veremos si tambi\u00e9n ma\u00f1ana.<\/div>\n<div dir=\"auto\"><\/div>\n<div dir=\"auto\">Gracias por organizar el mejor campamento desde hace tres a\u00f1os y por contarnos cada d\u00eda lo que hacen y colgar fotos&#8230;menudo rato divertido que pasamos .<\/div>\n<div dir=\"auto\"><\/div>\n<div dir=\"auto\">Buena caza<\/div>\n<div dir=\"auto\"><\/div>\n<div dir=\"auto\">Beatriz y Antonio<\/div>\n<div dir=\"auto\">\n<hr \/>\n<\/div>\n<h2>26 de julio<\/h2>\n<h4><span>PEDRO Y PABLO PICAPIEDRA CHARLAN con un tal JESUS<\/span><\/h4>\n<p style=\"font-weight: 400;\">Buenas noches a todos,<\/p>\n<p style=\"font-weight: 400;\">No s\u00e9 bien c\u00f3mo, pero ha llegado hasta m\u00ed un episodio de Los Picapiedra, \u2026<\/p>\n<p style=\"font-weight: 400;\">\u00a1Entra\u00f1ables verdad!<\/p>\n<p style=\"font-weight: 400;\">Creo que era un sue\u00f1o, charlaban animosamente Pedro y Pablo con un tal Jes\u00fas:<\/p>\n<p style=\"font-weight: 400;\">_ \u00bfTe llamas\u2026?<\/p>\n<p style=\"font-weight: 400;\">_\u00a0 Pedro Picapiedra es mi nombre, s\u00ed, y mi esposa Vilma Picapiedra.<\/p>\n<p style=\"font-weight: 400;\">_ \u00bfTen\u00e9is buenos amigos?<\/p>\n<p style=\"font-weight: 400;\">_ S\u00ed, los mejores del mundo: Pablo M\u00e1rmol y Betty M\u00e1rmol. Somos inseparables, con ellos hemos vivido infinitas cosas aqu\u00ed en<span>\u00a0<\/span><em>Piedradura.<span>\u00a0<\/span><\/em>Reconozco que nos hemos metido en muchos l\u00edos\u2026, quiz\u00e1 en muchos por mi culpa. Pero siempre nuestra amistad ha sido la clave para salir adelante.<\/p>\n<p style=\"font-weight: 400;\">\u00a0\u00a0\u00a0Pablo M\u00e1rmol es m\u00e1s tranquilo y pausado, yo soy m\u00e1s impulsivo y rudo. Betty M\u00e1rmol es dulce y confiada y, mi esposa Vilma es paciente y comprensiva\u2026 Todos distintos y todos necesarios, juntos somos un equipo ganador. Nunca Pablo me ha culpado de mis meteduras de pata\u2026<\/p>\n<p style=\"font-weight: 400;\">Nunca yo le he recriminado su excesiva tranquilidad e inseguridad, porque Pablo sobre todo es muy reflexivo. Y por eso me sienta tan bien, y yo creo que, aunque impulsivo y rudo soy muy alegre e imaginativo.\u00a0 \u00a0\u00a1<em>yabba daba doo<\/em>\u00a1<\/p>\n<p style=\"font-weight: 400;\">Somos un gran equipo, y yo sin \u201cmi enano\u2026\u201d, no podr\u00eda haber llegado hasta aqu\u00ed. Hemos vivido fascinantes aventuras con nuestro troncom\u00f3vil y hemos aprendido mucho el uno del otro\u2026<\/p>\n<p style=\"font-weight: 400;\">_ Buena f\u00f3rmula de amistad: cari\u00f1o, empat\u00eda, distintos<span>\u00a0<\/span><em>talentos<\/em><span>\u00a0<\/span>pero por encima de todo unidad.<\/p>\n<p style=\"font-weight: 400;\">_ \u00bfDiferentes qu\u00e9\u2026,<span>\u00a0<\/span><em>yabba daba doo<\/em>, vaya palabro?<\/p>\n<p style=\"font-weight: 400;\">_ No te preocupes Pedro, t\u00fa le llamas enano, t\u00fa cuentas con \u00e9l siempre, t\u00fa disfrutas con \u00e9l la vida, t\u00fa le admiras y le respetas. Yo a eso lo llamo \u201ctalentos\u201d, siempre al servicio de la amistad, combinaci\u00f3n siempre ganadora.<\/p>\n<p style=\"font-weight: 400;\">Perdonad lectores de este mail, ufff, que sue\u00f1o m\u00e1s lejano y cercano, no s\u00e9 si apto para boomers, centenials, milenials, generaci\u00f3n Z\u2026<\/p>\n<p style=\"font-weight: 400;\">Buenas noches campamento de Covaleda, gracias por ser 284, lleno de tantos y tantos \u201ctalentos\u201d.<\/p>\n<p style=\"font-weight: 400;\">Rosa Fern\u00e1ndez<span>\u00a0<\/span><\/p>\n<hr \/>\n<h2>25 de julio<\/h2>\n<h4><span>Querido campamento<\/span><\/h4>\n<p><span>Querida familia naranja:<\/span><\/p>\n<div>Estaba yo quitando pinchitos de la primera tanda de ropa que trajimos ayer y pensando a la vez qu\u00e9 deciros. Lo primero de todo daros las gracias por el maravilloso d\u00eda de padres que nos dejasteis compartir con todos vosotros. En nuestro caso concreto muchos a\u00f1os ya sin ir a un d\u00eda de padres porque nuestro \u00abcastor grande\u00bb\u00a0 andaba con sus compis subiendo picos y los dos \u00faltimos a\u00f1os&#8230;..pues eso, lo que sabemos todos. Eso s\u00ed, si no hab\u00eda d\u00eda de padres, hab\u00eda fuego y all\u00ed est\u00e1bamos. Hab\u00eda que pisar campamento como fuera y cuando fuera.<\/div>\n<div><\/div>\n<div>Gracias por ense\u00f1ar tantas cosas a los ni\u00f1os y a nosotros mismos, porque s\u00ed, nosotros tambi\u00e9n aprendemos de todo\u00a0esto. A mi me da que pensar que nos pasamos la vida facilit\u00e1ndoles la suya y resulta que luego vuelven de un ra\u00edd\u00a0que cuanto\u00a0m\u00e1s dif\u00edcil es y m\u00e1s canutas las pasan, m\u00e1s felices y orgullosos vienen, y que cuando ya son mayores y lo preparan ellos lo cambian entero porque les parecen pocos kil\u00f3metros o porque no tienen suficiente pendiente. Esto no hay quien lo entienda&#8230;&#8230; .<\/div>\n<div><\/div>\n<div>A los ni\u00f1os puede que les de\u00a0un poco de mieditis, salen de la zona de confort del campa y eso siempre cuesta. A algunos padres pues tambi\u00e9n supongo pero no tengamos\u00a0miedo, a\u00fan fuera de campamento est\u00e1n vigilados, protegidos y al cuidado de unos chavales que se dejar\u00edan la piel por \u00absus ni\u00f1os\u00bb como dicen ellos. Ahora como madre de uno de los que llevan y no le llevan, reconozco que lo paso un poco peor pero pienso en los cimientos que han\u00a0echado en el grupo, todo lo que han aprendido en tantos a\u00f1os y me vuelvo a relajar, adem\u00e1s, la Virgen del Camino va con ellos. \u00bfQu\u00e9 m\u00e1s se puede pedir?<\/div>\n<div><\/div>\n<div>Reconozco que no soy objetiva, a mi me gusta todo de all\u00ed, hasta las antiguas letrinas&#8230;&#8230;&#8230;. que ya es gustar !<\/div>\n<div><\/div>\n<div>\u00a0Qu\u00e9 gusto volver a ver a antiguos scouters\u00a0con sus ardillas, est\u00e1 claro que vuelven\u00a0a casa y encima acompa\u00f1ados.<\/div>\n<div><\/div>\n<div>Gracias por tener normas y disciplina, s\u00ed, no hay otra manera de poder manejar a tanta\u00a0chiquiller\u00eda junta. Las normas y la disciplina son necesarias siempre y all\u00ed lo llev\u00e1is a rajatabla, pero tambi\u00e9n flexibles y abiertos cuando es necesario. Gracias.<\/div>\n<div><\/div>\n<div>No me extiendo m\u00e1s porque habr\u00eda mucho que m\u00e1s que decir, s\u00f3lo agradeceros de verdad la labor que hac\u00e9is, no queda en saco roto. Scouters, coordinaci\u00f3n, caba\u00f1a. S\u00ed, caba\u00f1a, tan luchadora y tan protectora, y un abrazo grande a Ignacio, el \u00abculpable\u00bb de que trasnoche durante quince d\u00edas esperando poder atisbar algo.<\/div>\n<div><\/div>\n<div>Os deseo lo mejor para estos d\u00edas\u00a0que quedan y os mando un abrazo\u00a0 #orgullosamente naranja.<\/div>\n<div><\/div>\n<div>Carolina<\/div>\n<div><\/div>\n<h4><span>Felicitaciones y cartas<\/span><\/h4>\n<div><span style=\"font-size: revert; color: initial;\">Soy Felipe Rodrigo Prada, el abuelo de<\/span><strong style=\"font-size: revert; color: initial;\">\u00a0\u00c1lvaro Rodrigo Serrano<\/strong><span style=\"font-size: revert; color: initial;\">\u00a0<\/span><span style=\"font-size: revert; color: initial;\">y<\/span><span style=\"font-size: revert; color: initial;\">\u00a0<\/span><strong style=\"font-size: revert; color: initial;\">de Marcos Rodrigo Serrano<\/strong><span style=\"font-size: revert; color: initial;\">, ambos de la unidad<\/span><span style=\"font-size: revert; color: initial;\">\u00a0<\/span><strong style=\"font-size: revert; color: initial;\">LOBATOS CHIKAY<\/strong><span style=\"font-size: revert; color: initial;\">.<\/span><\/div>\n<div>\n<p style=\"font-weight: 400;\">Ante todo les quiero felicitar por la gran organizaci\u00f3n que tienen y por el seguimiento que podemos hacer a trav\u00e9s de las fotos y del diario que vais escribiendo.<\/p>\n<p style=\"font-weight: 400;\">Tambi\u00e9n quiero ser agradecido con los monitores por la gran labor de entretenimiento y de educaci\u00f3n que les trasmiten a los ni\u00f1os, por eso estoy inmensamente agradecido.<\/p>\n<p style=\"font-weight: 400;\">El motivo de este correo tambi\u00e9n es para deciros , que con fecha de hoy les he mandado una carta a cada uno de mis nietos; y dado que pasado ma\u00f1ana, mi nieto \u00c1lvaro celebra su cumplea\u00f1os. Tuvierais el detalle de entregarle la carta ese d\u00eda.<\/p>\n<p style=\"font-weight: 400;\">Probablemente le llegue ma\u00f1ana y si as\u00ed fuera, se la reten\u00e9is, entreg\u00e1ndosela el mismo d\u00eda de su cumplea\u00f1os.<\/p>\n<p style=\"font-weight: 400;\">Nada m\u00e1s nuevamente repetirle <strong>mi m\u00e1s sincero agradecimiento por toda la labor realizada.<\/strong><\/p>\n<p style=\"font-weight: 400;\">Recibid todos un cordial saludo.<\/p>\n<p style=\"font-weight: 400;\">Felipe Rodrigo Prada<\/p>\n<\/div>\n<h4 id=\":195\" class=\"hP\" data-thread-perm-id=\"thread-f:1739321611484257838\" data-legacy-thread-id=\"18234fca52adde2e\" tabindex=\"-1\">Mil abrazos a todos!!!<\/h4>\n<div dir=\"auto\">Buenos d\u00edas a todos!!<\/div>\n<div dir=\"auto\"><\/div>\n<div dir=\"auto\">Solo quer\u00eda deciros que me parece fant\u00e1stica la experiencia que est\u00e1is viviendo.<\/div>\n<div dir=\"auto\">Cada noche alucino viendo las fotos y leyendo el cuaderno de caza (a veces me pierdo un poco con toda esa jerga de los scout, que parece propia de iniciados&#8230;) \u00a1\u00a1C\u00f3mo me habr\u00eda gustado haber sido miembro de un grupo scout desde la infancia, como mi hijo!!<\/div>\n<div dir=\"auto\"><\/div>\n<div dir=\"auto\">De verdad, MIL GRACIAS POR TODO LO QUE\u00a0EST\u00c1N APRENDIENDO Y DISFRUTANDO en plena naturaleza, rodeados de buenas personas.\u00a0<span>Creo que nunca, nunca, lo olvidar\u00e1n. Formar\u00e1 parte de su bagaje personal.<\/span><\/div>\n<div dir=\"auto\"><\/div>\n<div dir=\"auto\">Un abrazo muy fuerte a todo el campa: seisenas, caba\u00f1a, comuna, escultas&#8230; Y todo lo que sea, que me pierdo!!!\u00a0 Pero especialmente a Linces Segowlee<\/div>\n<div dir=\"auto\"><\/div>\n<div dir=\"auto\"><img loading=\"lazy\" decoding=\"async\" id=\"m_-221762965283904036279ace572-2350-48e6-ae2a-c64578627212\" src=\"https:\/\/mail.google.com\/mail\/u\/0?ui=2&amp;ik=19c63d05ec&amp;attid=0.1&amp;permmsgid=msg-f:1739321611484257838&amp;th=18234fca52adde2e&amp;view=fimg&amp;fur=ip&amp;sz=s0-l75-ft&amp;attbid=ANGjdJ9AnBjB5wQ96fSo9i8G0KDYOTmgSaeN4lTMdmv73p5dPJVS5l0aq1H0nxWb1GwsAJjh6HDV4W75f9kZMyP2tlopqg7SKEvSGfaHZWTNSsIGW9ZCOx7nQrzQ28w&amp;disp=emb\" alt=\"Image\" data-image-whitelisted=\"\" class=\"CToWUd a6T\" data-bit=\"iit\" width=\"378\" height=\"298\" tabindex=\"0\" \/><\/p>\n<div id=\"m_-2217629652839040362br-id-aeb2955a-666f-44c7-8895-94bc94d1b8fb\" dir=\"auto\"><\/div>\n<\/div>\n<div dir=\"auto\">Nos vemos muy pronto.<\/div>\n<div dir=\"auto\"><\/div>\n<div dir=\"auto\">Yolanda<\/div>\n<div dir=\"auto\">\n<hr \/>\n<\/div>\n<div dir=\"auto\"><\/div>\n<h2>24 de julio<\/h2>\n<h4><span>GRACIAS<\/span><\/h4>\n<p><span>Hola a todos.<\/span><\/p>\n<div dir=\"auto\">Este a\u00f1o por \u00abcircunstancias adversas\u00bb no hemos podido ir al d\u00eda de padres, as\u00ed que no hemos tenido la oportunidad de agradecer en directo las maravillas del campamento.<\/div>\n<div dir=\"auto\"><\/div>\n<div dir=\"auto\">Es muy emocionante leer todos los d\u00edas lo que hab\u00e9is ido haciendo y las fotos complementan toda la informaci\u00f3n&#8230;..es como estar all\u00ed con vosotros.<\/div>\n<div dir=\"auto\"><\/div>\n<div dir=\"auto\">A los ni\u00f1os se les ve tan felices&#8230;. pero vamos, a caba\u00f1a&#8230;.le brillan los ojos en las fotos, ya est\u00e9n haciendo la comida, haciendo su miniraid&#8230;&#8230; ser\u00e1 adem\u00e1s porque este a\u00f1o no hay letrinas<span>\u00a0<\/span><img decoding=\"async\" data-emoji=\"\ud83e\udd2d\" class=\"an1\" alt=\"\ud83e\udd2d\" aria-label=\"\ud83e\udd2d\" src=\"https:\/\/fonts.gstatic.com\/s\/e\/notoemoji\/14.0\/1f92d\/72.png\" loading=\"lazy\" \/><img decoding=\"async\" data-emoji=\"\ud83e\udd23\" class=\"an1\" alt=\"\ud83e\udd23\" aria-label=\"\ud83e\udd23\" src=\"https:\/\/fonts.gstatic.com\/s\/e\/notoemoji\/14.0\/1f923\/72.png\" loading=\"lazy\" \/><img decoding=\"async\" data-emoji=\"\ud83e\udd23\" class=\"an1\" alt=\"\ud83e\udd23\" aria-label=\"\ud83e\udd23\" src=\"https:\/\/fonts.gstatic.com\/s\/e\/notoemoji\/14.0\/1f923\/72.png\" loading=\"lazy\" \/>.<\/div>\n<div dir=\"auto\"><\/div>\n<div dir=\"auto\">A\u00fan os queda lo mejor, ahora est\u00e1is todo el grupo junto, con las actividades en campa, as\u00ed que seguid disfrutando de cada minuto.<\/div>\n<div dir=\"auto\"><\/div>\n<div dir=\"auto\">La vida es un regalo y la Virgen del Camino nos acompa\u00f1a cada d\u00eda.<\/div>\n<div dir=\"auto\"><\/div>\n<div dir=\"auto\">Un abrazo para todos.<\/div>\n<div dir=\"auto\"><\/div>\n<div dir=\"auto\">Paloma<\/div>\n<div dir=\"auto\"><\/div>\n<h4 dir=\"auto\"><span>\u00a1Muchas gracias!<\/span><\/h4>\n<p style=\"font-weight: 400;\">Querido Grupo 284 y como no, nuestras queridas hijas Irene y Alejandra:<\/p>\n<p style=\"font-weight: 400;\">Sentimos mucho no haber podido ir al d\u00eda de padres tan especial que prepar\u00e1steis, pero esperamos que est\u00e9is todos bien y disfrutando a tope de este campamento, eso tan bonito que aunque pasen 30 a\u00f1os, nunca se olvida.<\/p>\n<p style=\"font-weight: 400;\">A pesar de esas cuesta arriba en los raid, de ese calor sofocante o esa tormenta que te cala y hace que una tarde soleada se convierta en noche cerrada, de ese macuto tan pesado, porque el m\u00edo siempre es el que m\u00e1s pesa\u2026, \u00a1incluso de esas ampollas!, que como dec\u00eda Plays, te permiten poder andar sobre el agua,\u2026 \u00a1a pesar de todo eso!, nunca se olvidan esas comidas cantando en el comedor, esos festivales que tanto se preparan, esas parcelas que con tanta ilusi\u00f3n llegan a ser las m\u00e1s bonitas del campamento \u00a1y hasta esas misas!, que ahora son interminables, llegas a recordarlas con cari\u00f1o.<\/p>\n<p style=\"font-weight: 400;\">Vivid este momento como \u00fanico en vuestra vida, \u00a1porque de verdad que lo es y lo ser\u00e1 para siempre! Vivid con orgullo el ser scout y el pertenecer al MEJOR GRUPO SCOUT DEL MUNDO, \u00a1el 284!, pero sobre todo, \u00a1DISFRUTAD TODO LO QUE POD\u00c1IS!<\/p>\n<p style=\"font-weight: 400;\">Un besazo enorme para todo el campa, en especial a todos vosotros que d\u00eda a d\u00eda lo hac\u00e9is posible con vuestro duro trabajo, \u00a1MIL GRACIAS!<\/p>\n<p style=\"font-weight: 400;\">Y como no, un besazo especial para nuestras hijas.<\/p>\n<p style=\"font-weight: 400;\">M\u00f3nica y Carlos Boto<\/p>\n<hr \/>\n<h4 dir=\"auto\"><span>25 DE JULIO<\/span><\/h4>\n<div dir=\"auto\"><span style=\"color: initial;\">\u00a1Hola!<\/span><\/div>\n<div dir=\"auto\">\n<div><\/div>\n<div>Ma\u00f1ana es el d\u00eda de Santiago felicidades a todos los Santis, Jacobos , Diegos y Jaimes!<\/div>\n<div>En especial a Jaime Cuesta, Lobato de la Unidad Lince. Un beso de sus padres, t\u00edos y abuelos en el d\u00eda de su Santo.<\/div>\n<div><\/div>\n<div>Aprovecho para daros las gracias por el gran d\u00eda de ayer.\u00a0<span>T<\/span>odo fue perfecto, lo disfrutamos much\u00edsimo. Inolvidable \ud83d\ude42<\/div>\n<div><\/div>\n<div>Araceli<\/div>\n<\/div>\n<div dir=\"auto\">\n<hr \/>\n<\/div>\n<h2>20 de julio<\/h2>\n<p><span>Que maravilla de campamento!!!<\/span><br \/>\n<span>Gracias a todos los que est\u00e1is al pie del ca\u00f1\u00f3n para que nuestros hijos tengan una estancia divertida e inolvidable.<\/span><br \/>\n<span>Te quiero Juanito!!\u00a0<\/span><img decoding=\"async\" data-emoji=\"\u2665\ufe0f\" class=\"an1\" alt=\"\u2665\ufe0f\" aria-label=\"\u2665\ufe0f\" src=\"https:\/\/fonts.gstatic.com\/s\/e\/notoemoji\/14.0\/2665_fe0f\/72.png\" loading=\"lazy\" \/><\/p>\n<p>Nuria<\/p>\n<hr \/>\n<h2>17 de julio<\/h2>\n<h4><span>Cumplea\u00f1os Diego Gonz\u00e1lez Andrade<\/span><\/h4>\n<p><span>Much\u00edsimas felicidades Dieguete<\/span><\/p>\n<div dir=\"auto\"><\/div>\n<div dir=\"auto\">Esperamos est\u00e9s disfrutando del mejor campamento de la historia y que pases un estupendo d\u00eda de cumplea\u00f1os.<\/div>\n<div dir=\"auto\"><\/div>\n<div dir=\"auto\">Un beso enorme<\/div>\n<div dir=\"auto\"><\/div>\n<div dir=\"auto\">T\u00edo Jose y t\u00eda Laura<\/div>\n<div dir=\"auto\"><\/div>\n<h4 dir=\"auto\"><span>A disfrutar, con precauci\u00f3n!<\/span><\/h4>\n<p><span>Hola!\u00a0 Aqui la madre y tia de unos cuantos&#8230;<\/span><\/p>\n<div>Espero que lo est\u00e9is\u00a0pasando genial, pero mucho cuidado con el calor!! Que aprieta!<\/div>\n<div><\/div>\n<div>Que vayan bien los raid!<\/div>\n<div><\/div>\n<div>Abrazos y agradecimientos a todos.<\/div>\n<div><\/div>\n<div>M\u00f3nica<\/div>\n<div dir=\"auto\"><\/div>\n","protected":false},"excerpt":{"rendered":"<p>Pincha aqu\u00ed para volver a la p\u00e1gina principal del Campamento 2022. Pincha aqu\u00ed para ir a la p\u00e1gina del Campamento Virtual Covaleda 2022, en la que cada d\u00eda contamos las novedades desde el campamento. Estos son los\u00a0correos electr\u00f3nicos\u00a0que nos vais enviando a lo largo de todo el campamento a\u00a0scouts284.2@gmail.com. \u00a1Nos [&hellip;]<\/p>\n","protected":false},"author":2,"featured_media":0,"parent":1555,"menu_order":1,"comment_status":"closed","ping_status":"closed","template":"","meta":{"footnotes":""},"class_list":["post-1571","page","type-page","status-publish","hentry"],"jetpack_sharing_enabled":true,"_links":{"self":[{"href":"https:\/\/www.scouts284.org\/index.php\/wp-json\/wp\/v2\/pages\/1571","targetHints":{"allow":["GET"]}}],"collection":[{"href":"https:\/\/www.scouts284.org\/index.php\/wp-json\/wp\/v2\/pages"}],"about":[{"href":"https:\/\/www.scouts284.org\/index.php\/wp-json\/wp\/v2\/types\/page"}],"author":[{"embeddable":true,"href":"https:\/\/www.scouts284.org\/index.php\/wp-json\/wp\/v2\/users\/2"}],"replies":[{"embeddable":true,"href":"https:\/\/www.scouts284.org\/index.php\/wp-json\/wp\/v2\/comments?post=1571"}],"version-history":[{"count":15,"href":"https:\/\/www.scouts284.org\/index.php\/wp-json\/wp\/v2\/pages\/1571\/revisions"}],"predecessor-version":[{"id":1953,"href":"https:\/\/www.scouts284.org\/index.php\/wp-json\/wp\/v2\/pages\/1571\/revisions\/1953"}],"up":[{"embeddable":true,"href":"https:\/\/www.scouts284.org\/index.php\/wp-json\/wp\/v2\/pages\/1555"}],"wp:attachment":[{"href":"https:\/\/www.scouts284.org\/index.php\/wp-json\/wp\/v2\/media?parent=1571"}],"curies":[{"name":"wp","href":"https:\/\/api.w.org\/{rel}","templated":true}]}}