{"id":1555,"date":"2022-07-11T23:40:55","date_gmt":"2022-07-11T21:40:55","guid":{"rendered":"http:\/\/www.scouts284.org\/?page_id=1555"},"modified":"2022-07-12T00:52:19","modified_gmt":"2022-07-11T22:52:19","slug":"campamento-2022","status":"publish","type":"page","link":"https:\/\/www.scouts284.org\/index.php\/campamento-2022\/","title":{"rendered":"Campamento 2022"},"content":{"rendered":"\n<p><strong>\u00a1Bienvenidos a la p\u00e1gina principal del Campamento 2022!<\/strong><\/p>\n\n\n\n<p>\u00a1\u00a1Por fin ha llegado el primer campamento post-Covid!! O eso esperamos, porque esperamos que sea el primer campamento normal, esta vez s\u00ed, despu\u00e9s de la pandemia.<\/p>\n\n\n\n<p>Nos vamos a <strong>Covaleda<\/strong>, en la provincia de Soria. Es el mismo pinar al que fuimos el a\u00f1o pasado, un pinar enorme y precioso, fresquito por la noche y sombreado por el d\u00eda, a los pies del Pico de Urbi\u00f3n.<\/p>\n\n\n\n<p>La principal novedad es que este a\u00f1o vamos a un campamento que ya est\u00e1 montado: es un antiguo campamento de la OJE, que actualmente sigue funcionando y se ha utilizado para alguna Jamboree Scout (reuniones internacionales de scouts). Tiene capacidad para unos pocos miles de acampados, as\u00ed que vamos a estar muy anchos! El campamento tiene comedor, cocina, duchas, aseos, enfermer\u00eda y hasta una ermita, todo montado excepto las tiendas y las parcelas. Echaremos de menos montar nosotros todo, pero a cambio esperamos tener m\u00e1s tiempo para hacer m\u00e1s construcciones.<\/p>\n\n\n\n<p>Puedes encontrar toda la informaci\u00f3n del campamento en:<\/p>\n\n\n\n<ul class=\"wp-block-list\"><li><strong><a href=\"https:\/\/www.scouts284.org\/index.php\/campamento-2022\/campamento-virtual-covaleda-2022\/\">Campamento Virtual<\/a><\/strong> &#8211; nuestro \u00abdiario de a bordo\u00bb o \u00abcuaderno de caza\u00bb y los \u00e1lbumes de fotos que vamos subiendo.<\/li><li><strong><a href=\"https:\/\/www.scouts284.org\/index.php\/campamento-2022\/correos-enviados-a-covaleda-2022\/\">Correos enviados al campamento<\/a><\/strong> &#8211; vuestros mensajes al campamento, enviados a <a rel=\"noreferrer noopener\" aria-label=\" (abre en una nueva pesta\u00f1a)\" href=\"mailto:scouts284.2@gmail.com\" target=\"_blank\">scouts284.2@gmail.com<\/a> y que publicamos aqu\u00ed para que los vea todo el mundo en esta web, pero que no les leemos a los ni\u00f1os.<\/li><\/ul>\n\n\n\n<p>Aqu\u00ed estamos:<\/p>\n\n\n\n<figure class=\"wp-block-image alignfull size-full\"><img loading=\"lazy\" decoding=\"async\" width=\"1596\" height=\"1284\" src=\"https:\/\/www.scouts284.org\/wp-content\/uploads\/2022\/07\/Covaleda_2022_ubicacion_v2.jpg\" alt=\"\" class=\"wp-image-1565\"\/><\/figure>\n","protected":false},"excerpt":{"rendered":"<p>\u00a1Bienvenidos a la p\u00e1gina principal del Campamento 2022! \u00a1\u00a1Por fin ha llegado el primer campamento post-Covid!! O eso esperamos, porque esperamos que sea el primer campamento normal, esta vez s\u00ed, despu\u00e9s de la pandemia. Nos vamos a Covaleda, en la provincia de Soria. Es el mismo pinar al que fuimos [&hellip;]<\/p>\n","protected":false},"author":2,"featured_media":0,"parent":0,"menu_order":0,"comment_status":"closed","ping_status":"closed","template":"","meta":{"footnotes":""},"class_list":["post-1555","page","type-page","status-publish","hentry"],"jetpack_sharing_enabled":true,"_links":{"self":[{"href":"https:\/\/www.scouts284.org\/index.php\/wp-json\/wp\/v2\/pages\/1555","targetHints":{"allow":["GET"]}}],"collection":[{"href":"https:\/\/www.scouts284.org\/index.php\/wp-json\/wp\/v2\/pages"}],"about":[{"href":"https:\/\/www.scouts284.org\/index.php\/wp-json\/wp\/v2\/types\/page"}],"author":[{"embeddable":true,"href":"https:\/\/www.scouts284.org\/index.php\/wp-json\/wp\/v2\/users\/2"}],"replies":[{"embeddable":true,"href":"https:\/\/www.scouts284.org\/index.php\/wp-json\/wp\/v2\/comments?post=1555"}],"version-history":[{"count":6,"href":"https:\/\/www.scouts284.org\/index.php\/wp-json\/wp\/v2\/pages\/1555\/revisions"}],"predecessor-version":[{"id":1581,"href":"https:\/\/www.scouts284.org\/index.php\/wp-json\/wp\/v2\/pages\/1555\/revisions\/1581"}],"wp:attachment":[{"href":"https:\/\/www.scouts284.org\/index.php\/wp-json\/wp\/v2\/media?parent=1555"}],"curies":[{"name":"wp","href":"https:\/\/api.w.org\/{rel}","templated":true}]}}