{"id":1228,"date":"2021-07-09T00:32:40","date_gmt":"2021-07-08T22:32:40","guid":{"rendered":"http:\/\/www.scouts284.org\/?page_id=1228"},"modified":"2021-07-15T22:19:52","modified_gmt":"2021-07-15T20:19:52","slug":"campamento-2021","status":"publish","type":"page","link":"https:\/\/www.scouts284.org\/index.php\/campamento-2021\/","title":{"rendered":"Campamento 2021"},"content":{"rendered":"\n<p><strong>\u00a1Bienvenidos a la p\u00e1gina principal del Campamento 2021!<\/strong><\/p>\n\n\n\n<p>Este a\u00f1o no es como los dem\u00e1s: nos vamos al campamento con el doble de ilusi\u00f3n, la de este a\u00f1o y la acumulada del campamento de 2020 que no pudimos celebrar debido al Covid-19. <\/p>\n\n\n\n<p>Nos vamos a <strong>Duruelo de la Sierra<\/strong>, en la provincia de <strong>Soria<\/strong>. S\u00ed, ese pinar inmenso a los pies del pico de Urbi\u00f3n en el que hace tres a\u00f1os descubrimos que tener sombra no s\u00f3lo es un lujo, sino que adem\u00e1s pr\u00e1cticamente vaci\u00f3 la tienda de Sanidad. \u00a1Este a\u00f1o repetimos! <\/p>\n\n\n\n<p>Hemos echado much\u00edsimo de menos irnos de campamento y, dos a\u00f1os despu\u00e9s, volvemos all\u00e1, a volver a hacer realidad ese para\u00edso en el que \u00ab<em>todo el mundo es bueno<\/em>\u00bb (como dec\u00eda nuestra cocinera In\u00e9s) porque todos ponemos lo mejor de nosotros mismos para hacer felices a los dem\u00e1s. Y aprendemos que, haciendo eso, somos felices. Porque, como dec\u00eda Baden Powell, \u00ab<em>el secreto de la felicidad es hacer felices a los dem\u00e1s<\/em>\u00ab.<\/p>\n\n\n\n<p>Y lo vamos a hacer con todas las precauciones sanitarias, como ya sab\u00e9is (en <a href=\"https:\/\/www.scouts284.org\/index.php\/2021\/06\/26\/hay-campamento-de-verano-2021\/\">esta entrada<\/a> ten\u00e9is el v\u00eddeo de la reuni\u00f3n de padres, la carta resumen de padres y el dossier de informaci\u00f3n detallada).<\/p>\n\n\n\n<p>Puedes encontrar toda la informaci\u00f3n del campamento en:<\/p>\n\n\n\n<ul class=\"wp-block-list\"><li><strong><a href=\"https:\/\/www.scouts284.org\/index.php\/campamento-2021\/campamento-virtual-duruelo-2021\/\">Campamento Virtual<\/a><\/strong> &#8211; nuestro \u00abdiario de a bordo\u00bb o \u00abcuaderno de caza\u00bb y los \u00e1lbumes de fotos que vamos subiendo.<\/li><li><strong><a href=\"https:\/\/www.scouts284.org\/index.php\/campamento-2021\/correos-enviados-a-duruelo-2021\/\">Correos enviados al campamento<\/a><\/strong> &#8211; vuestros mensajes al campamento, enviados a <a rel=\"noreferrer noopener\" aria-label=\" (abre en una nueva pesta\u00f1a)\" href=\"mailto:scouts284.2@gmail.com\" target=\"_blank\">scouts284.2@gmail.com<\/a><\/li><\/ul>\n\n\n\n<p>Aqu\u00ed estamos: <\/p>\n\n\n\n<figure class=\"wp-block-image alignfull size-large\"><a href=\"https:\/\/www.google.com\/maps\/place\/42158+Duruelo+de+la+Sierra\" target=\"_blank\" rel=\"noopener\"><img loading=\"lazy\" decoding=\"async\" width=\"2140\" height=\"1332\" src=\"https:\/\/www.scouts284.org\/wp-content\/uploads\/2021\/07\/Duruelo_2021_ubicacion.jpg\" alt=\"\" class=\"wp-image-1227\"\/><\/a><\/figure>\n","protected":false},"excerpt":{"rendered":"<p>\u00a1Bienvenidos a la p\u00e1gina principal del Campamento 2021! Este a\u00f1o no es como los dem\u00e1s: nos vamos al campamento con el doble de ilusi\u00f3n, la de este a\u00f1o y la acumulada del campamento de 2020 que no pudimos celebrar debido al Covid-19. Nos vamos a Duruelo de la Sierra, en [&hellip;]<\/p>\n","protected":false},"author":2,"featured_media":0,"parent":0,"menu_order":0,"comment_status":"closed","ping_status":"closed","template":"","meta":{"footnotes":""},"class_list":["post-1228","page","type-page","status-publish","hentry"],"jetpack_sharing_enabled":true,"_links":{"self":[{"href":"https:\/\/www.scouts284.org\/index.php\/wp-json\/wp\/v2\/pages\/1228","targetHints":{"allow":["GET"]}}],"collection":[{"href":"https:\/\/www.scouts284.org\/index.php\/wp-json\/wp\/v2\/pages"}],"about":[{"href":"https:\/\/www.scouts284.org\/index.php\/wp-json\/wp\/v2\/types\/page"}],"author":[{"embeddable":true,"href":"https:\/\/www.scouts284.org\/index.php\/wp-json\/wp\/v2\/users\/2"}],"replies":[{"embeddable":true,"href":"https:\/\/www.scouts284.org\/index.php\/wp-json\/wp\/v2\/comments?post=1228"}],"version-history":[{"count":12,"href":"https:\/\/www.scouts284.org\/index.php\/wp-json\/wp\/v2\/pages\/1228\/revisions"}],"predecessor-version":[{"id":1560,"href":"https:\/\/www.scouts284.org\/index.php\/wp-json\/wp\/v2\/pages\/1228\/revisions\/1560"}],"wp:attachment":[{"href":"https:\/\/www.scouts284.org\/index.php\/wp-json\/wp\/v2\/media?parent=1228"}],"curies":[{"name":"wp","href":"https:\/\/api.w.org\/{rel}","templated":true}]}}