{"id":1128,"date":"2020-10-07T22:02:45","date_gmt":"2020-10-07T20:02:45","guid":{"rendered":"http:\/\/www.scouts284.org\/?page_id=1128"},"modified":"2025-05-15T20:14:11","modified_gmt":"2025-05-15T18:14:11","slug":"documentos","status":"publish","type":"page","link":"https:\/\/www.scouts284.org\/index.php\/documentos\/","title":{"rendered":"Documentos"},"content":{"rendered":"\n<div class=\"wp-block-columns is-layout-flex wp-container-core-columns-is-layout-28f84493 wp-block-columns-is-layout-flex\">\n<div class=\"wp-block-column is-layout-flow wp-block-column-is-layout-flow\">\n<div class=\"wp-block-cover is-light\"><span aria-hidden=\"true\" class=\"wp-block-cover__background has-background-color-background-color has-background-dim-100 has-background-dim\"><\/span><div class=\"wp-block-cover__inner-container is-layout-flow wp-block-cover-is-layout-flow\"><div class=\"wp-block-image is-resized\">\n<figure class=\"aligncenter size-large\"><img loading=\"lazy\" decoding=\"async\" width=\"512\" height=\"512\" src=\"https:\/\/www.scouts284.org\/wp-content\/uploads\/2020\/10\/Doc.png\" alt=\"\" class=\"wp-image-1130\" style=\"aspect-ratio:1;width:72px;height:auto\"\/><\/figure>\n<\/div>\n\n\n<p class=\"has-text-align-center\"><mark style=\"background-color:rgba(0, 0, 0, 0)\" class=\"has-inline-color has-black-color\"><strong>PROYECTO EDUCATIVO<\/strong><\/mark><\/p>\n\n\n\n<p><mark style=\"background-color:rgba(0, 0, 0, 0)\" class=\"has-inline-color has-black-color\">El Proyecto Educativo del Grupo Scout 284 es el resultado de la concreci\u00f3n<br>de las l\u00edneas marcadas en la Constituci\u00f3n Scout Mundial<\/mark><\/p>\n\n\n\n<div class=\"wp-block-file\"><a href=\"https:\/\/www.scouts284.org\/wp-content\/uploads\/2020\/10\/Proyecto_Educativo_Grupo_Scout_284_v2012.pdf\" class=\"wp-block-file__button wp-element-button\" download>Descarga<\/a><\/div>\n<\/div><\/div>\n<\/div>\n\n\n\n<div class=\"wp-block-column is-layout-flow wp-block-column-is-layout-flow\">\n<div class=\"wp-block-cover is-light\" style=\"min-height:457px;aspect-ratio:unset;\"><span aria-hidden=\"true\" class=\"wp-block-cover__background has-background-color-background-color has-background-dim-100 has-background-dim\"><\/span><div class=\"wp-block-cover__inner-container is-layout-flow wp-block-cover-is-layout-flow\"><div class=\"wp-block-image is-resized\">\n<figure class=\"aligncenter size-large\"><img loading=\"lazy\" decoding=\"async\" width=\"512\" height=\"512\" src=\"https:\/\/www.scouts284.org\/wp-content\/uploads\/2020\/10\/Doc.png\" alt=\"\" class=\"wp-image-1130\" style=\"aspect-ratio:1;width:76px;height:auto\"\/><\/figure>\n<\/div>\n\n\n<p class=\"has-text-align-center\" style=\"font-size:19px\"><mark style=\"background-color:rgba(0, 0, 0, 0)\" class=\"has-inline-color has-black-color\"><strong>ESTATUTOS DE LA ASOCIACI\u00d3N<\/strong><\/mark><\/p>\n\n\n\n<p><mark style=\"background-color:rgba(0, 0, 0, 0)\" class=\"has-inline-color has-black-color\">Estatutos de la asociaci\u00f3n Grupo Scout 284 Reina del cielo<\/mark>, <mark style=\"background-color:rgba(0, 0, 0, 0)\" class=\"has-inline-color has-black-color\">en los que se explican los fines, actividades, reuniones..<\/mark>.<\/p>\n\n\n\n<div class=\"wp-block-file\"><a href=\"https:\/\/www.scouts284.org\/wp-content\/uploads\/2020\/10\/Estatutos_Asociacion_Grupo_Scout_284.pdf\" class=\"wp-block-file__button wp-element-button\" download>Descarga<\/a><\/div>\n<\/div><\/div>\n<\/div>\n\n\n\n<div class=\"wp-block-column is-layout-flow wp-block-column-is-layout-flow\">\n<div class=\"wp-block-cover is-light\" style=\"min-height:463px;aspect-ratio:unset;\"><span aria-hidden=\"true\" class=\"wp-block-cover__background has-background-color-background-color has-background-dim-100 has-background-dim\"><\/span><div class=\"wp-block-cover__inner-container is-layout-flow wp-block-cover-is-layout-flow\"><div class=\"wp-block-image is-resized\">\n<figure class=\"aligncenter size-large\"><img loading=\"lazy\" decoding=\"async\" width=\"512\" height=\"512\" src=\"https:\/\/www.scouts284.org\/wp-content\/uploads\/2020\/10\/Doc.png\" alt=\"\" class=\"wp-image-1130\" style=\"aspect-ratio:1;width:78px;height:auto\"\/><\/figure>\n<\/div>\n\n\n<p class=\"has-text-align-center\" style=\"font-size:19px\"><mark style=\"background-color:rgba(0, 0, 0, 0)\" class=\"has-inline-color has-black-color\"><strong>Protocolo de Actuaci\u00f3n LOPIVI<\/strong><\/mark><\/p>\n\n\n\n<p><mark style=\"background-color:rgba(0, 0, 0, 0)\" class=\"has-inline-color has-black-color\">Protocolo de Actuaci\u00f3n del <mark style=\"background-color:rgba(0, 0, 0, 0)\" class=\"has-inline-color has-black-color\">Grupo Scout 284 Reina del cielo<\/mark>, en el marco de la LOPIVI (feb.2025<\/mark>)<\/p>\n\n\n\n<div class=\"wp-block-file\"><a href=\"https:\/\/www.scouts284.org\/wp-content\/uploads\/2025\/05\/Protocolo_Actuacion_GS284_LOPIVI_feb2025.pdf\" class=\"wp-block-file__button wp-element-button\" download>Descarga<\/a><\/div>\n<\/div><\/div>\n<\/div>\n<\/div>\n\n\n\n<div class=\"wp-block-columns is-layout-flex wp-container-core-columns-is-layout-28f84493 wp-block-columns-is-layout-flex\">\n<div class=\"wp-block-column is-layout-flow wp-block-column-is-layout-flow\">\n<div class=\"wp-block-cover is-light\" style=\"min-height:460px;aspect-ratio:unset;\"><span aria-hidden=\"true\" class=\"wp-block-cover__background has-background-color-background-color has-background-dim-100 has-background-dim\"><\/span><div class=\"wp-block-cover__inner-container is-layout-flow wp-block-cover-is-layout-flow\"><div class=\"wp-block-image is-resized\">\n<figure class=\"aligncenter size-large\"><img loading=\"lazy\" decoding=\"async\" width=\"512\" height=\"512\" src=\"https:\/\/www.scouts284.org\/wp-content\/uploads\/2020\/10\/Doc.png\" alt=\"\" class=\"wp-image-1130\" style=\"aspect-ratio:1;width:72px;height:auto\"\/><\/figure>\n<\/div>\n\n\n<p class=\"has-text-align-center\" style=\"font-size:19px\"><mark style=\"background-color:rgba(0, 0, 0, 0)\" class=\"has-inline-color has-black-color\"><strong>C\u00f3digo de Conducta<\/strong><\/mark><\/p>\n\n\n\n<p><mark style=\"background-color:rgba(0, 0, 0, 0)\" class=\"has-inline-color has-black-color\">C\u00f3digo de Conducta para personas que trabajan o colaboran con el Grupo Scout 284 Reina del Cielo, o interact\u00faen con NNA durante actividades o prestaci\u00f3n de servicios.<\/mark><\/p>\n\n\n\n<div class=\"wp-block-file\"><a href=\"https:\/\/www.scouts284.org\/wp-content\/uploads\/2025\/05\/Codigo_de_Conducta_Feb2025.pdf\" class=\"wp-block-file__button wp-element-button\" download>Descarga<\/a><\/div>\n<\/div><\/div>\n\n\n\n<p><\/p>\n\n\n\n<p><\/p>\n\n\n\n<div class=\"wp-block-cover is-light\" style=\"min-height:400px;aspect-ratio:unset;\"><span aria-hidden=\"true\" class=\"wp-block-cover__background has-background-color-background-color has-background-dim-100 has-background-dim\"><\/span><div class=\"wp-block-cover__inner-container is-layout-flow wp-block-cover-is-layout-flow\"><div class=\"wp-block-image is-resized\">\n<figure class=\"aligncenter size-large\"><img loading=\"lazy\" decoding=\"async\" width=\"512\" height=\"512\" src=\"https:\/\/www.scouts284.org\/wp-content\/uploads\/2020\/10\/Doc.png\" alt=\"\" class=\"wp-image-1130\" style=\"aspect-ratio:1;width:68px;height:auto\"\/><\/figure>\n<\/div>\n\n\n<p class=\"has-text-align-center\" style=\"font-size:19px\"><mark style=\"background-color:rgba(0, 0, 0, 0)\" class=\"has-inline-color has-black-color\"><strong>Escultismo para Muchachos<\/strong> <\/mark> <\/p>\n\n\n\n<p>El libro fundacional del Movimiento Scout, con el que Baden Powell puso las bases del Escultismo.<\/p>\n\n\n\n<div class=\"wp-block-file\"><a href=\"https:\/\/www.scouts284.org\/wp-content\/uploads\/2023\/01\/Escultismo_para_muchachos_BP.pdf\" class=\"wp-block-file__button wp-element-button\" download>Descarga<\/a><\/div>\n<\/div><\/div>\n\n\n\n<p><\/p>\n\n\n\n<p><\/p>\n\n\n\n<div class=\"wp-block-cover is-light\" style=\"min-height:366px;aspect-ratio:unset;\"><span aria-hidden=\"true\" class=\"wp-block-cover__background has-background-color-background-color has-background-dim-100 has-background-dim\"><\/span><div class=\"wp-block-cover__inner-container is-layout-flow wp-block-cover-is-layout-flow\"><div class=\"wp-block-image is-resized\">\n<figure class=\"aligncenter size-large\"><img loading=\"lazy\" decoding=\"async\" width=\"512\" height=\"512\" src=\"https:\/\/www.scouts284.org\/wp-content\/uploads\/2020\/10\/Doc.png\" alt=\"\" class=\"wp-image-1130\" style=\"aspect-ratio:1;width:76px;height:auto\"\/><\/figure>\n<\/div>\n\n\n<p class=\"has-text-align-center\" style=\"font-size:19px\"><strong><mark style=\"background-color:rgba(0, 0, 0, 0)\" class=\"has-inline-color has-black-color\">Nuestro Logo <\/mark><\/strong><\/p>\n\n\n\n<p>El logo de nuestro grupo en varios formatos y un documento explicativo.<\/p>\n\n\n\n<div class=\"wp-block-file\"><a href=\"https:\/\/www.scouts284.org\/wp-content\/uploads\/2024\/05\/Logo_Grupo_Scout_284.zip\" class=\"wp-block-file__button wp-element-button\" download>Descarga<\/a><\/div>\n<\/div><\/div>\n<\/div>\n\n\n\n<div class=\"wp-block-column is-layout-flow wp-block-column-is-layout-flow\">\n<div class=\"wp-block-cover is-light\" style=\"min-height:459px;aspect-ratio:unset;\"><span aria-hidden=\"true\" class=\"wp-block-cover__background has-background-color-background-color has-background-dim-100 has-background-dim\"><\/span><div class=\"wp-block-cover__inner-container is-layout-flow wp-block-cover-is-layout-flow\"><div class=\"wp-block-image is-resized\">\n<figure class=\"aligncenter size-large\"><img loading=\"lazy\" decoding=\"async\" width=\"512\" height=\"512\" src=\"https:\/\/www.scouts284.org\/wp-content\/uploads\/2020\/10\/Doc.png\" alt=\"\" class=\"wp-image-1130\" style=\"aspect-ratio:1;width:72px;height:auto\"\/><\/figure>\n<\/div>\n\n\n<p class=\"has-text-align-center\" style=\"font-size:19px\"><mark style=\"background-color:rgba(0, 0, 0, 0)\" class=\"has-inline-color has-black-color\"><strong>Pol\u00edtica de Buen Trato<\/strong> <\/mark><\/p>\n\n\n\n<p><mark style=\"background-color:rgba(0, 0, 0, 0)\" class=\"has-inline-color has-black-color\">Pol\u00edtica de Buen Trato del <mark style=\"background-color:rgba(0, 0, 0, 0)\" class=\"has-inline-color has-black-color\">Grupo Scout 284 Reina del cielo<\/mark>, en el marco de la LOPIVI (feb.2025<\/mark>)<\/p>\n\n\n\n<div class=\"wp-block-file\"><a href=\"https:\/\/www.scouts284.org\/wp-content\/uploads\/2025\/05\/Politica_Buen_Trato_GS284_Feb2025.pdf\" class=\"wp-block-file__button wp-element-button\" download=\"\">Descarga<\/a><\/div>\n<\/div><\/div>\n\n\n\n<p><\/p>\n\n\n\n<p><\/p>\n\n\n\n<div class=\"wp-block-cover is-light\" style=\"min-height:400px;aspect-ratio:unset;\"><span aria-hidden=\"true\" class=\"wp-block-cover__background has-background-color-background-color has-background-dim-100 has-background-dim\"><\/span><div class=\"wp-block-cover__inner-container is-layout-flow wp-block-cover-is-layout-flow\"><div class=\"wp-block-image is-resized\">\n<figure class=\"aligncenter size-large\"><img loading=\"lazy\" decoding=\"async\" width=\"512\" height=\"512\" src=\"https:\/\/www.scouts284.org\/wp-content\/uploads\/2020\/10\/Doc.png\" alt=\"\" class=\"wp-image-1130\" style=\"aspect-ratio:1;width:66px;height:auto\"\/><\/figure>\n<\/div>\n\n\n<p class=\"has-text-align-center\" style=\"font-size:19px\"><strong>Gu\u00eda para el Jefe de Tropa<mark style=\"background-color:rgba(0, 0, 0, 0)\" class=\"has-inline-color has-black-color\"> <\/mark><\/strong> <\/p>\n\n\n\n<p>El libro b\u00e1sico de Baden Powell para scouters de Tropa.<\/p>\n\n\n\n<div class=\"wp-block-file\"><a href=\"https:\/\/www.scouts284.org\/wp-content\/uploads\/2023\/01\/Guia_para_el_Jefe_de_Tropa_BP.pdf\" class=\"wp-block-file__button wp-element-button\" download=\"\">Descarga<\/a><\/div>\n\n\n\n<p><\/p>\n<\/div><\/div>\n\n\n\n<div class=\"wp-block-cover is-light\" style=\"min-height:366px;aspect-ratio:unset;\"><span aria-hidden=\"true\" class=\"wp-block-cover__background has-background-color-background-color has-background-dim-100 has-background-dim\"><\/span><div class=\"wp-block-cover__inner-container is-layout-flow wp-block-cover-is-layout-flow\"><div class=\"wp-block-image is-resized\">\n<figure class=\"aligncenter size-large\"><img loading=\"lazy\" decoding=\"async\" width=\"512\" height=\"512\" src=\"https:\/\/www.scouts284.org\/wp-content\/uploads\/2020\/10\/Doc.png\" alt=\"\" class=\"wp-image-1130\" style=\"aspect-ratio:1;width:76px;height:auto\"\/><\/figure>\n<\/div>\n\n\n<p class=\"has-text-align-center\" style=\"font-size:19px\"><strong><mark style=\"background-color:rgba(0, 0, 0, 0)\" class=\"has-inline-color has-black-color\"><mark style=\"background-color:rgba(0, 0, 0, 0)\" class=\"has-inline-color has-black-color\"><strong>PROYECTO DE VIDA<\/strong><\/mark> <\/mark><\/strong><\/p>\n\n\n\n<p>El libro de Pepe Esteve para Rovers y Scouters. Todo un compendio de sabidur\u00eda para orientarse en la vida.<\/p>\n\n\n\n<div class=\"wp-block-file\"><a href=\"https:\/\/www.scouts284.org\/wp-content\/uploads\/2023\/01\/PROYECTO_DE_VIDA_CAPITULOS_1-8.zip\" class=\"wp-block-file__button wp-element-button\" download=\"\">Descarga capitulos 1-8<\/a><\/div>\n<div class=\"wp-block-file\"><a href=\"https:\/\/www.scouts284.org\/wp-content\/uploads\/2023\/01\/PROYECTO_DE_VIDA_CAPITULOS_9-13.zip\" class=\"wp-block-file__button wp-element-button\" download=\"\">Descarga capitulos 9-13<\/a><\/div>\n<\/div><\/div>\n<\/div>\n\n\n\n<div class=\"wp-block-column is-layout-flow wp-block-column-is-layout-flow\">\n<div class=\"wp-block-cover is-light\" style=\"min-height:460px;aspect-ratio:unset;\"><span aria-hidden=\"true\" class=\"wp-block-cover__background has-background-color-background-color has-background-dim-100 has-background-dim\"><\/span><div class=\"wp-block-cover__inner-container is-layout-flow wp-block-cover-is-layout-flow\"><div class=\"wp-block-image is-resized\">\n<figure class=\"aligncenter size-large\"><img loading=\"lazy\" decoding=\"async\" width=\"512\" height=\"512\" src=\"https:\/\/www.scouts284.org\/wp-content\/uploads\/2020\/10\/Doc.png\" alt=\"\" class=\"wp-image-1130\" style=\"aspect-ratio:1;width:72px;height:auto\"\/><\/figure>\n<\/div>\n\n\n<p class=\"has-text-align-center\" style=\"font-size:19px\"><mark style=\"background-color:rgba(0, 0, 0, 0)\" class=\"has-inline-color has-black-color\"><strong>UN RAID POR LA BIBLIA<\/strong> <\/mark> <\/p>\n\n\n\n<p>Lecturas de la Biblia explicadas y comentadas para scouts, incluyendo tambi\u00e9n las del \u00abEvangelio Scout\u00bb del P. Sevin.<\/p>\n\n\n\n<div class=\"wp-block-file\"><a href=\"https:\/\/www.scouts284.org\/wp-content\/uploads\/2023\/01\/Un_Raid_por_la_Biblia.zip\" class=\"wp-block-file__button wp-element-button\" download=\"\">Descarga ZIP<\/a><\/div>\n<\/div><\/div>\n\n\n\n<p><\/p>\n\n\n\n<p><\/p>\n\n\n\n<div class=\"wp-block-cover is-light\" style=\"min-height:399px;aspect-ratio:unset;\"><span aria-hidden=\"true\" class=\"wp-block-cover__background has-background-color-background-color has-background-dim-100 has-background-dim\"><\/span><div class=\"wp-block-cover__inner-container is-layout-flow wp-block-cover-is-layout-flow\"><div class=\"wp-block-image is-resized\">\n<figure class=\"aligncenter size-large\"><img loading=\"lazy\" decoding=\"async\" width=\"512\" height=\"512\" src=\"https:\/\/www.scouts284.org\/wp-content\/uploads\/2020\/10\/Doc.png\" alt=\"\" class=\"wp-image-1130\" style=\"aspect-ratio:1;width:72px;height:auto\"\/><\/figure>\n<\/div>\n\n\n<p class=\"has-text-align-center\" style=\"font-size:19px\"><mark style=\"background-color:rgba(0, 0, 0, 0)\" class=\"has-inline-color has-black-color\"><strong>Roverismo hacia el \u00e9xito<\/strong> <\/mark> <\/p>\n\n\n\n<p>El libro de Baden Powell para Rovers.<\/p>\n\n\n\n<div class=\"wp-block-file\"><a href=\"https:\/\/www.scouts284.org\/wp-content\/uploads\/2023\/01\/Roverismo_hacia_el_exito_BP.pdf\" class=\"wp-block-file__button wp-element-button\" download=\"\">Descarga ZIP<\/a><\/div>\n<\/div><\/div>\n<\/div>\n<\/div>\n\n\n\n<p><\/p>\n","protected":false},"excerpt":{"rendered":"","protected":false},"author":13,"featured_media":0,"parent":0,"menu_order":0,"comment_status":"closed","ping_status":"closed","template":"","meta":{"footnotes":""},"class_list":["post-1128","page","type-page","status-publish","hentry"],"jetpack_sharing_enabled":true,"_links":{"self":[{"href":"https:\/\/www.scouts284.org\/index.php\/wp-json\/wp\/v2\/pages\/1128","targetHints":{"allow":["GET"]}}],"collection":[{"href":"https:\/\/www.scouts284.org\/index.php\/wp-json\/wp\/v2\/pages"}],"about":[{"href":"https:\/\/www.scouts284.org\/index.php\/wp-json\/wp\/v2\/types\/page"}],"author":[{"embeddable":true,"href":"https:\/\/www.scouts284.org\/index.php\/wp-json\/wp\/v2\/users\/13"}],"replies":[{"embeddable":true,"href":"https:\/\/www.scouts284.org\/index.php\/wp-json\/wp\/v2\/comments?post=1128"}],"version-history":[{"count":80,"href":"https:\/\/www.scouts284.org\/index.php\/wp-json\/wp\/v2\/pages\/1128\/revisions"}],"predecessor-version":[{"id":3500,"href":"https:\/\/www.scouts284.org\/index.php\/wp-json\/wp\/v2\/pages\/1128\/revisions\/3500"}],"wp:attachment":[{"href":"https:\/\/www.scouts284.org\/index.php\/wp-json\/wp\/v2\/media?parent=1128"}],"curies":[{"name":"wp","href":"https:\/\/api.w.org\/{rel}","templated":true}]}}