{"id":1005,"date":"2020-08-28T00:06:30","date_gmt":"2020-08-27T22:06:30","guid":{"rendered":"http:\/\/www.scouts284.org\/?page_id=1005"},"modified":"2025-03-16T19:57:35","modified_gmt":"2025-03-16T18:57:35","slug":"campamento-virtual-puentenansa-2008","status":"publish","type":"page","link":"https:\/\/www.scouts284.org\/index.php\/campamento-virtual-puentenansa-2008\/","title":{"rendered":"Campamento Virtual Puentenansa 2008"},"content":{"rendered":"\n<p><strong><a href=\"https:\/\/photos.app.goo.gl\/WZmBYPS2AMo9SSbL6\">\u00c1lbum de fotos de Puentenansa 2008<\/a><\/strong><\/p>\n\n\n\n<p><strong><a href=\"https:\/\/www.youtube.com\/watch?v=oVOn8DUJF94\">Canci\u00f3n ganadora del Festival de la Canci\u00f3n 2008 en YouTube<\/a><\/strong><\/p>\n\n\n\n<h3 class=\"wp-block-heading\">D\u00eda 11<\/h3>\n\n\n\n<p>Por la ma\u00f1ana sali\u00f3 la expedici\u00f3n de montaje de campamento,<br>que lleg\u00f3 al lugar despu\u00e9s de un viaje de 5 horas en la furgoneta,<br>y por la tarde se carg\u00f3 el cami\u00f3n, acabando la tarea a las 20:30.<\/p>\n\n\n\n<p><strong><br><\/strong>Saludos desde Cantabria:<br><br>Los 9 miembros de la comisi\u00f3n han llegado sanos y salvos a su destino.<br>Despu\u00e9s de un viaje de mas o menos 5 horas, LOES no ha tardado ni un segundo en ponerse a evaluar la zona para las nuevas infraestructuras de campamento:<br><br>&#8211; La pista de p\u00e1del tiene un lugar fijo<br>&#8211; Hay serias discusiones sobre la localizaci\u00f3n del lago del campo de golf<br>&#8211; Definitivamente sauna y jacuzzi quedaran junto a las duchas<br>&#8211; Ma\u00f1ana mismo empezaremos a alicatar la piscina ol\u00edmpica<br><br>Bueno, por lo dem\u00e1s el tiempo ha sido nublado sin precipitaciones. La zona es muy bonita, verde y se dicen rumores de que habr\u00e1 parcelas con vistas al mar.<br><br>TEMA MUY IMPORTANTE: Este a\u00f1o LOES ofrece la posibilidad de elegir desde Madrid que pan podremos degustar en campamento. Os adjuntamos dos fotos con las variedades locales: La Pistola de la Barquera y La Barra de la B\u00e1rcena. El debate est\u00e1 abierto.<br><br>Por lo dem\u00e1s hemos aprovechado para revisar el procedimiento de evacuaci\u00f3n. Ma\u00f1ana tendremos un d\u00eda de diversi\u00f3n a chorros, as\u00ed que en breves momentos nos vamos al saco.<br><br>Un saludo a todos por parte de la comisi\u00f3n:<br><br>Javi Pacheco, Jorge Esteve, Mario, Ram\u00f3n, Tom\u00e1s, Edu, Jorge Pacheco, Blanca, Mar\u00eda y Chema<br><br>Conocidos como: The Boss, Stewie, Mr Sensible, Mr Chapas, Ni\u00f1o rata, Mr Rueda, The Bomb, Miss Ubicuidad, La amiga de los animales y Moe.<br><br>Todos ellos conforman \u00abLos Incontables de Javi Pacheco\u00bb<br><br>Un saludo de mano izquierda.<br>SLPS<\/p>\n\n\n\n<h3 class=\"wp-block-heading\">D\u00eda 12<\/h3>\n\n\n\n<p><strong>DESCARGA DEL CAMI\u00d3N Y MONTAJE DE LAS<br>&nbsp;INSTALACIONES DEL CAMPAMENTO<\/strong><\/p>\n\n\n\n<blockquote class=\"wp-block-quote is-layout-flow wp-block-quote-is-layout-flow\">\n<p>Buenas desde el campamento:<br><br>Como todos sab\u00e9is hoy ha sido un gran d\u00eda para LOES: La descarga del cami\u00f3n.<br><br>El d\u00eda comenz\u00f3 con la primera garrapata de campamento encontrada sobre el siempre afortunado Edu Parrilla. Gracias a las siempre buenas artes de nuestra enfermera Blanca, todo se quedo en una an\u00e9cdota.<br><br>Como al tr\u00e1iler le costaba llegar, lo primero que hicimos por la ma\u00f1ana fue guiar a la retroexcavadora a agujerear el pozo de comedor, pero antes de que pudiera hacer ning\u00fan otro se tuvo que marchar, porque comenz\u00f3 a perder aceite. Ya volver\u00e1.<br><br>Y cuando ya por fin llego el cami\u00f3n a las 12:30, llego con \u00e9l una refrescante y abundante lluvia, sobre todo abundante, que nos ense\u00f1\u00f3 lo que es el barro.<br><br>No podemos escribir este mail y recordar la descarga del cami\u00f3n sin hacer menci\u00f3n a Lolo (camionero), Bautista (el de campa) y Rub\u00e9n (tractorista), que nos echaron una ayuda muy necesaria.<br><br>Casi a las 8 terminamos y nos comimos un merecido y gigantesco bocata made in Mery.<br><br>Por otro lado ya hemos comenzado comedor y hemos tirado nuestra primera manguera de agua.<br><br>Hoy la comisi\u00f3n os propone un nuevo juego: os enviamos una foto con tres barriguitas de sendos miembros de LOES. El reto es averiguar cual es de cada uno.<br><br>Tambi\u00e9n os queremos hacer eco de que el Ni\u00f1o rata ha encontrado su madriguera. Ver en las fotos.<br><br>Con esto nos despedimos y ma\u00f1ana sabr\u00e9is mas. \u00bfConseguir\u00e1 el Ni\u00f1o rata salir de su madriguera? \u00bfConseguir\u00e1 LOES vencer al malvado Dr. Fango?<br><br>Un saludo de mano izquierda.<br>S.L.P.S.<\/p>\n<\/blockquote>\n\n\n\n<h3 class=\"wp-block-heading\">D\u00eda 13<\/h3>\n\n\n\n<p>Buenas!<\/p>\n\n\n\n<p>Hoy hemos tenido suerte y pr\u00e1cticamente no ha llovido. EL Dr. Fango no ha sido totalmente neutralizado, pero la situaci\u00f3n esta controlada. Ma\u00f1ana haremos uso de Action Serr\u00edn.<\/p>\n\n\n\n<p>Gracias a que el tiempo no ha sido malo, hemos podido completar la estructura de comedor y colocar mas de la mitad de los toldos. Creo que nos hemos dejado algo dentro.<\/p>\n\n\n\n<p>Por lo dem\u00e1s todo bien. El campa esta tomando forma. Esperamos que os guste. Echamos de menos alg\u00fan mail de Ana Pinilla, de hecho, cualquier correo ser\u00e1 bien recibida.<\/p>\n\n\n\n<p>Un saludo de mano izquierda.<br>SLPS<\/p>\n\n\n\n<h3 class=\"wp-block-heading\">D\u00eda 16<\/h3>\n\n\n\n<p>Las unidades siguieron construyendo sus parcelas, de las instalaciones de campamento, se terminaron las letrinas y fregaderos y las duchas est\u00e1n listas a falta de conseguir m\u00e1s presi\u00f3n de agua tirando una manguera m\u00e1s hacia otra toma.<\/p>\n\n\n\n<p><strong>&#8211; Men\u00fas del d\u00eda:<\/strong><\/p>\n\n\n\n<blockquote class=\"wp-block-quote is-layout-flow wp-block-quote-is-layout-flow\">\n<p>&#8211; COMIDA:\u00a0 Lentejas guisadas con chorizo, filetes de lomo adobados y manzanas.<br>&#8211; CENA:\u00a0 Crema de calabaza y\/o pur\u00e9 magn\u00edfico de lentejas, barritas de pescado, leche y galletas.<\/p>\n<\/blockquote>\n\n\n\n<h3 class=\"wp-block-heading\">D\u00eda 17<\/h3>\n\n\n\n<p><strong>Men\u00fas del d\u00eda:<\/strong><\/p>\n\n\n\n<blockquote class=\"wp-block-quote is-layout-flow wp-block-quote-is-layout-flow\">\n<p>&#8211; DESAYUNO:\u00a0 Huevos revueltos con salchichas de carne, leche y galletas.<br>&#8211; COMIDA:\u00a0 Carne guisada con arroz blanco y fruta.<br>&#8211; CENA:\u00a0 Leche con pan y\/o galletas.<\/p>\n<\/blockquote>\n\n\n\n<h3 class=\"wp-block-heading\">D\u00eda 19<\/h3>\n\n\n\n<p><strong>Men\u00fas del d\u00eda:<\/strong><\/p>\n\n\n\n<blockquote class=\"wp-block-quote is-layout-flow wp-block-quote-is-layout-flow\">\n<p>&#8211; COMIDA:\u00a0 Cocido monta\u00f1\u00e9s<br>&#8211; CENA:\u00a0 Sopa de cocido con fideos, jam\u00f3n y huevo, y carne estofada con patatas.<\/p>\n<\/blockquote>\n\n\n\n<h3 class=\"wp-block-heading\">D\u00eda 22<\/h3>\n\n\n\n<figure class=\"wp-block-table\"><table><tbody><tr><td>D\u00eda de descanso de los jefes de Castores. La Caba\u00f1a se ha hecho cargo de las actividades de los Castores, realizando un taller sobre deportes y las Olimpiadas, despu\u00e9s unos juegos con globos de agua y m\u00e1s tarde se han ido al r\u00edo a darse un ba\u00f1o. Al volver de han duchado y en la comida se han puesto las botas con el gazpacho y las alb\u00f3ndigas caseras con patatas.<\/td><\/tr><\/tbody><\/table><\/figure>\n\n\n\n<p><strong>&#8211; Men\u00fas del d\u00eda:<\/strong><\/p>\n\n\n\n<blockquote class=\"wp-block-quote is-layout-flow wp-block-quote-is-layout-flow\">\n<p>&#8211; COMIDA:\u00a0\u00a0 Gazpacho, alb\u00f3ndigas con patatas y fruta.<br>&#8211; CENA:\u00a0\u00a0\u00a0 Pur\u00e9 de verduras y croquetas. Leche y galletas.<\/p>\n<\/blockquote>\n\n\n\n<h3 class=\"wp-block-heading\">D\u00eda 23<\/h3>\n\n\n\n<p>Hoy han vuelto a salir los Castores en su segunda acampada, y en el campamento ha vuelto a quedarse sola la Caba\u00f1a, pero s\u00f3lo han sido unas pocas horas, ya que por la tarde han regresado las Manadas de Lobatos y las Tropas Scouts. Todos han llegado fenomenal y muy contentos, tan s\u00f3lo algunos tobillos tocados y algunas heridas de poca importancia.<br><br><br><strong>&#8211; Men\u00fas del d\u00eda:<\/strong><\/p>\n\n\n\n<blockquote class=\"wp-block-quote is-layout-flow wp-block-quote-is-layout-flow\">\n<p>&#8211; COMIDA:\u00a0\u00a0 Paella y gazpacho.<br>&#8211; CENA:\u00a0\u00a0\u00a0\u00a0\u00a0\u00a0 Ensalada de pasta y empanadillas<\/p>\n<\/blockquote>\n\n\n\n<h3 class=\"wp-block-heading\">D\u00eda 24<\/h3>\n\n\n\n<p>Ayer regresaron de su \u00abRaiz\u00bb los Castores y tambi\u00e9n las Tropas Scouts Pumas y Chacales (que realizaron otro rescate de una ni\u00f1a que tuvo un accidente en la carretera).<br>&nbsp;&nbsp;&nbsp; Los Scouters de Lobatos tuvieron su d\u00eda de descanso (apenas unas horas), y por la tarde continuaron sus Consejos de Roca que empezaron durante el raid.<\/p>\n\n\n\n<p><strong>&#8211; Men\u00fas del d\u00eda:<\/strong><\/p>\n\n\n\n<blockquote class=\"wp-block-quote is-layout-flow wp-block-quote-is-layout-flow\">\n<p>&#8211; COMIDA:\u00a0 Pollo con tomate y arroz blanco.<br>&#8211; CENA:\u00a0\u00a0 Sopa de picadillo (fideos, jam\u00f3n, huevo y pollo) y sanjacobos.<\/p>\n<\/blockquote>\n\n\n\n<h3 class=\"wp-block-heading\">D\u00eda 25<\/h3>\n\n\n\n<p>D\u00eda de descanso para los Scouters de Tropa, mientras l@s troper@s&nbsp;realizaron su d\u00eda de patrullas, siendo sorprendidos por la Caba\u00f1a que les recogi\u00f3 para comer en las pozas del r\u00edo cercanas al campamento.<\/p>\n\n\n\n<p><strong>&#8211; Men\u00fas del d\u00eda:<\/strong><\/p>\n\n\n\n<blockquote class=\"wp-block-quote is-layout-flow wp-block-quote-is-layout-flow\">\n<p>&#8211; COMIDA:\u00a0\u00a0\u00a0 Ensalada y macarrones a la bolo\u00f1esa (con muuuucha carne y chorizo).<br>&#8211; CENA:\u00a0\u00a0\u00a0 Jud\u00edas blancas en ensalada y barritas de pescado.<\/p>\n<\/blockquote>\n\n\n\n<h3 class=\"wp-block-heading\">D\u00eda 26<\/h3>\n\n\n\n<p><strong>\u00ab<u>D\u00cdA DE LOS PADRES<\/u>\u00bb Y FESTIVAL DE LA CANCI\u00d3N<\/strong><\/p>\n\n\n\n<p><strong>&#8211; Men\u00fas del d\u00eda:<\/strong><\/p>\n\n\n\n<blockquote class=\"wp-block-quote is-layout-flow wp-block-quote-is-layout-flow\">\n<p>&#8211; COMIDA:\u00a0 Ensalada campera, pollo a la cerveza, sand\u00eda y caf\u00e9.<br>&#8211; CENA:\u00a0\u00a0\u00a0\u00a0\u00a0\u00a0 Arroz tres delicias con pollo, leche y galletas.<\/p>\n<\/blockquote>\n\n\n\n<h3 class=\"wp-block-heading\">D\u00eda 27<\/h3>\n\n\n\n<p><strong>Men\u00fas del d\u00eda:<\/strong><\/p>\n\n\n\n<blockquote class=\"wp-block-quote is-layout-flow wp-block-quote-is-layout-flow\">\n<p>&#8211; COMIDA:\u00a0\u00a0\u00a0 Garbanzos estofados con chorizo y lomo de cerdo.<br>&#8211; CENA:\u00a0\u00a0\u00a0\u00a0\u00a0\u00a0\u00a0 \u00a0Pur\u00e9 de patata casero, y huevos fritos con longaniza.\u00a0<\/p>\n<\/blockquote>\n\n\n\n<h3 class=\"wp-block-heading\">D\u00eda 28<\/h3>\n\n\n\n<p>Se terminaron los Consejos de unidades. Por la tarde se realizaron algunas ceremonias de varias unidades.<br>&nbsp;&nbsp;&nbsp;&nbsp;&nbsp;&nbsp;&nbsp; Por la noche, el gran FUEGO DE CAMPAMENTO<\/p>\n\n\n\n<p><strong>&#8211; Men\u00fas del d\u00eda:<\/strong><\/p>\n\n\n\n<blockquote class=\"wp-block-quote is-layout-flow wp-block-quote-is-layout-flow\">\n<p>&#8211; COMIDA:\u00a0 Gazpacho y marmitako de bonito<br>&#8211; CENA:\u00a0\u00a0\u00a0\u00a0\u00a0 Ensalada de pasta y empanadillas.<\/p>\n<\/blockquote>\n\n\n\n<p><\/p>\n","protected":false},"excerpt":{"rendered":"<p>\u00c1lbum de fotos de Puentenansa 2008 Canci\u00f3n ganadora del Festival de la Canci\u00f3n 2008 en YouTube D\u00eda 11 Por la ma\u00f1ana sali\u00f3 la expedici\u00f3n de montaje de campamento,que lleg\u00f3 al lugar despu\u00e9s de un viaje de 5 horas en la furgoneta,y por la tarde se carg\u00f3 el cami\u00f3n, acabando la [&hellip;]<\/p>\n","protected":false},"author":2,"featured_media":0,"parent":0,"menu_order":0,"comment_status":"closed","ping_status":"closed","template":"","meta":{"footnotes":""},"class_list":["post-1005","page","type-page","status-publish","hentry"],"jetpack_sharing_enabled":true,"_links":{"self":[{"href":"https:\/\/www.scouts284.org\/index.php\/wp-json\/wp\/v2\/pages\/1005","targetHints":{"allow":["GET"]}}],"collection":[{"href":"https:\/\/www.scouts284.org\/index.php\/wp-json\/wp\/v2\/pages"}],"about":[{"href":"https:\/\/www.scouts284.org\/index.php\/wp-json\/wp\/v2\/types\/page"}],"author":[{"embeddable":true,"href":"https:\/\/www.scouts284.org\/index.php\/wp-json\/wp\/v2\/users\/2"}],"replies":[{"embeddable":true,"href":"https:\/\/www.scouts284.org\/index.php\/wp-json\/wp\/v2\/comments?post=1005"}],"version-history":[{"count":5,"href":"https:\/\/www.scouts284.org\/index.php\/wp-json\/wp\/v2\/pages\/1005\/revisions"}],"predecessor-version":[{"id":3458,"href":"https:\/\/www.scouts284.org\/index.php\/wp-json\/wp\/v2\/pages\/1005\/revisions\/3458"}],"wp:attachment":[{"href":"https:\/\/www.scouts284.org\/index.php\/wp-json\/wp\/v2\/media?parent=1005"}],"curies":[{"name":"wp","href":"https:\/\/api.w.org\/{rel}","templated":true}]}}